{"id":38932,"date":"2026-01-09T16:15:27","date_gmt":"2026-01-09T16:15:27","guid":{"rendered":"https:\/\/chilimag.hu\/webshop\/?post_type=product&#038;p=38932"},"modified":"2026-02-12T00:04:40","modified_gmt":"2026-02-12T00:04:40","slug":"paradicsom-golden-heart-opal-bg","status":"publish","type":"product","link":"https:\/\/chilimag.hu\/webshop\/termek\/paradicsom-golden-heart-opal-bg\/","title":{"rendered":"Paradicsom Golden Heart Opal Bg"},"content":{"rendered":"","protected":false},"excerpt":{"rendered":"<p><img decoding=\"async\" src=\"https:\/\/opal-bg.com\/_next\/image?url=%2F_next%2Fstatic%2Fimage%2Fpublic%2Fimages%2Fhome%2Fnobg1.40d357a89f8aca58449177aa96e69e77.png&amp;w=256&amp;q=75\" srcset=\"https:\/\/opal-bg.com\/_next\/image?url=%2F_next%2Fstatic%2Fimage%2Fpublic%2Fimages%2Fhome%2Fnobg1.40d357a89f8aca58449177aa96e69e77.png&amp;w=96&amp;q=75 1x, https:\/\/opal-bg.com\/_next\/image?url=%2F_next%2Fstatic%2Fimage%2Fpublic%2Fimages%2Fhome%2Fnobg1.40d357a89f8aca58449177aa96e69e77.png&amp;w=256&amp;q=75 2x\" data-nimg=\"intrinsic\" \/><\/p>\n<p>Le\u00edr\u00e1s<\/p>\n<p><span class=\"T286Pc\" data-sfc-cp=\"\" data-processed=\"true\"><strong class=\"Yjhzub\" data-processed=\"true\">T\u00edpus:<\/strong> \u00c1ltal\u00e1ban k\u00f6z\u00e9pkorai \u00e9r\u00e9s\u0171, folytonos (indetermin\u00e1lt) vagy determin\u00e1lt t\u00f6rpe (fa t\u00edpus\u00fa) n\u00f6veked\u00e9s\u0171 fajt\u00e1t\u00f3l f\u00fcgg\u0151en.<\/span><\/p>\n<p><span class=\"T286Pc\" data-sfc-cp=\"\" data-processed=\"true\"><strong class=\"Yjhzub\" data-processed=\"true\">Term\u00e9s:<\/strong> Jellegzetes sz\u00edv vagy \u00f6k\u00f6rsz\u00edv alak\u00fa, aranys\u00e1rga vagy narancss\u00e1rga sz\u00edn\u0171 gy\u00fcm\u00f6lcs\u00f6k.<\/span><\/p>\n<p><span class=\"T286Pc\" data-sfc-cp=\"\" data-processed=\"true\"><strong class=\"Yjhzub\" data-processed=\"true\">S\u00faly:<\/strong> A gy\u00fcm\u00f6lcs\u00f6k m\u00e9rete v\u00e1ltoz\u00f3 lehet, a &#8222;Dwarf Golden Heart&#8221; eset\u00e9ben 120-300 gramm, m\u00edg m\u00e1s Opal fajt\u00e1kn\u00e1l 160-200 gramm k\u00f6r\u00fcli.<\/span><\/p>\n<p><span class=\"T286Pc\" data-sfc-cp=\"\" data-processed=\"true\"><strong class=\"Yjhzub\" data-processed=\"true\">\u00cdz:<\/strong> H\u00fasa telt, l\u00e9d\u00fas, \u00e9des \u00edz\u0171, j\u00f3l kiegyens\u00falyozott, \u00e9s hipoallerg\u00e9n tulajdons\u00e1gokkal is rendelkezik a magas karotintartalom miatt.<\/span><\/p>\n<p><span class=\"T286Pc\" data-sfc-cp=\"\" data-processed=\"true\"><strong class=\"Yjhzub\" data-processed=\"true\">Felhaszn\u00e1l\u00e1s:<\/strong> Ide\u00e1lis friss fogyaszt\u00e1sra, sal\u00e1t\u00e1kba, valamint di\u00e9t\u00e1s \u00e9trendbe.<\/span><\/p>\n<p><span class=\"T286Pc\" data-sfc-cp=\"\" data-processed=\"true\"><strong class=\"Yjhzub\" data-processed=\"true\">Termeszt\u00e9s:<\/strong> Alkalmas szabadf\u00f6ldi \u00e9s f\u00f3li\u00e1s\/\u00fcvegh\u00e1zi termeszt\u00e9sre egyar\u00e1nt.<\/span><span class=\"uJ19be notranslate\" data-wiz-uids=\"nBdn0d_16,nBdn0d_17\" data-processed=\"true\"><span class=\"vKEkVd\" data-animation-atomic=\"\" data-wiz-attrbind=\"class=nBdn0d_15\/TKHnVd\" data-processed=\"true\">\u00a0<\/span><\/span><\/p>\n<p>A csomag 0.2 gr magot tartalmaz<\/p>\n<p>&nbsp;<\/p>\n","protected":false},"featured_media":39046,"comment_status":"closed","ping_status":"closed","template":"","meta":[],"product_brand":[],"product_cat":[459],"product_tag":[],"class_list":{"0":"post-38932","1":"product","2":"type-product","3":"status-publish","4":"has-post-thumbnail","6":"product_cat-paradicsom-vetomagok-bolgar-opal-vetomagok","8":"first","9":"instock","10":"taxable","11":"shipping-taxable","12":"purchasable","13":"product-type-simple"},"_links":{"self":[{"href":"https:\/\/chilimag.hu\/webshop\/wp-json\/wp\/v2\/product\/38932","targetHints":{"allow":["GET"]}}],"collection":[{"href":"https:\/\/chilimag.hu\/webshop\/wp-json\/wp\/v2\/product"}],"about":[{"href":"https:\/\/chilimag.hu\/webshop\/wp-json\/wp\/v2\/types\/product"}],"replies":[{"embeddable":true,"href":"https:\/\/chilimag.hu\/webshop\/wp-json\/wp\/v2\/comments?post=38932"}],"wp:featuredmedia":[{"embeddable":true,"href":"https:\/\/chilimag.hu\/webshop\/wp-json\/wp\/v2\/media\/39046"}],"wp:attachment":[{"href":"https:\/\/chilimag.hu\/webshop\/wp-json\/wp\/v2\/media?parent=38932"}],"wp:term":[{"taxonomy":"product_brand","embeddable":true,"href":"https:\/\/chilimag.hu\/webshop\/wp-json\/wp\/v2\/product_brand?post=38932"},{"taxonomy":"product_cat","embeddable":true,"href":"https:\/\/chilimag.hu\/webshop\/wp-json\/wp\/v2\/product_cat?post=38932"},{"taxonomy":"product_tag","embeddable":true,"href":"https:\/\/chilimag.hu\/webshop\/wp-json\/wp\/v2\/product_tag?post=38932"}],"curies":[{"name":"wp","href":"https:\/\/api.w.org\/{rel}","templated":true}]}}