{"id":38922,"date":"2026-01-09T14:12:01","date_gmt":"2026-01-09T14:12:01","guid":{"rendered":"https:\/\/chilimag.hu\/webshop\/?post_type=product&#038;p=38922"},"modified":"2026-01-31T20:42:46","modified_gmt":"2026-01-31T20:42:46","slug":"zoldborso-garai-korai-attelelo-200-gr-zki","status":"publish","type":"product","link":"https:\/\/chilimag.hu\/webshop\/termek\/zoldborso-garai-korai-attelelo-200-gr-zki\/","title":{"rendered":"Z\u00f6ldbors\u00f3 Garai korai \u00e1ttelel\u0151 200 Gr ZKI"},"content":{"rendered":"","protected":false},"excerpt":{"rendered":"<p><img decoding=\"async\" class=\"sFlh5c FyHeAf iPVvYb\" src=\"https:\/\/www.inputcsoport.hu\/images\/termekek\/thumb-ZKI-Tasakos-vm-ZKI-1-arkat-99501688554314502576.webp\" alt=\"ZKI Tasakos vm. ZKI 3. \u00e1rkat.\" width=\"150\" height=\"112\" \/><\/p>\n<p>Le\u00edr\u00e1s<\/p>\n<p>A Rajnai t\u00f6rpe fajt\u00e1t \u00e9r\u00e9sid\u0151ben 4-5 nappal megel\u0151z\u0151, igen korai fajta.<\/p>\n<p>A n\u00f6v\u00e9ny magass\u00e1ga 50-60 cm. H\u00fcvelye egyenes, tompa v\u00e9g\u0171, 6-7 szem mag fejl\u0151dik benne.<\/p>\n<p>Folyamatos szed\u00e9s \u00e9rdek\u00e9ben javasolt a szakaszos vet\u00e9s. Kifejt\u0151bors\u00f3 vet\u0151mag, korai fajta.<\/p>\n<p>&nbsp;<\/p>\n<p>&nbsp;<\/p>\n<p>&nbsp;<\/p>\n","protected":false},"featured_media":38923,"comment_status":"closed","ping_status":"closed","template":"","meta":[],"product_brand":[],"product_cat":[297],"product_tag":[],"class_list":{"0":"post-38922","1":"product","2":"type-product","3":"status-publish","4":"has-post-thumbnail","6":"product_cat-zki-borso-es-bab-vetomagok","8":"first","9":"instock","10":"taxable","11":"shipping-taxable","12":"purchasable","13":"product-type-simple"},"_links":{"self":[{"href":"https:\/\/chilimag.hu\/webshop\/wp-json\/wp\/v2\/product\/38922","targetHints":{"allow":["GET"]}}],"collection":[{"href":"https:\/\/chilimag.hu\/webshop\/wp-json\/wp\/v2\/product"}],"about":[{"href":"https:\/\/chilimag.hu\/webshop\/wp-json\/wp\/v2\/types\/product"}],"replies":[{"embeddable":true,"href":"https:\/\/chilimag.hu\/webshop\/wp-json\/wp\/v2\/comments?post=38922"}],"wp:featuredmedia":[{"embeddable":true,"href":"https:\/\/chilimag.hu\/webshop\/wp-json\/wp\/v2\/media\/38923"}],"wp:attachment":[{"href":"https:\/\/chilimag.hu\/webshop\/wp-json\/wp\/v2\/media?parent=38922"}],"wp:term":[{"taxonomy":"product_brand","embeddable":true,"href":"https:\/\/chilimag.hu\/webshop\/wp-json\/wp\/v2\/product_brand?post=38922"},{"taxonomy":"product_cat","embeddable":true,"href":"https:\/\/chilimag.hu\/webshop\/wp-json\/wp\/v2\/product_cat?post=38922"},{"taxonomy":"product_tag","embeddable":true,"href":"https:\/\/chilimag.hu\/webshop\/wp-json\/wp\/v2\/product_tag?post=38922"}],"curies":[{"name":"wp","href":"https:\/\/api.w.org\/{rel}","templated":true}]}}