{"id":38903,"date":"2026-01-09T08:41:59","date_gmt":"2026-01-09T08:41:59","guid":{"rendered":"https:\/\/chilimag.hu\/webshop\/?post_type=product&#038;p=38903"},"modified":"2026-03-14T17:39:23","modified_gmt":"2026-03-14T17:39:23","slug":"petrezselyemgyoker-berlini-felhosszu-royal-1","status":"publish","type":"product","link":"https:\/\/chilimag.hu\/webshop\/termek\/petrezselyemgyoker-berlini-felhosszu-royal-1\/","title":{"rendered":"Petrezselyemgy\u00f6k\u00e9r Berlini f\u00e9lhossz\u00fa Royal 1"},"content":{"rendered":"","protected":false},"excerpt":{"rendered":"<p><img decoding=\"async\" class=\"sFlh5c FyHeAf iPVvYb\" src=\"https:\/\/kertirt.hu\/wp-content\/uploads\/2024\/01\/royal-sluis.jpg\" alt=\"Royal Sluis vet\u0151mag: Min\u0151s\u00e9g \u00e9s megb\u00edzhat\u00f3s\u00e1g a magyar vetem\u00e9nyesekben -  Kertirt\" width=\"151\" height=\"79\" \/><\/p>\n<p>Le\u00edr\u00e1s<\/p>\n<p>B\u0151ven term\u0151, f\u00e9lhossz\u00fa, egyenes v\u00e1ll\u00fa fajta.<br \/>\nK\u00f6z\u00e9phossz\u00fa teny\u00e9szidej\u0171, j\u00f3l t\u00e1rolhat\u00f3.<br \/>\n(kb. 2500-2800 szemet tart)<\/p>\n<p>&nbsp;<\/p>\n","protected":false},"featured_media":38904,"comment_status":"closed","ping_status":"closed","template":"","meta":[],"product_brand":[],"product_cat":[257],"product_tag":[],"class_list":{"0":"post-38903","1":"product","2":"type-product","3":"status-publish","4":"has-post-thumbnail","6":"product_cat-gyokerzoldsegek","8":"first","9":"instock","10":"taxable","11":"shipping-taxable","12":"purchasable","13":"product-type-simple"},"_links":{"self":[{"href":"https:\/\/chilimag.hu\/webshop\/wp-json\/wp\/v2\/product\/38903","targetHints":{"allow":["GET"]}}],"collection":[{"href":"https:\/\/chilimag.hu\/webshop\/wp-json\/wp\/v2\/product"}],"about":[{"href":"https:\/\/chilimag.hu\/webshop\/wp-json\/wp\/v2\/types\/product"}],"replies":[{"embeddable":true,"href":"https:\/\/chilimag.hu\/webshop\/wp-json\/wp\/v2\/comments?post=38903"}],"wp:featuredmedia":[{"embeddable":true,"href":"https:\/\/chilimag.hu\/webshop\/wp-json\/wp\/v2\/media\/38904"}],"wp:attachment":[{"href":"https:\/\/chilimag.hu\/webshop\/wp-json\/wp\/v2\/media?parent=38903"}],"wp:term":[{"taxonomy":"product_brand","embeddable":true,"href":"https:\/\/chilimag.hu\/webshop\/wp-json\/wp\/v2\/product_brand?post=38903"},{"taxonomy":"product_cat","embeddable":true,"href":"https:\/\/chilimag.hu\/webshop\/wp-json\/wp\/v2\/product_cat?post=38903"},{"taxonomy":"product_tag","embeddable":true,"href":"https:\/\/chilimag.hu\/webshop\/wp-json\/wp\/v2\/product_tag?post=38903"}],"curies":[{"name":"wp","href":"https:\/\/api.w.org\/{rel}","templated":true}]}}