{"id":38900,"date":"2026-01-09T08:36:30","date_gmt":"2026-01-09T08:36:30","guid":{"rendered":"https:\/\/chilimag.hu\/webshop\/?post_type=product&#038;p=38900"},"modified":"2026-03-14T17:38:45","modified_gmt":"2026-03-14T17:38:45","slug":"paradicsom-spencer-royal-3","status":"publish","type":"product","link":"https:\/\/chilimag.hu\/webshop\/termek\/paradicsom-spencer-royal-3\/","title":{"rendered":"Paradicsom Spencer Royal 3"},"content":{"rendered":"","protected":false},"excerpt":{"rendered":"<p><img decoding=\"async\" class=\"sFlh5c FyHeAf iPVvYb\" src=\"https:\/\/kertirt.hu\/wp-content\/uploads\/2024\/01\/royal-sluis.jpg\" alt=\"Royal Sluis vet\u0151mag: Min\u0151s\u00e9g \u00e9s megb\u00edzhat\u00f3s\u00e1g a magyar vetem\u00e9nyesekben -  Kertirt\" width=\"151\" height=\"79\" \/><\/p>\n<p>Le\u00edr\u00e1s<\/p>\n<p>Folytonn\u00f6v\u0151 kokt\u00e9lparadicsom hajtat\u00e1sra<br \/>\n\u00e9s szabadf\u00f6ldi termeszt\u00e9sre. Kiv\u00e1l\u00f3 \u00edz\u0171, nem<br \/>\nsavas, j\u00f3l t\u00e1rolhat\u00f3. Bogy\u00f3ja 25-35 g. (kb.<br \/>\n200-250 szemet tart.)<\/p>\n<p>&nbsp;<\/p>\n","protected":false},"featured_media":38901,"comment_status":"closed","ping_status":"closed","template":"","meta":[],"product_brand":[],"product_cat":[258],"product_tag":[],"class_list":{"0":"post-38900","1":"product","2":"type-product","3":"status-publish","4":"has-post-thumbnail","6":"product_cat-paradicsom-royal-sluis","8":"first","9":"instock","10":"taxable","11":"shipping-taxable","12":"purchasable","13":"product-type-simple"},"_links":{"self":[{"href":"https:\/\/chilimag.hu\/webshop\/wp-json\/wp\/v2\/product\/38900","targetHints":{"allow":["GET"]}}],"collection":[{"href":"https:\/\/chilimag.hu\/webshop\/wp-json\/wp\/v2\/product"}],"about":[{"href":"https:\/\/chilimag.hu\/webshop\/wp-json\/wp\/v2\/types\/product"}],"replies":[{"embeddable":true,"href":"https:\/\/chilimag.hu\/webshop\/wp-json\/wp\/v2\/comments?post=38900"}],"wp:featuredmedia":[{"embeddable":true,"href":"https:\/\/chilimag.hu\/webshop\/wp-json\/wp\/v2\/media\/38901"}],"wp:attachment":[{"href":"https:\/\/chilimag.hu\/webshop\/wp-json\/wp\/v2\/media?parent=38900"}],"wp:term":[{"taxonomy":"product_brand","embeddable":true,"href":"https:\/\/chilimag.hu\/webshop\/wp-json\/wp\/v2\/product_brand?post=38900"},{"taxonomy":"product_cat","embeddable":true,"href":"https:\/\/chilimag.hu\/webshop\/wp-json\/wp\/v2\/product_cat?post=38900"},{"taxonomy":"product_tag","embeddable":true,"href":"https:\/\/chilimag.hu\/webshop\/wp-json\/wp\/v2\/product_tag?post=38900"}],"curies":[{"name":"wp","href":"https:\/\/api.w.org\/{rel}","templated":true}]}}