{"id":38888,"date":"2026-01-08T15:28:07","date_gmt":"2026-01-08T15:28:07","guid":{"rendered":"https:\/\/chilimag.hu\/webshop\/?post_type=product&#038;p=38888"},"modified":"2026-01-08T15:28:07","modified_gmt":"2026-01-08T15:28:07","slug":"carolina-snake-b","status":"publish","type":"product","link":"https:\/\/chilimag.hu\/webshop\/termek\/carolina-snake-b\/","title":{"rendered":"Carolina Snake B"},"content":{"rendered":"","protected":false},"excerpt":{"rendered":"<p>Le\u00edr\u00e1s<\/p>\n<p>A n\u00f6v\u00e9ny bokros n\u00f6veked\u00e9si form\u00e1val rendelkezik, \u00e9s ak\u00e1r 90 cm magasra is megn\u0151. A gy\u00fcm\u00f6lcs\u00f6k z\u00f6ldr\u0151l narancss\u00e1rg\u00e1ra, majd pirosra \u00e9rnek, nagyon kiemelked\u0151 hegyes t\u00fcsk\u00e9t \u00e9s egyenetlen fel\u00fcletet fejlesztenek ki. Arom\u00e1s gy\u00fcm\u00f6lcs\u00f6s-\u00e9des \u00edz\u00fck csokol\u00e1d\u00e9-cseresznye, csipetnyi citrus jegyekkel \u00e9s term\u00e9szetesen rendk\u00edv\u00fcl cs\u00edp\u0151s. Szinte t\u00fal forr\u00f3ak ahhoz, hogy \u00f6nmagukban is fogyassz\u00e1k, de sz\u00e1r\u00edthat\u00f3, p\u00e1colhat\u00f3, fagyaszthat\u00f3, vagy chili sz\u00f3sz k\u00e9sz\u00edt\u00e9s\u00e9re haszn\u00e1lhat\u00f3.<\/p>\n<p>Gondoz\u00e1sa: A cs\u00edr\u00e1z\u00e1si h\u0151m\u00e9rs\u00e9klet 24\u00b0C \u00e9s 30\u00b0C k\u00f6z\u00f6tt van (cs\u00edr\u00e1z\u00e1si id\u0151: 10-20 nap); ez\u00e9rt \u00fcvegh\u00e1z \u00e9s f\u0171t\u0151sz\u0151nyeg haszn\u00e1lata javasolt. A n\u00f6v\u00e9nyeknek friss, j\u00f3l tr\u00e1gy\u00e1zott, v\u00edz\u00e1tereszt\u0151 talajra van sz\u00fcks\u00e9g\u00fck, nem t\u0171rik a bevizesed\u00e9st. Napos, v\u00e9dett helyre \u00fcltess\u00fck, ahol legal\u00e1bb 6 \u00f3ra \u2013 lehet\u0151leg t\u00f6bb \u2013 napf\u00e9ny \u00e9ri. Mivel a n\u00f6v\u00e9nyeknek k\u00fcl\u00f6n\u00f6sen hossz\u00fa az \u00e9r\u00e9si ideje, \u00e9rdemes cser\u00e9pben termeszteni \u0151ket, \u00edgy a napk\u00f6zbeni h\u0151m\u00e9rs\u00e9klet 12\u00b0C al\u00e1 s\u00fcllyed\u00e9sekor k\u00f6nnyen be lehet vinni a n\u00f6v\u00e9nyt, \u00edgy minden gy\u00fcm\u00f6lcs be\u00e9rik. Ahhoz, hogy a n\u00f6v\u00e9nyt t\u00e9len is meg\u0151rizze, betakar\u00edt\u00e1s ut\u00e1n v\u00e1gja vissza 20 cm-rel, \u00e9s tegye vil\u00e1gos helyre, ahol legal\u00e1bb 15\u00b0C h\u0151m\u00e9rs\u00e9klet\u0171.<\/p>\n<p>T\u00edpus: Capsicum chinense<br \/>\nF\u0171szerszint 10+++<br \/>\nScoville \u00e1tlag 1 200 000 SHU, legfeljebb 2,0 milli\u00f3 SHU<br \/>\nOptim\u00e1lis cs\u00edr\u00e1z\u00e1si h\u0151m\u00e9rs\u00e9klet 24 \u2013 30 \u00b0C<br \/>\nVet\u00e9s dec \u2013 \u00e1pr<br \/>\nFeh\u00e9r vir\u00e1gok (j\u00fan.-auguszt.)<br \/>\nN\u00f6veked\u00e9si szok\u00e1sa Bokros, 75-90 cm magas<br \/>\n\u00c9rlel\u00e9s Z\u00f6ldt\u0151l narancson \u00e1t pirosig<br \/>\nGy\u00fcm\u00f6lcs megjelen\u00e9se Hosszuk\u00e1s alak\u00fa<br \/>\n\u00c9r\u00e9si id\u0151 kb. 120 nap<\/p>\n<p>A csomag 10 szem magot tartalmaz<\/p>\n","protected":false},"featured_media":38889,"comment_status":"closed","ping_status":"closed","template":"","meta":[],"product_brand":[],"product_cat":[8],"product_tag":[],"class_list":{"0":"post-38888","1":"product","2":"type-product","3":"status-publish","4":"has-post-thumbnail","6":"product_cat-paprika","8":"first","9":"instock","10":"taxable","11":"shipping-taxable","12":"purchasable","13":"product-type-simple"},"_links":{"self":[{"href":"https:\/\/chilimag.hu\/webshop\/wp-json\/wp\/v2\/product\/38888","targetHints":{"allow":["GET"]}}],"collection":[{"href":"https:\/\/chilimag.hu\/webshop\/wp-json\/wp\/v2\/product"}],"about":[{"href":"https:\/\/chilimag.hu\/webshop\/wp-json\/wp\/v2\/types\/product"}],"replies":[{"embeddable":true,"href":"https:\/\/chilimag.hu\/webshop\/wp-json\/wp\/v2\/comments?post=38888"}],"wp:featuredmedia":[{"embeddable":true,"href":"https:\/\/chilimag.hu\/webshop\/wp-json\/wp\/v2\/media\/38889"}],"wp:attachment":[{"href":"https:\/\/chilimag.hu\/webshop\/wp-json\/wp\/v2\/media?parent=38888"}],"wp:term":[{"taxonomy":"product_brand","embeddable":true,"href":"https:\/\/chilimag.hu\/webshop\/wp-json\/wp\/v2\/product_brand?post=38888"},{"taxonomy":"product_cat","embeddable":true,"href":"https:\/\/chilimag.hu\/webshop\/wp-json\/wp\/v2\/product_cat?post=38888"},{"taxonomy":"product_tag","embeddable":true,"href":"https:\/\/chilimag.hu\/webshop\/wp-json\/wp\/v2\/product_tag?post=38888"}],"curies":[{"name":"wp","href":"https:\/\/api.w.org\/{rel}","templated":true}]}}