{"id":38849,"date":"2026-01-06T19:22:09","date_gmt":"2026-01-06T19:22:09","guid":{"rendered":"https:\/\/chilimag.hu\/webshop\/?post_type=product&#038;p=38849"},"modified":"2026-05-03T02:44:15","modified_gmt":"2026-05-03T02:44:15","slug":"mexikoi-foldicseresznye-purple-b-s","status":"publish","type":"product","link":"https:\/\/chilimag.hu\/webshop\/termek\/mexikoi-foldicseresznye-purple-b-s\/","title":{"rendered":"Mexik\u00f3i f\u00f6ldicseresznye Purple B-S"},"content":{"rendered":"","protected":false},"excerpt":{"rendered":"<p>Term\u00e9kle\u00edr\u00e1s<\/p>\n<p>A tomatill\u00f3k ig\u00e9nytelen, k\u00f6nnyen termeszthet\u0151 n\u00f6v\u00e9nyek, amelyek szinte b\u00e1rmilyen talajban j\u00f3l \u00e9rzik magukat. Kiss\u00e9 \u00e9retlen\u00fcl sz\u00fcretelve friss \u00e9s \u00edzletes \u00edzt adnak a chutney-knak \u00e9s a sals\u00e1knak. Teljesen \u00e9retten a term\u00e9se \u00e9des.<\/p>\n<p>Physalis ixocarpa<\/p>\n<p>A sz\u00fcret j\u00falius v\u00e9g\u00e9n\/augusztus elej\u00e9n kezd\u0151dik.<\/p>\n<p>Ez a fajta k\u00f6r\u00fclbel\u00fcl 70 cm magasra n\u0151.<\/p>\n<p>Egy adag k\u00f6r\u00fclbel\u00fcl 40 n\u00f6v\u00e9nyhez elegend\u0151.<\/p>\n<p>Vess\u00fck febru\u00e1rt\u00f3l el\u0151nevel\u00e9ssel; a termeszt\u00e9s hasonl\u00f3 a paradicsomhoz, de a r\u00e9szleges \u00e1rny\u00e9kot kedvelik.<\/p>\n<p>&nbsp;<\/p>\n","protected":false},"featured_media":38850,"comment_status":"closed","ping_status":"closed","template":"","meta":[],"product_brand":[],"product_cat":[329],"product_tag":[],"class_list":{"0":"post-38849","1":"product","2":"type-product","3":"status-publish","4":"has-post-thumbnail","6":"product_cat-zoldseg-vetomagok-egyeb-es-kulonleges-vetomagok","8":"first","9":"instock","10":"taxable","11":"shipping-taxable","12":"purchasable","13":"product-type-simple"},"_links":{"self":[{"href":"https:\/\/chilimag.hu\/webshop\/wp-json\/wp\/v2\/product\/38849","targetHints":{"allow":["GET"]}}],"collection":[{"href":"https:\/\/chilimag.hu\/webshop\/wp-json\/wp\/v2\/product"}],"about":[{"href":"https:\/\/chilimag.hu\/webshop\/wp-json\/wp\/v2\/types\/product"}],"replies":[{"embeddable":true,"href":"https:\/\/chilimag.hu\/webshop\/wp-json\/wp\/v2\/comments?post=38849"}],"wp:featuredmedia":[{"embeddable":true,"href":"https:\/\/chilimag.hu\/webshop\/wp-json\/wp\/v2\/media\/38850"}],"wp:attachment":[{"href":"https:\/\/chilimag.hu\/webshop\/wp-json\/wp\/v2\/media?parent=38849"}],"wp:term":[{"taxonomy":"product_brand","embeddable":true,"href":"https:\/\/chilimag.hu\/webshop\/wp-json\/wp\/v2\/product_brand?post=38849"},{"taxonomy":"product_cat","embeddable":true,"href":"https:\/\/chilimag.hu\/webshop\/wp-json\/wp\/v2\/product_cat?post=38849"},{"taxonomy":"product_tag","embeddable":true,"href":"https:\/\/chilimag.hu\/webshop\/wp-json\/wp\/v2\/product_tag?post=38849"}],"curies":[{"name":"wp","href":"https:\/\/api.w.org\/{rel}","templated":true}]}}