{"id":38847,"date":"2026-01-06T19:16:51","date_gmt":"2026-01-06T19:16:51","guid":{"rendered":"https:\/\/chilimag.hu\/webshop\/?post_type=product&#038;p=38847"},"modified":"2026-04-15T07:25:51","modified_gmt":"2026-04-15T07:25:51","slug":"mexikoi-foldicseresznye-tomatillo-amarylla-b-s","status":"publish","type":"product","link":"https:\/\/chilimag.hu\/webshop\/termek\/mexikoi-foldicseresznye-tomatillo-amarylla-b-s\/","title":{"rendered":"Mexik\u00f3i f\u00f6ldicseresznye Tomatillo Amarylla B-S"},"content":{"rendered":"","protected":false},"excerpt":{"rendered":"<p>Term\u00e9kle\u00edr\u00e1s<\/p>\n<p>Nagy term\u00e9s\u0171 s\u00e1rga tomatillo<\/p>\n<p>Az Amarylla egy tomatillo fajta, meglehet\u0151sen nagy term\u00e9sekkel, ak\u00e1r 5 cm \u00e1tm\u00e9r\u0151j\u0171 \u00e9s 30-40 g s\u00faly\u00fa. A tomatillo ig\u00e9nytelen, k\u00f6nnyen termeszthet\u0151 n\u00f6v\u00e9nyek, amelyek szinte b\u00e1rmilyen talajban j\u00f3l \u00e9rzik magukat. Kiss\u00e9 \u00e9retlen\u00fcl sz\u00fcretelve friss \u00e9s \u00edzletes \u00edzt adnak a chutney-knak \u00e9s a sals\u00e1knak. Gy\u00fcm\u00f6lcsm\u00e9ret\u00e9vel az Amarylla el\u0151\u00e9telnek is alkalmas; mindenk\u00e9ppen \u00e9rdemes kipr\u00f3b\u00e1lni.<\/p>\n<p>Physalis ixocarpa<br \/>\nA szabadban t\u00f6rt\u00e9n\u0151 betakar\u00edt\u00e1s augusztus elej\u00e9n kezd\u0151dik, amint a t\u00e9nyleges term\u00e9sek kib\u00fajnak a pap\u00edrszer\u0171 h\u00e9jb\u00f3l.<\/p>\n<p>Egy adag k\u00f6r\u00fclbel\u00fcl 40 n\u00f6v\u00e9nyhez elegend\u0151.<br \/>\nA vet\u00e9s febru\u00e1r v\u00e9g\u00e9t\u0151l m\u00e1rcius v\u00e9g\u00e9ig t\u00f6rt\u00e9nik 20-25\u00b0C-on, belt\u00e9ren meleg kezd\u00e9ssel.<\/p>\n<p>A tomatillo n\u00f6v\u00e9nyek meglehet\u0151sen nagyra n\u0151hetnek. Egyetlen metsz\u00e9s er\u0151sebb n\u00f6v\u00e9nyeket eredm\u00e9nyez. Az \u00fcltet\u00e9si t\u00e1vols\u00e1g 75 x 75 cm legyen. \u00dcvegh\u00e1zban is termeszthet\u0151.<\/p>\n<p>&nbsp;<\/p>\n","protected":false},"featured_media":38848,"comment_status":"closed","ping_status":"closed","template":"","meta":[],"product_brand":[],"product_cat":[329],"product_tag":[],"class_list":{"0":"post-38847","1":"product","2":"type-product","3":"status-publish","4":"has-post-thumbnail","6":"product_cat-zoldseg-vetomagok-egyeb-es-kulonleges-vetomagok","8":"first","9":"instock","10":"taxable","11":"shipping-taxable","12":"purchasable","13":"product-type-simple"},"_links":{"self":[{"href":"https:\/\/chilimag.hu\/webshop\/wp-json\/wp\/v2\/product\/38847","targetHints":{"allow":["GET"]}}],"collection":[{"href":"https:\/\/chilimag.hu\/webshop\/wp-json\/wp\/v2\/product"}],"about":[{"href":"https:\/\/chilimag.hu\/webshop\/wp-json\/wp\/v2\/types\/product"}],"replies":[{"embeddable":true,"href":"https:\/\/chilimag.hu\/webshop\/wp-json\/wp\/v2\/comments?post=38847"}],"wp:featuredmedia":[{"embeddable":true,"href":"https:\/\/chilimag.hu\/webshop\/wp-json\/wp\/v2\/media\/38848"}],"wp:attachment":[{"href":"https:\/\/chilimag.hu\/webshop\/wp-json\/wp\/v2\/media?parent=38847"}],"wp:term":[{"taxonomy":"product_brand","embeddable":true,"href":"https:\/\/chilimag.hu\/webshop\/wp-json\/wp\/v2\/product_brand?post=38847"},{"taxonomy":"product_cat","embeddable":true,"href":"https:\/\/chilimag.hu\/webshop\/wp-json\/wp\/v2\/product_cat?post=38847"},{"taxonomy":"product_tag","embeddable":true,"href":"https:\/\/chilimag.hu\/webshop\/wp-json\/wp\/v2\/product_tag?post=38847"}],"curies":[{"name":"wp","href":"https:\/\/api.w.org\/{rel}","templated":true}]}}