{"id":38845,"date":"2026-01-06T19:06:48","date_gmt":"2026-01-06T19:06:48","guid":{"rendered":"https:\/\/chilimag.hu\/webshop\/?post_type=product&#038;p=38845"},"modified":"2026-03-09T09:48:09","modified_gmt":"2026-03-09T09:48:09","slug":"vad-rukola-dragons-fire-b-s","status":"publish","type":"product","link":"https:\/\/chilimag.hu\/webshop\/termek\/vad-rukola-dragons-fire-b-s\/","title":{"rendered":"Vad rukkola Dragons Fire B-S"},"content":{"rendered":"","protected":false},"excerpt":{"rendered":"<p>Term\u00e9kle\u00edr\u00e1s<\/p>\n<p>Egy csinos rukkolafajta f\u0171szeres jegyekkel<\/p>\n<p>A Dragons Fire vonz\u00f3, v\u00f6r\u00f6s erezet\u0171 levelei f\u0171szeres jegyeket adnak sal\u00e1t\u00e1knak, k\u00f6reteknek \u00e9s pest\u00f3nak. Er\u0151s, egyenletes n\u00f6veked\u00e9si habitus\u00fa, ellen\u00e1ll a kid\u00fclled\u00e9ssel szemben, \u00e9s folyamatosan vagy egym\u00e1st k\u00f6vet\u0151 vet\u00e9sekben is betakar\u00edthat\u00f3. Rendszeres betakar\u00edt\u00e1ssal el\u00e9ri a 15 cm-es magass\u00e1got; ha nem takar\u00edtj\u00e1k be, magasabbra n\u0151het. V\u00e9dett helyen t\u00e9l\u00e1ll\u00f3.<\/p>\n<p>Diplotaxis tenuifolia<br \/>\nK\u00f6zvetlen vet\u00e9s m\u00e1rciust\u00f3l szeptemberig, 20 cm sort\u00e1vols\u00e1gra, kb. 5 cm sort\u00e1vols\u00e1gra a soron bel\u00fcl<br \/>\nEgy adag kb. 250 n\u00f6v\u00e9nyhez elegend\u0151<br \/>\nV\u00e9dett termeszt\u00e9sre is alkalmas; egym\u00e1st k\u00f6vet\u0151 vet\u00e9s aj\u00e1nlott<\/p>\n<p>&nbsp;<\/p>\n","protected":false},"featured_media":38846,"comment_status":"closed","ping_status":"closed","template":"","meta":[],"product_brand":[],"product_cat":[329],"product_tag":[],"class_list":{"0":"post-38845","1":"product","2":"type-product","3":"status-publish","4":"has-post-thumbnail","6":"product_cat-zoldseg-vetomagok-egyeb-es-kulonleges-vetomagok","8":"first","9":"instock","10":"taxable","11":"shipping-taxable","12":"purchasable","13":"product-type-simple"},"_links":{"self":[{"href":"https:\/\/chilimag.hu\/webshop\/wp-json\/wp\/v2\/product\/38845","targetHints":{"allow":["GET"]}}],"collection":[{"href":"https:\/\/chilimag.hu\/webshop\/wp-json\/wp\/v2\/product"}],"about":[{"href":"https:\/\/chilimag.hu\/webshop\/wp-json\/wp\/v2\/types\/product"}],"replies":[{"embeddable":true,"href":"https:\/\/chilimag.hu\/webshop\/wp-json\/wp\/v2\/comments?post=38845"}],"wp:featuredmedia":[{"embeddable":true,"href":"https:\/\/chilimag.hu\/webshop\/wp-json\/wp\/v2\/media\/38846"}],"wp:attachment":[{"href":"https:\/\/chilimag.hu\/webshop\/wp-json\/wp\/v2\/media?parent=38845"}],"wp:term":[{"taxonomy":"product_brand","embeddable":true,"href":"https:\/\/chilimag.hu\/webshop\/wp-json\/wp\/v2\/product_brand?post=38845"},{"taxonomy":"product_cat","embeddable":true,"href":"https:\/\/chilimag.hu\/webshop\/wp-json\/wp\/v2\/product_cat?post=38845"},{"taxonomy":"product_tag","embeddable":true,"href":"https:\/\/chilimag.hu\/webshop\/wp-json\/wp\/v2\/product_tag?post=38845"}],"curies":[{"name":"wp","href":"https:\/\/api.w.org\/{rel}","templated":true}]}}