{"id":38841,"date":"2026-01-06T18:53:36","date_gmt":"2026-01-06T18:53:36","guid":{"rendered":"https:\/\/chilimag.hu\/webshop\/?post_type=product&#038;p=38841"},"modified":"2026-02-08T17:33:41","modified_gmt":"2026-02-08T17:33:41","slug":"tok-zeus-f1-pmt-halloween-tok","status":"publish","type":"product","link":"https:\/\/chilimag.hu\/webshop\/termek\/tok-zeus-f1-pmt-halloween-tok\/","title":{"rendered":"T\u00f6k Zeus F1 PMT Halloween t\u00f6k B-S"},"content":{"rendered":"","protected":false},"excerpt":{"rendered":"<p>Term\u00e9kle\u00edr\u00e1s<\/p>\n<p>K\u00f6zepes m\u00e9ret\u0171, faraghat\u00f3 t\u00f6k, kiv\u00e9teles min\u0151s\u00e9ggel<\/p>\n<p>A Zeus F1 kerek, k\u00f6r\u00fclbel\u00fcl 7-9 kg-os, \u00e9l\u00e9nk narancss\u00e1rga sz\u00edn\u0171, sz\u00e9pen bord\u00e1zott, kerek vagy enyh\u00e9n boltozatos term\u00e9seket terem. Az \u00f6sszhat\u00e1st harmonikusan eg\u00e9sz\u00edti ki a vonz\u00f3 s\u00f6t\u00e9tz\u00f6ld sz\u00e1ra. A Zeus F1 ellen\u00e1ll a lisztharmatnak \u00e9s a ZYMV-nek, er\u0151teljes n\u00f6veked\u00e9s\u0171, r\u00f6vid ind\u00e1kkal rendelkezik, \u00e9s \u00e1tlagosan k\u00f6r\u00fclbel\u00fcl 2 term\u00e9st hoz n\u00f6v\u00e9nyenk\u00e9nt.<\/p>\n<p>Cucurbita pepo<br \/>\n\u00c9rkez\u00e9si id\u0151: 110 nap<br \/>\nA Zeus F1 r\u00f6vid ind\u00e1kkal n\u0151<br \/>\nHalloweeni t\u00f6k, magas dekorat\u00edv \u00e9rt\u00e9kkel, kev\u00e9sb\u00e9 alkalmas f\u0151z\u00e9sre<br \/>\n1 adag = 10 mag<br \/>\nA C. pepo meleg, j\u00f3 v\u00edzelvezet\u00e9s\u0171 talajban fejl\u0151dik. A magokat belt\u00e9rben \u00fcltesse el, \u00e9s \u00e1prilis v\u00e9g\u00e9t\u0151l \u00fcltesse ki, vagy m\u00e1jus elej\u00e9t\u0151l vesse k\u00f6zvetlen\u00fcl a f\u00f6ldbe.<\/p>\n<p>Cucurbita pepo<\/p>\n<p>\u00c9rkez\u00e9si id\u0151: 110 nap<\/p>\n<p>Zeus F1 r\u00f6vid ind\u00e1kkal n\u0151<\/p>\n<p>Halloweeni t\u00f6k, magas dekorat\u00edv \u00e9rt\u00e9kkel, kev\u00e9sb\u00e9 alkalmas f\u0151z\u00e9sre<\/p>\n<p>1 adag = 10 mag<\/p>\n<p>A C. pepo meleg, j\u00f3 v\u00edzelvezet\u00e9s\u0171 talajban fejl\u0151dik j\u00f3l. Vesse el a magokat belt\u00e9rben \u00e1prilis v\u00e9g\u00e9t\u0151l, vagy k\u00f6zvetlen\u00fcl a f\u00f6ldbe m\u00e1jus elej\u00e9t\u0151l.<\/p>\n<p>&#8222;` A Zeus F1 eset\u00e9ben n\u00f6v\u00e9nyenk\u00e9nt 1-2 n\u00e9gyzetm\u00e9ter helyig\u00e9nyt javaslunk.<\/p>\n<p>Lehets\u00e9ges k\u00e1rtev\u0151k: csig\u00e1k, madarak, egerek, lev\u00e9ltetvek, lisztharmat, v\u00edrusok<\/p>\n<p>&nbsp;<\/p>\n","protected":false},"featured_media":38842,"comment_status":"closed","ping_status":"closed","template":"","meta":[],"product_brand":[],"product_cat":[345],"product_tag":[],"class_list":{"0":"post-38841","1":"product","2":"type-product","3":"status-publish","4":"has-post-thumbnail","6":"product_cat-suto-fozo-es-disztokok","8":"first","9":"instock","10":"taxable","11":"shipping-taxable","12":"purchasable","13":"product-type-simple"},"_links":{"self":[{"href":"https:\/\/chilimag.hu\/webshop\/wp-json\/wp\/v2\/product\/38841","targetHints":{"allow":["GET"]}}],"collection":[{"href":"https:\/\/chilimag.hu\/webshop\/wp-json\/wp\/v2\/product"}],"about":[{"href":"https:\/\/chilimag.hu\/webshop\/wp-json\/wp\/v2\/types\/product"}],"replies":[{"embeddable":true,"href":"https:\/\/chilimag.hu\/webshop\/wp-json\/wp\/v2\/comments?post=38841"}],"wp:featuredmedia":[{"embeddable":true,"href":"https:\/\/chilimag.hu\/webshop\/wp-json\/wp\/v2\/media\/38842"}],"wp:attachment":[{"href":"https:\/\/chilimag.hu\/webshop\/wp-json\/wp\/v2\/media?parent=38841"}],"wp:term":[{"taxonomy":"product_brand","embeddable":true,"href":"https:\/\/chilimag.hu\/webshop\/wp-json\/wp\/v2\/product_brand?post=38841"},{"taxonomy":"product_cat","embeddable":true,"href":"https:\/\/chilimag.hu\/webshop\/wp-json\/wp\/v2\/product_cat?post=38841"},{"taxonomy":"product_tag","embeddable":true,"href":"https:\/\/chilimag.hu\/webshop\/wp-json\/wp\/v2\/product_tag?post=38841"}],"curies":[{"name":"wp","href":"https:\/\/api.w.org\/{rel}","templated":true}]}}