{"id":38837,"date":"2026-01-06T18:43:28","date_gmt":"2026-01-06T18:43:28","guid":{"rendered":"https:\/\/chilimag.hu\/webshop\/?post_type=product&#038;p=38837"},"modified":"2026-02-14T19:07:04","modified_gmt":"2026-02-14T19:07:04","slug":"sutotok-yellow-jacket-f1-pmt","status":"publish","type":"product","link":"https:\/\/chilimag.hu\/webshop\/termek\/sutotok-yellow-jacket-f1-pmt\/","title":{"rendered":"S\u00fct\u0151t\u00f6k Yellow Jacket F1 PMT B-S"},"content":{"rendered":"","protected":false},"excerpt":{"rendered":"<p>Term\u00e9kle\u00edr\u00e1s<\/p>\n<p>Tiszta s\u00e1rga, kis Jack Be Little t\u00edpus\u00fa t\u00f6k, lap\u00edtott-kerek, enyh\u00e9n t\u00f6mb\u00f6s, sz\u00e9pen bord\u00e1zott \u00e9s felt\u0171n\u0151 sz\u00edn\u0171. K\u00f6r\u00fclbel\u00fcl 100-150 gramm s\u00faly\u00fa term\u00e9sei b\u0151s\u00e9gesen teremnek kompakt, l\u00f3g\u00f3 n\u00f6v\u00e9nyeken. Eg\u00e9szben is elk\u00e9sz\u00edthet\u0151 el\u0151\u00e9telk\u00e9nt, de mindenk\u00e9ppen gyakrabban haszn\u00e1lj\u00e1k d\u00edszt\u00f6kk\u00e9nt. J\u00f3 term\u00e9shozammal is b\u00fcszk\u00e9lkedhet, \u00e9s nagyon ellen\u00e1ll\u00f3 a lisztharmattal szemben.<\/p>\n<p>Cucurbita pepo<\/p>\n<p>Az \u00e9r\u00e9si id\u0151 k\u00f6r\u00fclbel\u00fcl 90 nap.<\/p>\n<p>A Yellow Jacket F1 l\u00f3g\u00f3 k\u00fasz\u00f3n\u00f6v\u00e9nyk\u00e9nt n\u0151.<\/p>\n<p>Ez a fajta alkalmas fogyaszt\u00e1sra, pl. mikrohull\u00e1m\u00fa s\u00fct\u0151ben meleg\u00edthet\u0151 t\u00f6kk\u00e9nt.<\/p>\n<p>1 adag = 10 mag<br \/>\nA t\u00f6k\u00f6k meleg, j\u00f3 v\u00edzelvezet\u00e9s\u0171 talajban fejl\u0151dnek. A magokat belt\u00e9rben \u00fcltesse el, \u00e9s \u00e1prilis v\u00e9g\u00e9t\u0151l \u00fcltesse ki, vagy m\u00e1jus elej\u00e9t\u0151l vesse k\u00f6zvetlen\u00fcl a f\u00f6ldbe.<\/p>\n<p>A Yellow Jacket F1 eset\u00e9ben n\u00f6v\u00e9nyenk\u00e9nt 1-2 n\u00e9gyzetm\u00e9tert aj\u00e1nlunk.<\/p>\n<p>Lehets\u00e9ges k\u00e1rtev\u0151k: csig\u00e1k, madarak, egerek, lev\u00e9ltetvek, lisztharmat, v\u00edrus<\/p>\n<p>&nbsp;<\/p>\n","protected":false},"featured_media":38838,"comment_status":"closed","ping_status":"closed","template":"","meta":[],"product_brand":[],"product_cat":[345],"product_tag":[],"class_list":{"0":"post-38837","1":"product","2":"type-product","3":"status-publish","4":"has-post-thumbnail","6":"product_cat-suto-fozo-es-disztokok","8":"first","9":"instock","10":"taxable","11":"shipping-taxable","12":"purchasable","13":"product-type-simple"},"_links":{"self":[{"href":"https:\/\/chilimag.hu\/webshop\/wp-json\/wp\/v2\/product\/38837","targetHints":{"allow":["GET"]}}],"collection":[{"href":"https:\/\/chilimag.hu\/webshop\/wp-json\/wp\/v2\/product"}],"about":[{"href":"https:\/\/chilimag.hu\/webshop\/wp-json\/wp\/v2\/types\/product"}],"replies":[{"embeddable":true,"href":"https:\/\/chilimag.hu\/webshop\/wp-json\/wp\/v2\/comments?post=38837"}],"wp:featuredmedia":[{"embeddable":true,"href":"https:\/\/chilimag.hu\/webshop\/wp-json\/wp\/v2\/media\/38838"}],"wp:attachment":[{"href":"https:\/\/chilimag.hu\/webshop\/wp-json\/wp\/v2\/media?parent=38837"}],"wp:term":[{"taxonomy":"product_brand","embeddable":true,"href":"https:\/\/chilimag.hu\/webshop\/wp-json\/wp\/v2\/product_brand?post=38837"},{"taxonomy":"product_cat","embeddable":true,"href":"https:\/\/chilimag.hu\/webshop\/wp-json\/wp\/v2\/product_cat?post=38837"},{"taxonomy":"product_tag","embeddable":true,"href":"https:\/\/chilimag.hu\/webshop\/wp-json\/wp\/v2\/product_tag?post=38837"}],"curies":[{"name":"wp","href":"https:\/\/api.w.org\/{rel}","templated":true}]}}