{"id":38830,"date":"2026-01-06T18:19:14","date_gmt":"2026-01-06T18:19:14","guid":{"rendered":"https:\/\/chilimag.hu\/webshop\/?post_type=product&#038;p=38830"},"modified":"2026-02-13T14:07:47","modified_gmt":"2026-02-13T14:07:47","slug":"uborka-carosello-barese-uborka-dinnye","status":"publish","type":"product","link":"https:\/\/chilimag.hu\/webshop\/termek\/uborka-carosello-barese-uborka-dinnye\/","title":{"rendered":"Uborka Carosello Barese  Uborka dinnye B-S"},"content":{"rendered":"","protected":false},"excerpt":{"rendered":"<p>Term\u00e9kle\u00edr\u00e1s<\/p>\n<p>Botanikai n\u00e9v:<\/p>\n<p>Cucumis flexuosus<\/p>\n<p>&nbsp;<\/p>\n<p>Olasz specialit\u00e1s, az uborka \u00e9s a dinnye keresztez\u00e9s\u00e9b\u0151l sz\u00e1rmazik, mind termeszt\u00e9sben, mind term\u00e9sben. J\u00f3 k\u00f6r\u00fclm\u00e9nyek k\u00f6z\u00f6tt b\u0151s\u00e9gesen terem. A k\u00f6z\u00e9pz\u00f6ld, enyh\u00e9n bolyhos gy\u00fcm\u00f6lcs\u00f6k jellegzetes \u00edz\u0171ek. T\u00f6bb meleget ig\u00e9nyel, mint egy dinnye, \u00e9s legjobban \u00fcvegh\u00e1zban fejl\u0151dik, de szabadban, meleg, napos helyeken is j\u00f3l fejl\u0151dik. A szabadban \u00e9s lugason is termeszthet\u0151.<\/p>\n<p>Egy adag k\u00f6r\u00fclbel\u00fcl 40 n\u00f6v\u00e9nyhez elegend\u0151.<\/p>\n<p>A betakar\u00edt\u00e1s melegebb \u00e9ghajlaton j\u00faliust\u00f3l kezd\u0151dik.<\/p>\n<p>Vess\u00fck belt\u00e9ren \u00e1prilis elej\u00e9n, 20-25\u00b0C-on k\u00f6zvetlen\u00fcl kis cserepekbe, a talajt folyamatosan nedvesen tartva a cs\u00edr\u00e1z\u00e1sig. M\u00e1jus elej\u00e9t\u0151l\/k\u00f6zep\u00e9t\u0151l \u00fcltess\u00fck ki 1 x 1 m-es t\u0151t\u00e1vols\u00e1gra.<\/p>\n<p>&nbsp;<\/p>\n","protected":false},"featured_media":38831,"comment_status":"closed","ping_status":"closed","template":"","meta":[],"product_brand":[],"product_cat":[346],"product_tag":[],"class_list":{"0":"post-38830","1":"product","2":"type-product","3":"status-publish","4":"has-post-thumbnail","6":"product_cat-cukkini-patiszon-uborka","8":"first","9":"instock","10":"taxable","11":"shipping-taxable","12":"purchasable","13":"product-type-simple"},"_links":{"self":[{"href":"https:\/\/chilimag.hu\/webshop\/wp-json\/wp\/v2\/product\/38830","targetHints":{"allow":["GET"]}}],"collection":[{"href":"https:\/\/chilimag.hu\/webshop\/wp-json\/wp\/v2\/product"}],"about":[{"href":"https:\/\/chilimag.hu\/webshop\/wp-json\/wp\/v2\/types\/product"}],"replies":[{"embeddable":true,"href":"https:\/\/chilimag.hu\/webshop\/wp-json\/wp\/v2\/comments?post=38830"}],"wp:featuredmedia":[{"embeddable":true,"href":"https:\/\/chilimag.hu\/webshop\/wp-json\/wp\/v2\/media\/38831"}],"wp:attachment":[{"href":"https:\/\/chilimag.hu\/webshop\/wp-json\/wp\/v2\/media?parent=38830"}],"wp:term":[{"taxonomy":"product_brand","embeddable":true,"href":"https:\/\/chilimag.hu\/webshop\/wp-json\/wp\/v2\/product_brand?post=38830"},{"taxonomy":"product_cat","embeddable":true,"href":"https:\/\/chilimag.hu\/webshop\/wp-json\/wp\/v2\/product_cat?post=38830"},{"taxonomy":"product_tag","embeddable":true,"href":"https:\/\/chilimag.hu\/webshop\/wp-json\/wp\/v2\/product_tag?post=38830"}],"curies":[{"name":"wp","href":"https:\/\/api.w.org\/{rel}","templated":true}]}}