{"id":38624,"date":"2025-12-11T11:15:12","date_gmt":"2025-12-11T11:15:12","guid":{"rendered":"https:\/\/chilimag.hu\/webshop\/?post_type=product&#038;p=38624"},"modified":"2026-03-20T00:33:59","modified_gmt":"2026-03-20T00:33:59","slug":"vetotalca-4x10-cellas-talcaval-es-fogokkal-sp","status":"publish","type":"product","link":"https:\/\/chilimag.hu\/webshop\/termek\/vetotalca-4x10-cellas-talcaval-es-fogokkal-sp\/","title":{"rendered":"Vet\u0151t\u00e1lca 4&#215;10 cell\u00e1s, t\u00e1lc\u00e1val \u00e9s fog\u00f3kkal SP"},"content":{"rendered":"","protected":false},"excerpt":{"rendered":"<p>Term\u00e9kle\u00edr\u00e1s<\/p>\n<p>Komplett pal\u00e1ntanevel\u00e9si k\u00e9szlet, amely egy tart\u00f3t\u00e1lc\u00e1b\u00f3l, 4 db 10 cell\u00e1s t\u00e1lc\u00e1b\u00f3l \u00e9s 4 db foganty\u00fab\u00f3l \u00e1ll. Tart\u00f3s m\u0171anyagb\u00f3l k\u00e9sz\u00fclt, k\u00f6nnyen kezelhet\u0151, ide\u00e1lis az egyenletes vet\u00e9shez \u00e9s a pal\u00e1nt\u00e1k biztons\u00e1gos sz\u00e1ll\u00edt\u00e1s\u00e1hoz.<\/p>\n<p>Cella hossza 28 cm<br \/>\nCella sz\u00e9less\u00e9ge 12 cm<br \/>\nCella magass\u00e1ga 60,3 mm<br \/>\nCella m\u00e9retei 43,8 x 43,8 mm<br \/>\nT\u00e1lca hossza 56 cm<br \/>\nT\u00e1lca sz\u00e9less\u00e9ge 26 cm<br \/>\nT\u00e1lca magass\u00e1ga 60 mm<\/p>\n<p>A csomag 3 f\u0151 \u00f6sszetev\u0151b\u0151l \u00e1ll:<\/p>\n<p>1 db T\u00e1maszt\u00f3t\u00e1lca \u2013 stabilit\u00e1st biztos\u00edt \u00e9s \u00f6sszegy\u0171jti a felesleges vizet<\/p>\n<p>4 db Cella, mindegyik 10 cell\u00e1val \u2013 lehet\u0151v\u00e9 teszi az egyenletes gy\u00f6k\u00e9rfejl\u0151d\u00e9st<\/p>\n<p>4 db Foganty\u00fa \u2013 megk\u00f6nny\u00edti a pal\u00e1nt\u00e1k kezel\u00e9s\u00e9t \u00e9s sz\u00e1ll\u00edt\u00e1s\u00e1t<\/p>\n<p>&nbsp;<\/p>\n","protected":false},"featured_media":38625,"comment_status":"closed","ping_status":"closed","template":"","meta":[],"product_brand":[],"product_cat":[336],"product_tag":[],"class_list":{"0":"post-38624","1":"product","2":"type-product","3":"status-publish","4":"has-post-thumbnail","6":"product_cat-vetotalcak-ulteto-cserepek-es-palanta-nevelok","8":"first","9":"instock","10":"taxable","11":"shipping-taxable","12":"purchasable","13":"product-type-simple"},"_links":{"self":[{"href":"https:\/\/chilimag.hu\/webshop\/wp-json\/wp\/v2\/product\/38624","targetHints":{"allow":["GET"]}}],"collection":[{"href":"https:\/\/chilimag.hu\/webshop\/wp-json\/wp\/v2\/product"}],"about":[{"href":"https:\/\/chilimag.hu\/webshop\/wp-json\/wp\/v2\/types\/product"}],"replies":[{"embeddable":true,"href":"https:\/\/chilimag.hu\/webshop\/wp-json\/wp\/v2\/comments?post=38624"}],"wp:featuredmedia":[{"embeddable":true,"href":"https:\/\/chilimag.hu\/webshop\/wp-json\/wp\/v2\/media\/38625"}],"wp:attachment":[{"href":"https:\/\/chilimag.hu\/webshop\/wp-json\/wp\/v2\/media?parent=38624"}],"wp:term":[{"taxonomy":"product_brand","embeddable":true,"href":"https:\/\/chilimag.hu\/webshop\/wp-json\/wp\/v2\/product_brand?post=38624"},{"taxonomy":"product_cat","embeddable":true,"href":"https:\/\/chilimag.hu\/webshop\/wp-json\/wp\/v2\/product_cat?post=38624"},{"taxonomy":"product_tag","embeddable":true,"href":"https:\/\/chilimag.hu\/webshop\/wp-json\/wp\/v2\/product_tag?post=38624"}],"curies":[{"name":"wp","href":"https:\/\/api.w.org\/{rel}","templated":true}]}}