{"id":38620,"date":"2025-12-11T11:06:55","date_gmt":"2025-12-11T11:06:55","guid":{"rendered":"https:\/\/chilimag.hu\/webshop\/?post_type=product&#038;p=38620"},"modified":"2026-01-30T10:07:27","modified_gmt":"2026-01-30T10:07:27","slug":"kaposzta-platoon-f1","status":"publish","type":"product","link":"https:\/\/chilimag.hu\/webshop\/termek\/kaposzta-platoon-f1\/","title":{"rendered":"K\u00e1poszta Platoon F1"},"content":{"rendered":"","protected":false},"excerpt":{"rendered":"<p><img decoding=\"async\" class=\"general_border\" src=\"https:\/\/seminteplante.ro\/img\/m\/282-brand_default.jpg\" alt=\"NongWoo Bio\" width=\"154\" height=\"70\" \/><\/p>\n<p>Term\u00e9kle\u00edr\u00e1s<\/p>\n<p>N\u00f6v\u00e9ny<br \/>\n85~90 DAT, Gyorsan form\u00e1l\u00f3d\u00f3 fej, P\u00e1ratartalommal \u00e9s reped\u00e9ssel szembeni tolerancia.<br \/>\nFej<br \/>\n2,5~3,5 kg, Z\u00f6ld sz\u00edn\u0171, Lapos alak\u00fa, R\u00f6vid maggal.<br \/>\nEllen\u00e1ll\u00e1s<br \/>\nHR: Foc<br \/>\nIR: XccA Platoon F1 egy professzion\u00e1lis feh\u00e9r k\u00e1poszta hibrid, \u00fcltet\u00e9s ut\u00e1n 80-85 nappal \u00e9rik, lapos alak\u00fa. Kiv\u00e1l\u00f3 hibrid savany\u00edt\u00e1sra vagy friss fogyaszt\u00e1sra, a hibrid \u00e9r\u00e9si id\u0151szak\u00e1ban t\u00f6rt\u00e9n\u0151 betakar\u00edt\u00e1s k\u00f6r\u00fclm\u00e9nyei k\u00f6z\u00f6tt.A Platoon F1 feh\u00e9r k\u00e1poszt\u00e1t j\u00f3 egy\u00f6ntet\u0171s\u00e9g \u00e9s j\u00f3 bels\u0151 szerkezet\u0171 fejek jellemzik, amelyek gyorsan fejl\u0151dnek \u00e9s t\u0171rik a nedvess\u00e9get. A Platoon F1 k\u00e1posztahibrid veget\u00e1ci\u00f3s ideje az \u00e1t\u00fcltet\u00e9st\u0151l sz\u00e1m\u00edtva 80-85 nap. Mivel kifejezetten savany\u00edt\u00e1sra \u00e9s k\u00e1posztasal\u00e1t\u00e1ra k\u00e9sz\u00fclt, a Platoon k\u00e1poszta laza.<\/p>\n<p>A Platoon F1 k\u00e1poszta alakja lapos, s\u00falya 2,5 \u00e9s 3,5 kg k\u00f6z\u00f6tt v\u00e1ltozik. Sz\u00edne z\u00f6ld.<\/p>\n<p>A hazai tesztek sor\u00e1n a hibrid j\u00f3 bels\u0151 szerkezetet mutatott, v\u00e9kony levelekkel \u00e9s kis sz\u00e1rral, ami ide\u00e1liss\u00e1 teszi a savany\u00edt\u00e1shoz. Ugyanakkor a fuz\u00e1riummal szembeni ellen\u00e1ll\u00f3 k\u00e9pess\u00e9ge sokkal jobb volt a versenyt\u00e1rs hibridekhez k\u00e9pest. Javasolt id\u0151ben betakar\u00edtani, \u00e9s a k\u00e1poszt\u00e1t a pal\u00e1nt\u00e1z\u00e1st\u00f3l sz\u00e1m\u00edtott 85 nap ut\u00e1n nem szabad a szabadban tartani.<\/p>\n<p>&nbsp;<\/p>\n","protected":false},"featured_media":38621,"comment_status":"closed","ping_status":"closed","template":"","meta":[],"product_brand":[],"product_cat":[329],"product_tag":[],"class_list":{"0":"post-38620","1":"product","2":"type-product","3":"status-publish","4":"has-post-thumbnail","6":"product_cat-zoldseg-vetomagok-egyeb-es-kulonleges-vetomagok","8":"first","9":"instock","10":"taxable","11":"shipping-taxable","12":"purchasable","13":"product-type-variable"},"_links":{"self":[{"href":"https:\/\/chilimag.hu\/webshop\/wp-json\/wp\/v2\/product\/38620","targetHints":{"allow":["GET"]}}],"collection":[{"href":"https:\/\/chilimag.hu\/webshop\/wp-json\/wp\/v2\/product"}],"about":[{"href":"https:\/\/chilimag.hu\/webshop\/wp-json\/wp\/v2\/types\/product"}],"replies":[{"embeddable":true,"href":"https:\/\/chilimag.hu\/webshop\/wp-json\/wp\/v2\/comments?post=38620"}],"wp:featuredmedia":[{"embeddable":true,"href":"https:\/\/chilimag.hu\/webshop\/wp-json\/wp\/v2\/media\/38621"}],"wp:attachment":[{"href":"https:\/\/chilimag.hu\/webshop\/wp-json\/wp\/v2\/media?parent=38620"}],"wp:term":[{"taxonomy":"product_brand","embeddable":true,"href":"https:\/\/chilimag.hu\/webshop\/wp-json\/wp\/v2\/product_brand?post=38620"},{"taxonomy":"product_cat","embeddable":true,"href":"https:\/\/chilimag.hu\/webshop\/wp-json\/wp\/v2\/product_cat?post=38620"},{"taxonomy":"product_tag","embeddable":true,"href":"https:\/\/chilimag.hu\/webshop\/wp-json\/wp\/v2\/product_tag?post=38620"}],"curies":[{"name":"wp","href":"https:\/\/api.w.org\/{rel}","templated":true}]}}