{"id":38617,"date":"2025-12-11T10:44:17","date_gmt":"2025-12-11T10:44:17","guid":{"rendered":"https:\/\/chilimag.hu\/webshop\/?post_type=product&#038;p=38617"},"modified":"2026-01-06T14:56:17","modified_gmt":"2026-01-06T14:56:17","slug":"silver-star-f1-non-sp","status":"publish","type":"product","link":"https:\/\/chilimag.hu\/webshop\/termek\/silver-star-f1-non-sp\/","title":{"rendered":"Silver Star F1 Non-Sp"},"content":{"rendered":"","protected":false},"excerpt":{"rendered":"<p><img decoding=\"async\" class=\"general_border\" src=\"https:\/\/seminteplante.ro\/img\/m\/282-brand_default.jpg\" alt=\"NongWoo Bio\" width=\"154\" height=\"70\" \/><\/p>\n<p>Term\u00e9kle\u00edr\u00e1s<\/p>\n<p>N\u00f6v\u00e9ny<br \/>\nK\u00f6zepes n\u00f6veked\u00e9si er\u0151, korai \u00e9r\u00e9s\u0171, folyamatos \u00e9s<br \/>\nsz\u00e1mos term\u00e9st hoz alacsony h\u0151m\u00e9rs\u00e9kleten.<br \/>\nGy\u00fcm\u00f6lcs<br \/>\n140 g, hossz\u00fas\u00e1g 9 cm, \u00e1tm\u00e9r\u0151 7,5 cm,<br \/>\nvonz\u00f3, f\u00e9nyes elef\u00e1ntcsont sz\u00edn\u0171, k\u00f6zepesen vastag term\u00e9sfal.<br \/>\nEllen\u00e1ll\u00f3k\u00e9pess\u00e9g<br \/>\nHR: PMMoV P0.1.2.3<\/p>\n<p>A csomag 10 szem magot tartalmaz<\/p>\n<p>&nbsp;<\/p>\n","protected":false},"featured_media":38618,"comment_status":"closed","ping_status":"closed","template":"","meta":[],"product_brand":[],"product_cat":[8],"product_tag":[],"class_list":{"0":"post-38617","1":"product","2":"type-product","3":"status-publish","4":"has-post-thumbnail","6":"product_cat-paprika","8":"first","9":"instock","10":"taxable","11":"shipping-taxable","12":"purchasable","13":"product-type-simple"},"_links":{"self":[{"href":"https:\/\/chilimag.hu\/webshop\/wp-json\/wp\/v2\/product\/38617","targetHints":{"allow":["GET"]}}],"collection":[{"href":"https:\/\/chilimag.hu\/webshop\/wp-json\/wp\/v2\/product"}],"about":[{"href":"https:\/\/chilimag.hu\/webshop\/wp-json\/wp\/v2\/types\/product"}],"replies":[{"embeddable":true,"href":"https:\/\/chilimag.hu\/webshop\/wp-json\/wp\/v2\/comments?post=38617"}],"wp:featuredmedia":[{"embeddable":true,"href":"https:\/\/chilimag.hu\/webshop\/wp-json\/wp\/v2\/media\/38618"}],"wp:attachment":[{"href":"https:\/\/chilimag.hu\/webshop\/wp-json\/wp\/v2\/media?parent=38617"}],"wp:term":[{"taxonomy":"product_brand","embeddable":true,"href":"https:\/\/chilimag.hu\/webshop\/wp-json\/wp\/v2\/product_brand?post=38617"},{"taxonomy":"product_cat","embeddable":true,"href":"https:\/\/chilimag.hu\/webshop\/wp-json\/wp\/v2\/product_cat?post=38617"},{"taxonomy":"product_tag","embeddable":true,"href":"https:\/\/chilimag.hu\/webshop\/wp-json\/wp\/v2\/product_tag?post=38617"}],"curies":[{"name":"wp","href":"https:\/\/api.w.org\/{rel}","templated":true}]}}