{"id":38615,"date":"2025-12-11T10:41:30","date_gmt":"2025-12-11T10:41:30","guid":{"rendered":"https:\/\/chilimag.hu\/webshop\/?post_type=product&#038;p=38615"},"modified":"2026-02-19T18:08:27","modified_gmt":"2026-02-19T18:08:27","slug":"tecza-f1-non-sp","status":"publish","type":"product","link":"https:\/\/chilimag.hu\/webshop\/termek\/tecza-f1-non-sp\/","title":{"rendered":"Tecza F1 Non-SP"},"content":{"rendered":"","protected":false},"excerpt":{"rendered":"<p><img decoding=\"async\" class=\"general_border\" src=\"https:\/\/seminteplante.ro\/img\/m\/282-brand_default.jpg\" alt=\"NongWoo Bio\" width=\"154\" height=\"70\" \/><\/p>\n<p>Term\u00e9kle\u00edr\u00e1s<\/p>\n<p>Kiv\u00e1l\u00f3 min\u0151s\u00e9g\u0171, folyamatos term\u00e9sk\u00f6t\u00e9s\u0171 gy\u00fcm\u00f6lcs.<br \/>\nK\u00f6zepes \u00e9retts\u00e9g\u0171, k\u00f6zepes n\u00f6veked\u00e9si er\u00e9llyel.<br \/>\nA gy\u00fcm\u00f6lcs t\u00f6mege 90~110 gramm, vastag fal\u00fa.<br \/>\nHideg k\u00f6r\u00fclm\u00e9nyek k\u00f6z\u00f6tt j\u00f3l teljes\u00edt.<br \/>\nHR<br \/>\nTMV L3.<br \/>\nHossz<br \/>\n13~15 cm<br \/>\n\u00c1tm\u00e9r\u0151<br \/>\n5,5~7,0 cm<\/p>\n<p>A csomag 10 szem magot tartalmaz<\/p>\n","protected":false},"featured_media":38616,"comment_status":"closed","ping_status":"closed","template":"","meta":[],"product_brand":[],"product_cat":[8],"product_tag":[],"class_list":{"0":"post-38615","1":"product","2":"type-product","3":"status-publish","4":"has-post-thumbnail","6":"product_cat-paprika","8":"first","9":"instock","10":"taxable","11":"shipping-taxable","12":"purchasable","13":"product-type-simple"},"_links":{"self":[{"href":"https:\/\/chilimag.hu\/webshop\/wp-json\/wp\/v2\/product\/38615","targetHints":{"allow":["GET"]}}],"collection":[{"href":"https:\/\/chilimag.hu\/webshop\/wp-json\/wp\/v2\/product"}],"about":[{"href":"https:\/\/chilimag.hu\/webshop\/wp-json\/wp\/v2\/types\/product"}],"replies":[{"embeddable":true,"href":"https:\/\/chilimag.hu\/webshop\/wp-json\/wp\/v2\/comments?post=38615"}],"wp:featuredmedia":[{"embeddable":true,"href":"https:\/\/chilimag.hu\/webshop\/wp-json\/wp\/v2\/media\/38616"}],"wp:attachment":[{"href":"https:\/\/chilimag.hu\/webshop\/wp-json\/wp\/v2\/media?parent=38615"}],"wp:term":[{"taxonomy":"product_brand","embeddable":true,"href":"https:\/\/chilimag.hu\/webshop\/wp-json\/wp\/v2\/product_brand?post=38615"},{"taxonomy":"product_cat","embeddable":true,"href":"https:\/\/chilimag.hu\/webshop\/wp-json\/wp\/v2\/product_cat?post=38615"},{"taxonomy":"product_tag","embeddable":true,"href":"https:\/\/chilimag.hu\/webshop\/wp-json\/wp\/v2\/product_tag?post=38615"}],"curies":[{"name":"wp","href":"https:\/\/api.w.org\/{rel}","templated":true}]}}