{"id":38613,"date":"2025-12-11T10:19:16","date_gmt":"2025-12-11T10:19:16","guid":{"rendered":"https:\/\/chilimag.hu\/webshop\/?post_type=product&#038;p=38613"},"modified":"2026-04-16T19:08:46","modified_gmt":"2026-04-16T19:08:46","slug":"sutotok-amanda-f1-non-sp","status":"publish","type":"product","link":"https:\/\/chilimag.hu\/webshop\/termek\/sutotok-amanda-f1-non-sp\/","title":{"rendered":"Amanda F1 S\u00fct\u0151t\u00f6k Non-SP"},"content":{"rendered":"","protected":false},"excerpt":{"rendered":"<p><img decoding=\"async\" class=\"general_border\" src=\"https:\/\/seminteplante.ro\/img\/m\/282-brand_default.jpg\" alt=\"NongWoo Bio\" width=\"154\" height=\"70\" \/><\/p>\n<p>Term\u00e9kle\u00edr\u00e1s<\/p>\n<p>Az Amanda s\u00fct\u0151t\u00f6k egy korai \u00e9r\u00e9s\u0171, nagy term\u0151k\u00e9pess\u00e9g\u0171 fajta, amely kiv\u00e1l\u00f3an alkalmazkodik a k\u00f6z\u00e9p-eur\u00f3pai termeszt\u00e9si viszonyokhoz. Hokkaido t\u00edpus\u00fa t\u00f6kk\u00e9nt ismert, amely kompakt n\u00f6veked\u00e9si habitusa miatt kis- \u00e9s nagygazdas\u00e1gok sz\u00e1m\u00e1ra egyar\u00e1nt ide\u00e1lis v\u00e1laszt\u00e1s.<\/p>\n<p>A n\u00f6v\u00e9ny er\u0151teljes, ind\u00e1s n\u00f6veked\u00e9s\u0171, ugyanakkor j\u00f3l kezeli a sz\u00e1razabb id\u0151j\u00e1r\u00e1si k\u00f6r\u00fclm\u00e9nyeket is. Betegs\u00e9gekkel szembeni ellen\u00e1ll\u00f3s\u00e1ga kiemelked\u0151, k\u00fcl\u00f6n\u00f6sen a peronoszp\u00f3ra \u00e9s a lisztharmat tekintet\u00e9ben, \u00edgy kevesebb n\u00f6v\u00e9nyv\u00e9delmi beavatkoz\u00e1st ig\u00e9nyel.<\/p>\n<p>A term\u00e9s jellegzetesen lap\u00edtott g\u00f6mb alak\u00fa, 1,5\u20132,5 kg \u00e1tlagos t\u00f6meggel. H\u00e9ja k\u00e9k, v\u00e9kony, de kell\u0151en szil\u00e1rd, \u00edgy j\u00f3l t\u00e1rolhat\u00f3. H\u00fasa m\u00e9ly narancss\u00e1rga, magas sz\u00e1razanyag- \u00e9s cukortartalommal, amely nemcsak kiv\u00e1l\u00f3 \u00edzt, hanem j\u00f3 eltarthat\u00f3s\u00e1got is biztos\u00edt.<\/p>\n<p>Felhaszn\u00e1l\u00e1sa sokr\u00e9t\u0171: levesek, p\u00fcr\u00e9k, s\u00fct\u0151ben s\u00fclt \u00e9telek, b\u00e9bi\u00e9telek k\u00e9sz\u00edt\u00e9s\u00e9re is kiv\u00e1l\u00f3an alkalmas. Az Amanda s\u00fct\u0151t\u00f6k magas karotin tartalm\u00e1nak k\u00f6sz\u00f6nhet\u0151en eg\u00e9szs\u00e9ges, t\u00e1pl\u00e1l\u00f3 alapanyag, amely a tudatos t\u00e1pl\u00e1lkoz\u00e1st k\u00f6vet\u0151k \u00e9s a piaci termel\u0151k sz\u00e1m\u00e1ra is \u00e9rt\u00e9kes v\u00e1laszt\u00e1s.<\/p>\n<p>K\u00fcl\u00f6nleges, k\u00e9k h\u00e9jsz\u00edn\u0171 fajta, mely k\u00e9s\u0151bb s\u00f6t\u00e9t s\u00e1rg\u00e1ra \u00e9rik.<\/p>\n<p>H\u00fasa \u00e9l\u00e9nk narancss\u00e1rga, alakja lap\u00edtott, gerezdes.<\/p>\n<p>A csomag 10 szem magot tartalmaz<\/p>\n<p>&nbsp;<\/p>\n<p>&nbsp;<\/p>\n","protected":false},"featured_media":38614,"comment_status":"closed","ping_status":"closed","template":"","meta":[],"product_brand":[],"product_cat":[345],"product_tag":[],"class_list":{"0":"post-38613","1":"product","2":"type-product","3":"status-publish","4":"has-post-thumbnail","6":"product_cat-suto-fozo-es-disztokok","8":"first","9":"instock","10":"taxable","11":"shipping-taxable","12":"purchasable","13":"product-type-simple"},"_links":{"self":[{"href":"https:\/\/chilimag.hu\/webshop\/wp-json\/wp\/v2\/product\/38613","targetHints":{"allow":["GET"]}}],"collection":[{"href":"https:\/\/chilimag.hu\/webshop\/wp-json\/wp\/v2\/product"}],"about":[{"href":"https:\/\/chilimag.hu\/webshop\/wp-json\/wp\/v2\/types\/product"}],"replies":[{"embeddable":true,"href":"https:\/\/chilimag.hu\/webshop\/wp-json\/wp\/v2\/comments?post=38613"}],"wp:featuredmedia":[{"embeddable":true,"href":"https:\/\/chilimag.hu\/webshop\/wp-json\/wp\/v2\/media\/38614"}],"wp:attachment":[{"href":"https:\/\/chilimag.hu\/webshop\/wp-json\/wp\/v2\/media?parent=38613"}],"wp:term":[{"taxonomy":"product_brand","embeddable":true,"href":"https:\/\/chilimag.hu\/webshop\/wp-json\/wp\/v2\/product_brand?post=38613"},{"taxonomy":"product_cat","embeddable":true,"href":"https:\/\/chilimag.hu\/webshop\/wp-json\/wp\/v2\/product_cat?post=38613"},{"taxonomy":"product_tag","embeddable":true,"href":"https:\/\/chilimag.hu\/webshop\/wp-json\/wp\/v2\/product_tag?post=38613"}],"curies":[{"name":"wp","href":"https:\/\/api.w.org\/{rel}","templated":true}]}}