{"id":38606,"date":"2025-12-10T18:42:22","date_gmt":"2025-12-10T18:42:22","guid":{"rendered":"https:\/\/chilimag.hu\/webshop\/?post_type=product&#038;p=38606"},"modified":"2026-01-22T15:54:26","modified_gmt":"2026-01-22T15:54:26","slug":"sargarepa-carnaval-ag-3-2","status":"publish","type":"product","link":"https:\/\/chilimag.hu\/webshop\/termek\/sargarepa-carnaval-ag-3-2\/","title":{"rendered":"S\u00e1rgar\u00e9pa Carnaval Ag 3"},"content":{"rendered":"","protected":false},"excerpt":{"rendered":"<p>Le\u00edr\u00e1s<\/p>\n<p>Egy k\u00f6z\u00e9pkorai \u00e9r\u00e9s\u0171, remek \u00edz- \u00e9s t\u00e1rol\u00e1si tulajdons\u00e1gokkal b\u00edr\u00f3, jellegzetes &#8222;Carnaval&#8221; fajta, ami \u00a0narancs szine er\u0151s.<\/p>\n<p>A Carnaval s\u00e1rgar\u00e9pa egy r\u00f6vid teny\u00e9szidej\u0171, 80-95 napos fajta. Tompa v\u00e9g\u0171 hengeres r\u00e9patest jellemzi, mely 17-19 cm hossz\u00fa, 4 cm sz\u00e9les, intenz\u00edv sz\u00edn\u0171.<\/p>\n<p><strong>Vet\u00e9s ideje szabad f\u00f6ldbe:<\/strong> M\u00e1rcius-\u00c1prilis, Szeptember<br \/>\n<strong>T\u00e1vols\u00e1g:<\/strong> 20-25 cm<br \/>\n<strong>Betakar\u00edt\u00e1s ideje:<\/strong> M\u00e1jus-November<\/p>\n<p>&nbsp;<\/p>\n<p>&nbsp;<\/p>\n","protected":false},"featured_media":14490,"comment_status":"closed","ping_status":"closed","template":"","meta":[],"product_brand":[],"product_cat":[230],"product_tag":[],"class_list":{"0":"post-38606","1":"product","2":"type-product","3":"status-publish","4":"has-post-thumbnail","6":"product_cat-zoldseg-vetomagok-agrosel-vetomagok","8":"first","9":"instock","10":"taxable","11":"shipping-taxable","12":"purchasable","13":"product-type-simple"},"_links":{"self":[{"href":"https:\/\/chilimag.hu\/webshop\/wp-json\/wp\/v2\/product\/38606","targetHints":{"allow":["GET"]}}],"collection":[{"href":"https:\/\/chilimag.hu\/webshop\/wp-json\/wp\/v2\/product"}],"about":[{"href":"https:\/\/chilimag.hu\/webshop\/wp-json\/wp\/v2\/types\/product"}],"replies":[{"embeddable":true,"href":"https:\/\/chilimag.hu\/webshop\/wp-json\/wp\/v2\/comments?post=38606"}],"wp:featuredmedia":[{"embeddable":true,"href":"https:\/\/chilimag.hu\/webshop\/wp-json\/wp\/v2\/media\/14490"}],"wp:attachment":[{"href":"https:\/\/chilimag.hu\/webshop\/wp-json\/wp\/v2\/media?parent=38606"}],"wp:term":[{"taxonomy":"product_brand","embeddable":true,"href":"https:\/\/chilimag.hu\/webshop\/wp-json\/wp\/v2\/product_brand?post=38606"},{"taxonomy":"product_cat","embeddable":true,"href":"https:\/\/chilimag.hu\/webshop\/wp-json\/wp\/v2\/product_cat?post=38606"},{"taxonomy":"product_tag","embeddable":true,"href":"https:\/\/chilimag.hu\/webshop\/wp-json\/wp\/v2\/product_tag?post=38606"}],"curies":[{"name":"wp","href":"https:\/\/api.w.org\/{rel}","templated":true}]}}