{"id":38605,"date":"2025-12-10T18:48:33","date_gmt":"2025-12-10T18:48:33","guid":{"rendered":"https:\/\/chilimag.hu\/webshop\/?post_type=product&#038;p=38605"},"modified":"2026-04-24T09:16:26","modified_gmt":"2026-04-24T09:16:26","slug":"petrezselyemgyoker-felhosszu-magszalagos-ag-3","status":"publish","type":"product","link":"https:\/\/chilimag.hu\/webshop\/termek\/petrezselyemgyoker-felhosszu-magszalagos-ag-3\/","title":{"rendered":"Petrezselyemgy\u00f6k\u00e9r f\u00e9lhossz\u00fa magszalagos Ag 3"},"content":{"rendered":"","protected":false},"excerpt":{"rendered":"<p>Le\u00edr\u00e1s<\/p>\n<p>Egy n\u00e9pszer\u0171, <strong class=\"Yjhzub\" data-processed=\"true\">f\u00e9lhossz\u00fa, sima fel\u00fclet\u0171, k\u00fapos gy\u00f6ker\u0171<\/strong> petrezselyem vet\u0151mag.Ide\u00e1lis <strong class=\"Yjhzub\" data-processed=\"true\">szabadf\u00f6ldi termeszt\u00e9sre<\/strong>, m\u00e9lyen megmunk\u00e1lt talajt ig\u00e9nyel, \u00e9s alkalmas <strong class=\"Yjhzub\" data-processed=\"true\">kora-\u0151szi\/k\u00e9s\u0151-tavaszi hajtat\u00e1sra<\/strong> is, t\u00e9l al\u00e1 vethet\u0151.<\/p>\n<p>A F\u00e9lhossz\u00fa petrezselyem egy f\u00e9lhossz\u00fa, sima fel\u00fclet\u0171, k\u00fapos gy\u00f6ker\u0171 petrezselyem. M\u00e9lyen megmunk\u00e1lt talajt ig\u00e9nyel. Teny\u00e9szideje 150 nap.<\/p>\n<h3><\/h3>\n<p><strong>Magvet\u00e9s ideje:<\/strong> Febru\u00e1r-\u00c1prilis, November<br \/>\n<strong>Sort\u00e1vols\u00e1g:<\/strong> 20-25 cm<br \/>\n<strong>Betakar\u00edt\u00e1s ideje:<\/strong> J\u00fanius-Okt\u00f3ber<\/p>\n<p>&nbsp;<\/p>\n<p>&nbsp;<\/p>\n<p>&nbsp;<\/p>\n","protected":false},"featured_media":13161,"comment_status":"closed","ping_status":"closed","template":"","meta":[],"product_brand":[],"product_cat":[230],"product_tag":[],"class_list":{"0":"post-38605","1":"product","2":"type-product","3":"status-publish","4":"has-post-thumbnail","6":"product_cat-zoldseg-vetomagok-agrosel-vetomagok","8":"first","9":"instock","10":"taxable","11":"shipping-taxable","12":"purchasable","13":"product-type-simple"},"_links":{"self":[{"href":"https:\/\/chilimag.hu\/webshop\/wp-json\/wp\/v2\/product\/38605","targetHints":{"allow":["GET"]}}],"collection":[{"href":"https:\/\/chilimag.hu\/webshop\/wp-json\/wp\/v2\/product"}],"about":[{"href":"https:\/\/chilimag.hu\/webshop\/wp-json\/wp\/v2\/types\/product"}],"replies":[{"embeddable":true,"href":"https:\/\/chilimag.hu\/webshop\/wp-json\/wp\/v2\/comments?post=38605"}],"wp:featuredmedia":[{"embeddable":true,"href":"https:\/\/chilimag.hu\/webshop\/wp-json\/wp\/v2\/media\/13161"}],"wp:attachment":[{"href":"https:\/\/chilimag.hu\/webshop\/wp-json\/wp\/v2\/media?parent=38605"}],"wp:term":[{"taxonomy":"product_brand","embeddable":true,"href":"https:\/\/chilimag.hu\/webshop\/wp-json\/wp\/v2\/product_brand?post=38605"},{"taxonomy":"product_cat","embeddable":true,"href":"https:\/\/chilimag.hu\/webshop\/wp-json\/wp\/v2\/product_cat?post=38605"},{"taxonomy":"product_tag","embeddable":true,"href":"https:\/\/chilimag.hu\/webshop\/wp-json\/wp\/v2\/product_tag?post=38605"}],"curies":[{"name":"wp","href":"https:\/\/api.w.org\/{rel}","templated":true}]}}