{"id":38604,"date":"2025-12-10T17:06:34","date_gmt":"2025-12-10T17:06:34","guid":{"rendered":"https:\/\/chilimag.hu\/webshop\/?post_type=product&#038;p=38604"},"modified":"2026-02-21T14:20:11","modified_gmt":"2026-02-21T14:20:11","slug":"spenot-matador-ag-2","status":"publish","type":"product","link":"https:\/\/chilimag.hu\/webshop\/termek\/spenot-matador-ag-2\/","title":{"rendered":"Spen\u00f3t Matador Ag 2"},"content":{"rendered":"<section id=\"product-tabs\" class=\"product-page-tab\">\n<div class=\"tab-wrapper container\">\n<div class=\"tab-content product-page-tab-content\">\n<div id=\"tab_productdescriptionnoparameters\" class=\"tab-content__pane active\" tabindex=\"0\" role=\"tabpanel\" aria-labelledby=\"tab-btn-productdescriptionnoparameters\" aria-hidden=\"false\">\n<div class=\"tab-content__pane-inner\">\n<section id=\"module_productdescriptionnoparameters_wrapper\" class=\"module-productdescriptionnoparameters-wrapper\">\n<div id=\"productdescriptionnoparameters\" class=\"module product-position\">\n<div class=\"module-body\">\n<p>&nbsp;<\/p>\n<p>&nbsp;<\/p>\n<\/div>\n<\/div>\n<\/section>\n<\/div>\n<\/div>\n<div id=\"tab_productreview\" class=\"tab-content__pane\" tabindex=\"0\" role=\"tabpanel\" aria-labelledby=\"tab-btn-productreview\" aria-hidden=\"true\">\n<div class=\"tab-content__pane-inner\">\n<section id=\"module_productreview_wrapper\" class=\"module-productreview-wrapper\">\n<div id=\"productreview\" class=\"module product-position\">\n<div class=\"module-body\">\n<div data-test-id=\"productReview\">\n<div class=\"product-review-summary-empty\">\n<div class=\"product-review-summary-empty__add-review\"><\/div>\n<\/div>\n<\/div>\n<\/div>\n<\/div>\n<\/section>\n<\/div>\n<\/div>\n<\/div>\n<\/div>\n<\/section>\n<div class=\"product-page-bottom\">\n<div class=\"container product-page-container\">\n<section id=\"module_boughtwith_wrapper\" class=\"module-boughtwith-wrapper\">\n<div id=\"boughtwith\" class=\"module product-module product-position\">\n<div class=\"module-head\"><\/div>\n<\/div>\n<\/section>\n<\/div>\n<\/div>\n<p>&nbsp;<\/p>\n","protected":false},"excerpt":{"rendered":"<p>Le\u00edr\u00e1s<\/p>\n<p>A Matador spen\u00f3t levelei sim\u00e1k, ov\u00e1lisak, s\u00f6t\u00e9tz\u00f6ld sz\u00edn\u0171ek. K\u00f6z\u00e9pkorai fajta, felmagz\u00e1sa k\u00e9sei. Nem \u00e9rz\u00e9keny a kisebb talajmenti fagyokra, ez\u00e1ltal \u00e1tteleltethet\u0151.<\/p>\n<section id=\"product-tabs\" class=\"product-page-tab\">\n<div class=\"tab-wrapper container\">\n<div class=\"tab-content product-page-tab-content\">\n<div id=\"tab_productdescriptionnoparameters\" class=\"tab-content__pane active\" tabindex=\"0\" role=\"tabpanel\" aria-labelledby=\"tab-btn-productdescriptionnoparameters\" aria-hidden=\"false\">\n<div class=\"tab-content__pane-inner\">\n<section id=\"module_productdescriptionnoparameters_wrapper\" class=\"module-productdescriptionnoparameters-wrapper\">\n<div id=\"productdescriptionnoparameters\" class=\"module product-position\">\n<div class=\"module-body\">\n<p><strong>Vet\u00e9s ideje:<\/strong> Febru\u00e1r-M\u00e1rcius, J\u00falius-Okt\u00f3ber<br \/>\n<strong>T\u00e1vols\u00e1g:<\/strong> 12-20 cm<br \/>\n<strong>Szedhet\u0151:<\/strong> \u00c1prilis-M\u00e1jus, Szeptember-Okt\u00f3ber<\/p>\n<\/div>\n<\/div>\n<\/section>\n<\/div>\n<\/div>\n<\/div>\n<\/div>\n<\/section>\n","protected":false},"featured_media":11391,"comment_status":"closed","ping_status":"closed","template":"","meta":[],"product_brand":[],"product_cat":[230],"product_tag":[],"class_list":{"0":"post-38604","1":"product","2":"type-product","3":"status-publish","4":"has-post-thumbnail","6":"product_cat-zoldseg-vetomagok-agrosel-vetomagok","8":"first","9":"instock","10":"taxable","11":"shipping-taxable","12":"purchasable","13":"product-type-simple"},"_links":{"self":[{"href":"https:\/\/chilimag.hu\/webshop\/wp-json\/wp\/v2\/product\/38604","targetHints":{"allow":["GET"]}}],"collection":[{"href":"https:\/\/chilimag.hu\/webshop\/wp-json\/wp\/v2\/product"}],"about":[{"href":"https:\/\/chilimag.hu\/webshop\/wp-json\/wp\/v2\/types\/product"}],"replies":[{"embeddable":true,"href":"https:\/\/chilimag.hu\/webshop\/wp-json\/wp\/v2\/comments?post=38604"}],"wp:featuredmedia":[{"embeddable":true,"href":"https:\/\/chilimag.hu\/webshop\/wp-json\/wp\/v2\/media\/11391"}],"wp:attachment":[{"href":"https:\/\/chilimag.hu\/webshop\/wp-json\/wp\/v2\/media?parent=38604"}],"wp:term":[{"taxonomy":"product_brand","embeddable":true,"href":"https:\/\/chilimag.hu\/webshop\/wp-json\/wp\/v2\/product_brand?post=38604"},{"taxonomy":"product_cat","embeddable":true,"href":"https:\/\/chilimag.hu\/webshop\/wp-json\/wp\/v2\/product_cat?post=38604"},{"taxonomy":"product_tag","embeddable":true,"href":"https:\/\/chilimag.hu\/webshop\/wp-json\/wp\/v2\/product_tag?post=38604"}],"curies":[{"name":"wp","href":"https:\/\/api.w.org\/{rel}","templated":true}]}}