{"id":38602,"date":"2025-12-10T16:07:07","date_gmt":"2025-12-10T16:07:07","guid":{"rendered":"https:\/\/chilimag.hu\/webshop\/?post_type=product&#038;p=38602"},"modified":"2026-02-22T07:26:10","modified_gmt":"2026-02-22T07:26:10","slug":"petrezselyemgyoker-zaharat-ag-2","status":"publish","type":"product","link":"https:\/\/chilimag.hu\/webshop\/termek\/petrezselyemgyoker-zaharat-ag-2\/","title":{"rendered":"Petrezselyemgy\u00f6k\u00e9r Zaharat-Cukrowa Ag 2"},"content":{"rendered":"","protected":false},"excerpt":{"rendered":"<p>Le\u00edr\u00e1s<\/p>\n<p>R\u00f6vid teny\u00e9szidej\u0171 (140 nap), sima, k\u00fap alak\u00fa, j\u00f3 min\u0151s\u00e9g\u0171 gy\u00f6kereket ad\u00f3 petrezselyemfajta, m\u00e9lyen megm\u0171velt talajt ig\u00e9nyel.<\/p>\n<table>\n<tbody>\n<tr>\n<td class=\"first_child\">Szabadf\u00f6ldbe vetend\u0151<\/td>\n<td>IX,III-IV<\/td>\n<\/tr>\n<tr>\n<td class=\"first_child\">T\u00e1vols\u00e1g \u00e9rdemes ritk\u00edtani ha t\u00f6bb kel ki<\/td>\n<td>20-25&#215;4-5<\/td>\n<\/tr>\n<tr>\n<td class=\"first_child\">Szedhet\u0151-Betakar\u00edtand\u00f3<\/td>\n<td>V-XI<\/td>\n<\/tr>\n<tr>\n<td class=\"first_child\"><\/td>\n<td><\/td>\n<\/tr>\n<\/tbody>\n<\/table>\n<p>&nbsp;<\/p>\n<p>&nbsp;<\/p>\n","protected":false},"featured_media":11387,"comment_status":"closed","ping_status":"closed","template":"","meta":[],"product_brand":[],"product_cat":[230],"product_tag":[],"class_list":{"0":"post-38602","1":"product","2":"type-product","3":"status-publish","4":"has-post-thumbnail","6":"product_cat-zoldseg-vetomagok-agrosel-vetomagok","8":"first","9":"instock","10":"taxable","11":"shipping-taxable","12":"purchasable","13":"product-type-simple"},"_links":{"self":[{"href":"https:\/\/chilimag.hu\/webshop\/wp-json\/wp\/v2\/product\/38602","targetHints":{"allow":["GET"]}}],"collection":[{"href":"https:\/\/chilimag.hu\/webshop\/wp-json\/wp\/v2\/product"}],"about":[{"href":"https:\/\/chilimag.hu\/webshop\/wp-json\/wp\/v2\/types\/product"}],"replies":[{"embeddable":true,"href":"https:\/\/chilimag.hu\/webshop\/wp-json\/wp\/v2\/comments?post=38602"}],"wp:featuredmedia":[{"embeddable":true,"href":"https:\/\/chilimag.hu\/webshop\/wp-json\/wp\/v2\/media\/11387"}],"wp:attachment":[{"href":"https:\/\/chilimag.hu\/webshop\/wp-json\/wp\/v2\/media?parent=38602"}],"wp:term":[{"taxonomy":"product_brand","embeddable":true,"href":"https:\/\/chilimag.hu\/webshop\/wp-json\/wp\/v2\/product_brand?post=38602"},{"taxonomy":"product_cat","embeddable":true,"href":"https:\/\/chilimag.hu\/webshop\/wp-json\/wp\/v2\/product_cat?post=38602"},{"taxonomy":"product_tag","embeddable":true,"href":"https:\/\/chilimag.hu\/webshop\/wp-json\/wp\/v2\/product_tag?post=38602"}],"curies":[{"name":"wp","href":"https:\/\/api.w.org\/{rel}","templated":true}]}}