{"id":38596,"date":"2025-12-10T14:54:54","date_gmt":"2025-12-10T14:54:54","guid":{"rendered":"https:\/\/chilimag.hu\/webshop\/?post_type=product&#038;p=38596"},"modified":"2025-12-10T14:55:03","modified_gmt":"2025-12-10T14:55:03","slug":"pink-tigers-x-peath-bhut","status":"publish","type":"product","link":"https:\/\/chilimag.hu\/webshop\/termek\/pink-tigers-x-peath-bhut\/","title":{"rendered":"Pink Tigers x Peath Bhut"},"content":{"rendered":"","protected":false},"excerpt":{"rendered":"<p>Le\u00edr\u00e1s<\/p>\n<p>A Pink Tigerx Peath Bhut \u00a0chili a Bhut Jolokia \u00e9s a Piementa de Neyde chili kever\u00e9ke, ez\u00e9rt rendk\u00edv\u00fcl cs\u00edp\u0151s fajt\u00e1nak (10+) sz\u00e1m\u00edt. Gy\u00f6ny\u00f6r\u0171 megjelen\u00e9se var\u00e1zslatosan vonz\u00f3, a levelek \u00e1rnyalatai a s\u00f6t\u00e9tz\u00f6ldt\u0151l az er\u0151s feket\u00e9ig terjednek, a vir\u00e1gok vil\u00e1gos baracksz\u00edn\u0171ek, de gyakran r\u00f3zsasz\u00edn \u00e9s lila sz\u00ednnel is bor\u00edtottak. Amikor a chili h\u00fcvelyei kifejl\u0151dnek, azok is csod\u00e1latos sz\u00edn\u0171ek, a kr\u00e9msz\u00edn\u0171t\u0151l az baracksz\u00edn\u0171n \u00e1t a s\u00f6t\u00e9tlila \u00e1rnyalatokig.<\/p>\n<p>A Pink Tiger chili eredetileg Olaszorsz\u00e1g d\u00e9li r\u00e9szeir\u0151l sz\u00e1rmazik, ahol nagyon cs\u00edp\u0151s, \u00e9s a h\u00fcvelyeken j\u00f3l l\u00e1that\u00f3 lila cs\u00edkok alakulnak ki, ami m\u00e9g vizu\u00e1lisan vonz\u00f3bb\u00e1 teszi a chilipaprik\u00e1kat. A n\u00f6v\u00e9ny nagyon buj\u00e1n n\u0151, \u00e9s nagysz\u00e1m\u00fa szokatlan alak\u00fa h\u00fcvelyt k\u00e9pez, amelyek intenz\u00edven cs\u00edp\u0151s, de gy\u00fcm\u00f6lcs\u00f6s \u00e9s paprik\u00e1s \u00edzzel is \u00f6rvendenek.<\/p>\n<p>Gondoz\u00e1s: A cs\u00edr\u00e1ztat\u00e1si h\u0151m\u00e9rs\u00e9klet 25\u00b0C \u00e9s 28\u00b0C k\u00f6z\u00f6tt van (cs\u00edr\u00e1z\u00e1si id\u0151: 12-16 nap); ez\u00e9rt \u00fcvegh\u00e1z \u00e9s f\u0171t\u0151sz\u0151nyeg haszn\u00e1lata aj\u00e1nlott. A n\u00f6v\u00e9nyeknek friss, j\u00f3l tr\u00e1gy\u00e1zott, v\u00edz\u00e1tereszt\u0151 talajra van sz\u00fcks\u00e9g\u00fck, \u00e9s nem szabad \u0151ket \u00e1ll\u00f3v\u00edzben hagyni. Napos, v\u00e9dett helyre kell \u00fcltetni \u0151ket, ahol naponta legal\u00e1bb 6 \u00f3ra napf\u00e9ny \u00e9ri, ha nem t\u00f6bb. A n\u00f6v\u00e9nyeket legkor\u00e1bban az utols\u00f3 fagy ut\u00e1n 2-3 h\u00e9ttel szabadba lehet \u00fcltetni. Ha cserepekben termesztj\u00fck \u0151ket, t\u00e9len \u00e1t is gondozhatjuk \u0151ket. Sz\u00fcks\u00e9ges lehet kiss\u00e9 visszav\u00e1gni \u0151ket, \u00e9s vil\u00e1gos helyre helyezni, ahol legal\u00e1bb 15\u00b0C van.<\/p>\n<p>T\u00edpus: Capsicum Chinese<br \/>\nF\u0171szeress\u00e9gi szint: 10 +<br \/>\nScoville 200.000 &#8211; 300.000 SHU<br \/>\nOptim\u00e1lis cs\u00edr\u00e1z\u00e1si h\u0151m\u00e9rs\u00e9klet: 25 &#8211; 28 \u00b0C<br \/>\nVet\u00e9s: janu\u00e1r &#8211; m\u00e1rcius<br \/>\nVir\u00e1g: s\u00e1rgabarack (m\u00e1jus &#8211; augusztus)<br \/>\nN\u00f6veked\u00e9si szok\u00e1s: 90 &#8211; 100 cm magas<br \/>\n\u00c9r\u00e9se: ibolyasz\u00edn\u0171t\u0151l b\u00e9zs-lil\u00e1ig<br \/>\nGy\u00fcm\u00f6lcs m\u00e9rete: 8 &#8211; 10 cm, megny\u00falt, \u00edvelt<br \/>\n\u00c9r\u00e9si id\u0151: 50 &#8211; 60 nap<br \/>\nSz\u00e1rmaz\u00e1si hely: Olaszorsz\u00e1g<\/p>\n<p>A csomag 10 szem magot tartalmaz<\/p>\n<p>&nbsp;<\/p>\n","protected":false},"featured_media":38597,"comment_status":"closed","ping_status":"closed","template":"","meta":[],"product_brand":[],"product_cat":[8],"product_tag":[],"class_list":{"0":"post-38596","1":"product","2":"type-product","3":"status-publish","4":"has-post-thumbnail","6":"product_cat-paprika","8":"first","9":"instock","10":"taxable","11":"shipping-taxable","12":"purchasable","13":"product-type-simple"},"_links":{"self":[{"href":"https:\/\/chilimag.hu\/webshop\/wp-json\/wp\/v2\/product\/38596","targetHints":{"allow":["GET"]}}],"collection":[{"href":"https:\/\/chilimag.hu\/webshop\/wp-json\/wp\/v2\/product"}],"about":[{"href":"https:\/\/chilimag.hu\/webshop\/wp-json\/wp\/v2\/types\/product"}],"replies":[{"embeddable":true,"href":"https:\/\/chilimag.hu\/webshop\/wp-json\/wp\/v2\/comments?post=38596"}],"wp:featuredmedia":[{"embeddable":true,"href":"https:\/\/chilimag.hu\/webshop\/wp-json\/wp\/v2\/media\/38597"}],"wp:attachment":[{"href":"https:\/\/chilimag.hu\/webshop\/wp-json\/wp\/v2\/media?parent=38596"}],"wp:term":[{"taxonomy":"product_brand","embeddable":true,"href":"https:\/\/chilimag.hu\/webshop\/wp-json\/wp\/v2\/product_brand?post=38596"},{"taxonomy":"product_cat","embeddable":true,"href":"https:\/\/chilimag.hu\/webshop\/wp-json\/wp\/v2\/product_cat?post=38596"},{"taxonomy":"product_tag","embeddable":true,"href":"https:\/\/chilimag.hu\/webshop\/wp-json\/wp\/v2\/product_tag?post=38596"}],"curies":[{"name":"wp","href":"https:\/\/api.w.org\/{rel}","templated":true}]}}