{"id":38594,"date":"2025-12-10T14:48:01","date_gmt":"2025-12-10T14:48:01","guid":{"rendered":"https:\/\/chilimag.hu\/webshop\/?post_type=product&#038;p=38594"},"modified":"2025-12-10T14:48:01","modified_gmt":"2025-12-10T14:48:01","slug":"habanero-ata","status":"publish","type":"product","link":"https:\/\/chilimag.hu\/webshop\/termek\/habanero-ata\/","title":{"rendered":"Habanero Ata"},"content":{"rendered":"","protected":false},"excerpt":{"rendered":"<p>Le\u00edr\u00e1s<\/p>\n<p>A Habanero Ata \u00a0Chili egy viszonylag nagy habanero t\u00edpus intenz\u00edv \u00edzzel. Ez a fajta &#8222;kong\u00f3 paprikak\u00e9nt&#8221; is ismert, \u00e9s val\u00f3sz\u00edn\u0171leg Afrik\u00e1b\u00f3l sz\u00e1rmazik. A bokros n\u00f6v\u00e9nyeken sok 5 x 5 cm-es gy\u00fcm\u00f6lcs terem, amelyek sima, r\u00e1ncos, v\u00e9kony fal\u00fa, apr\u00f3 paprik\u00e1ra hasonl\u00edtanak. B\u0151s\u00e9ges levet, rendk\u00edv\u00fcli gy\u00fcm\u00f6lcs\u00f6s \u00edzt \u00e9s er\u0151s cs\u00edp\u0151ss\u00e9get tartalmaznak. A konyh\u00e1ban jellemz\u0151en sz\u00f3szok \u00e9s p\u00e1cok k\u00e9sz\u00edt\u00e9s\u00e9re haszn\u00e1lj\u00e1k, de v\u00e9kony term\u00e9sfaluk miatt sz\u00e1r\u00edt\u00e1sra \u00e9s chilipor k\u00e9sz\u00edt\u00e9s\u00e9re is alkalmasak.<\/p>\n<p>A Habanero fajta val\u00f3sz\u00edn\u0171leg Mexik\u00f3 Yucat\u00e1n r\u00e9gi\u00f3j\u00e1b\u00f3l sz\u00e1rmazik. B\u00e1r a \u201eHabanero\u201d n\u00e9v angolul \u201eHavann\u00e1b\u00f3l\u201d jelent, Kub\u00e1ban csak elv\u00e9tve tal\u00e1lhat\u00f3 meg. F\u0151k\u00e9nt tov\u00e1bbra is a Yucat\u00e1n-f\u00e9lszigeten termesztik, b\u00e1r ott t\u00falnyom\u00f3r\u00e9szt narancss\u00e1rga \u00e9s s\u00e1rga Habanero fajt\u00e1k tal\u00e1lhat\u00f3k. A piros fajt\u00e1k t\u00f6bbnyire a Karib-t\u00e9rs\u00e9gb\u0151l vagy az USA d\u00e9li \u00e1llamaib\u00f3l sz\u00e1rmaznak.<\/p>\n<p>Gondoz\u00e1s: A cs\u00edr\u00e1z\u00e1si h\u0151m\u00e9rs\u00e9klet 22 \u00e9s 28\u00b0C k\u00f6z\u00f6tt van (8-20 napos cs\u00edr\u00e1z\u00e1si id\u0151szak), ez\u00e9rt \u00fcvegh\u00e1z \u00e9s f\u0171t\u0151sz\u0151nyeg haszn\u00e1lata aj\u00e1nlott. A n\u00f6v\u00e9nyeknek friss, j\u00f3l tr\u00e1gy\u00e1zott, \u00e1tereszt\u0151 talajra van sz\u00fcks\u00e9g\u00fck, \u00e9s nem t\u0171rik a pang\u00e1st. Napos, v\u00e9dett helyre kell \u00fcltetni \u0151ket, legal\u00e1bb 6 \u00f3r\u00e1nyi napf\u00e9nyben &#8211; lehet\u0151leg t\u00f6bbet. A n\u00f6v\u00e9nyeket az utols\u00f3 fagy ut\u00e1n kb. 2-3 h\u00e9ttel tedd ki a szabadba.<\/p>\n<p>T\u00edpus: Capsicum chinense<br \/>\nH\u0151fokozat: 10<br \/>\nScoville 100.000 &#8211; 500.000 SHU<br \/>\nOptim\u00e1lis cs\u00edr\u00e1z\u00e1si h\u0151m\u00e9rs\u00e9klet: 22 &#8211; 28 \u00b0C<br \/>\nVet\u00e9s: janu\u00e1r &#8211; \u00e1prilis<br \/>\nVir\u00e1gok: feh\u00e9rek (m\u00e1jus-j\u00falius)<br \/>\nN\u00f6v\u00e9ny n\u00f6veked\u00e9si habitusa: bokros, kb. 100 cm magas<br \/>\n\u00c9rkez\u00e9s: z\u00f6ldt\u0151l pirosig<br \/>\nGy\u00fcm\u00f6lcse megjelen\u00e9se: enyh\u00e9n hajtogatott, kb. 5 x 5 cm<br \/>\n\u00c9r\u00e9si id\u0151: 90 nap<br \/>\nSz\u00e1rmaz\u00e1si hely: Nig\u00e9ria \/ Kong\u00f3<\/p>\n<p>A csomag 10 szem magot tartalmaz<\/p>\n","protected":false},"featured_media":38595,"comment_status":"closed","ping_status":"closed","template":"","meta":[],"product_brand":[],"product_cat":[8],"product_tag":[],"class_list":{"0":"post-38594","1":"product","2":"type-product","3":"status-publish","4":"has-post-thumbnail","6":"product_cat-paprika","8":"first","9":"instock","10":"taxable","11":"shipping-taxable","12":"purchasable","13":"product-type-simple"},"_links":{"self":[{"href":"https:\/\/chilimag.hu\/webshop\/wp-json\/wp\/v2\/product\/38594","targetHints":{"allow":["GET"]}}],"collection":[{"href":"https:\/\/chilimag.hu\/webshop\/wp-json\/wp\/v2\/product"}],"about":[{"href":"https:\/\/chilimag.hu\/webshop\/wp-json\/wp\/v2\/types\/product"}],"replies":[{"embeddable":true,"href":"https:\/\/chilimag.hu\/webshop\/wp-json\/wp\/v2\/comments?post=38594"}],"wp:featuredmedia":[{"embeddable":true,"href":"https:\/\/chilimag.hu\/webshop\/wp-json\/wp\/v2\/media\/38595"}],"wp:attachment":[{"href":"https:\/\/chilimag.hu\/webshop\/wp-json\/wp\/v2\/media?parent=38594"}],"wp:term":[{"taxonomy":"product_brand","embeddable":true,"href":"https:\/\/chilimag.hu\/webshop\/wp-json\/wp\/v2\/product_brand?post=38594"},{"taxonomy":"product_cat","embeddable":true,"href":"https:\/\/chilimag.hu\/webshop\/wp-json\/wp\/v2\/product_cat?post=38594"},{"taxonomy":"product_tag","embeddable":true,"href":"https:\/\/chilimag.hu\/webshop\/wp-json\/wp\/v2\/product_tag?post=38594"}],"curies":[{"name":"wp","href":"https:\/\/api.w.org\/{rel}","templated":true}]}}