{"id":38592,"date":"2025-12-10T14:37:09","date_gmt":"2025-12-10T14:37:09","guid":{"rendered":"https:\/\/chilimag.hu\/webshop\/?post_type=product&#038;p=38592"},"modified":"2025-12-10T14:37:09","modified_gmt":"2025-12-10T14:37:09","slug":"primo-lucifer","status":"publish","type":"product","link":"https:\/\/chilimag.hu\/webshop\/termek\/primo-lucifer\/","title":{"rendered":"Primo Lucifer"},"content":{"rendered":"","protected":false},"excerpt":{"rendered":"<p>Le\u00edr\u00e1s<\/p>\n<p>Botanikai n\u00e9v: Capsicum Chinense<\/p>\n<p><mark class=\"HxTRcb\" data-processed=\"true\"><span class=\"N9Q8Lc\">egy rendk\u00edv\u00fcl cs\u00edp\u0151s chili paprika fajta<\/span><\/mark><span class=\"N9Q8Lc\">, a <\/span><em class=\"eujQNb\" data-processed=\"true\"><span class=\"N9Q8Lc\">Capsicum chinense<\/span><\/em><span class=\"N9Q8Lc\"> fajba tartozik, amely a 7 Pot Primo paprik\u00e1b\u00f3l lett nemes\u00edtve. Hatalmas, ak\u00e1r 1.1-2 milli\u00f3 Scoville-egys\u00e9g (SHU) k\u00f6z\u00f6tti cs\u00edp\u0151ss\u00e9g\u00e9r\u0151l, gy\u00fcm\u00f6lcs\u00f6s \u00edz\u00e9r\u0151l, jellegzetes, t\u00fcsk\u00e9s, r\u00e1ncos kin\u00e9zet\u00e9r\u0151l \u00e9s pirosra \u00e9r\u0151 term\u00e9s\u00e9r\u0151l ismert, ide\u00e1lis forr\u00f3 sz\u00f3szokhoz \u00e9s sals\u00e1khoz.<\/span><span class=\"uJ19be notranslate\" data-wiz-uids=\"cghohb_b,cghohb_c,cghohb_d\" data-processed=\"true\"><span class=\"vKEkVd\" data-animation-atomic=\"\" data-processed=\"true\">\u00a0<\/span><\/span><\/p>\n<p>Scoville: 1.000.000-1.200.000-<\/p>\n<p>Gondoz\u00e1sa:A cs\u00edr\u00e1z\u00e1si h\u0151m\u00e9rs\u00e9klet 21 \u00e9s 28\u00b0C k\u00f6z\u00f6tt van (8-20 napos cs\u00edr\u00e1z\u00e1si id\u0151szak), ez\u00e9rt \u00fcvegh\u00e1z \u00e9s f\u0171t\u0151sz\u0151nyeg haszn\u00e1lata javasolt. A n\u00f6v\u00e9nyeknek friss, j\u00f3l tr\u00e1gy\u00e1zott, v\u00edz\u00e1tereszt\u0151 talajra van sz\u00fcks\u00e9g\u00fck, nem t\u0171rik a bevizesed\u00e9st. Napos, v\u00e9dett helyre \u00fcltess\u00fck, ahol legal\u00e1bb 6 \u00f3ra \u2013 lehet\u0151leg t\u00f6bb \u2013 napf\u00e9ny \u00e9ri. Tedd ki a n\u00f6v\u00e9nyeket kb. 2-3 h\u00e9ttel az utols\u00f3 fagy ut\u00e1n.<\/p>\n<p>A csomag 10 szem magot tartalmaz<\/p>\n","protected":false},"featured_media":38593,"comment_status":"closed","ping_status":"closed","template":"","meta":[],"product_brand":[],"product_cat":[8],"product_tag":[],"class_list":{"0":"post-38592","1":"product","2":"type-product","3":"status-publish","4":"has-post-thumbnail","6":"product_cat-paprika","8":"first","9":"instock","10":"taxable","11":"shipping-taxable","12":"purchasable","13":"product-type-simple"},"_links":{"self":[{"href":"https:\/\/chilimag.hu\/webshop\/wp-json\/wp\/v2\/product\/38592","targetHints":{"allow":["GET"]}}],"collection":[{"href":"https:\/\/chilimag.hu\/webshop\/wp-json\/wp\/v2\/product"}],"about":[{"href":"https:\/\/chilimag.hu\/webshop\/wp-json\/wp\/v2\/types\/product"}],"replies":[{"embeddable":true,"href":"https:\/\/chilimag.hu\/webshop\/wp-json\/wp\/v2\/comments?post=38592"}],"wp:featuredmedia":[{"embeddable":true,"href":"https:\/\/chilimag.hu\/webshop\/wp-json\/wp\/v2\/media\/38593"}],"wp:attachment":[{"href":"https:\/\/chilimag.hu\/webshop\/wp-json\/wp\/v2\/media?parent=38592"}],"wp:term":[{"taxonomy":"product_brand","embeddable":true,"href":"https:\/\/chilimag.hu\/webshop\/wp-json\/wp\/v2\/product_brand?post=38592"},{"taxonomy":"product_cat","embeddable":true,"href":"https:\/\/chilimag.hu\/webshop\/wp-json\/wp\/v2\/product_cat?post=38592"},{"taxonomy":"product_tag","embeddable":true,"href":"https:\/\/chilimag.hu\/webshop\/wp-json\/wp\/v2\/product_tag?post=38592"}],"curies":[{"name":"wp","href":"https:\/\/api.w.org\/{rel}","templated":true}]}}