{"id":38356,"date":"2025-10-18T09:39:18","date_gmt":"2025-10-18T09:39:18","guid":{"rendered":"https:\/\/chilimag.hu\/webshop\/?post_type=product&#038;p=38356"},"modified":"2025-10-18T09:39:18","modified_gmt":"2025-10-18T09:39:18","slug":"bhutan-red","status":"publish","type":"product","link":"https:\/\/chilimag.hu\/webshop\/termek\/bhutan-red\/","title":{"rendered":"Bhutan Red"},"content":{"rendered":"","protected":false},"excerpt":{"rendered":"<p><img decoding=\"async\" src=\"https:\/\/chilimag.hu\/webshop\/wp-content\/uploads\/2014\/11\/chilimag-logo-2-150x150.jpg\" \/><\/p>\n<p><strong>Le\u00edr\u00e1s<\/strong><\/p>\n<p>Botanikai n\u00e9v: Capsicum annuum<\/p>\n<p>Scoville:<\/p>\n<p>A cs\u00edp\u0151s \u00e9telek \u00faj jelent\u00e9st nyertek, mivel a chili a himal\u00e1jai kir\u00e1lys\u00e1gban \u00e9l\u0151 emberek \u00e9letm\u00f3dj\u00e1v\u00e1 v\u00e1lt.<\/p>\n<p>A Bhut\u00e1ni chili paprika az egyik legelterjedtebb chilifajta a Himalayaban, \u00e9s igazi klasszikus a f\u0171szertart\u00f3n. A fajta nem ismert mikor ker\u00fclt be az orsz\u00e1gban de m\u00e1ra m\u00e1r elengedhetetlen a bhut\u00e1ni konyh\u00e1ba. Nagyon sok modszerrel tart\u00f3s\u00edtj\u00e1k \u00e9s haszn\u00e1lj\u00e1k minden \u00e9telben.<\/p>\n<p>A bhut\u00e1ni chili n\u00f6v\u00e9ny term\u00e9sei nagyon v\u00e9kony k\u00fcls\u0151 falakkal, sz\u0151l\u0151szer\u0171 k\u00edgy\u00f3s n\u00f6veked\u00e9s\u00fckkel \u00e9s jellegzetes t\u00fczes-f\u00fcst\u00f6s \u00edz\u00fckkel ismertek. Kiv\u00e1l\u00f3an alkalmasak sz\u00e1r\u00edt\u00e1sra vagy \u201eristra\u201d k\u00e9sz\u00edt\u00e9s\u00e9re, ahol sok paprika k\u00f6t \u00f6ssze egy hossz\u00fa madzagra.<\/p>\n<p>Gondoz\u00e1s: A cs\u00edr\u00e1z\u00e1si h\u0151m\u00e9rs\u00e9klet 22\u00b0C \u00e9s 28\u00b0C k\u00f6z\u00f6tt van (cs\u00edr\u00e1z\u00e1si id\u0151: 6-20 nap); ez\u00e9rt \u00fcvegh\u00e1z \u00e9s f\u0171t\u0151sz\u0151nyeg haszn\u00e1lata javasolt. A n\u00f6v\u00e9nyeknek friss, j\u00f3l tr\u00e1gy\u00e1zott v\u00edz\u00e1tereszt\u0151 talajra van sz\u00fcks\u00e9g\u00fck, \u00e9s nem szabad \u00e1ll\u00f3v\u00edzben hagyni. Napos, v\u00e9dett helyre kell helyezni, ahol legal\u00e1bb napi 6 \u00f3ra napf\u00e9ny \u00e9ri, ha nem t\u00f6bb. K\u00f6r\u00fclbel\u00fcl 2-3 h\u00e9ttel az utols\u00f3 fagy ut\u00e1n helyezze ki a n\u00f6v\u00e9nyeket a szabadba. Amikor a pal\u00e1nt\u00e1kat a szabadba \u00fclteti, \u00fcgyeljen arra, hogy az egyes n\u00f6v\u00e9nyek k\u00f6z\u00f6tt legal\u00e1bb 30-40 cm t\u00e1vols\u00e1g legyen. A f\u0151 betakar\u00edt\u00e1st k\u00f6r\u00fclbel\u00fcl 3 h\u00f3napos \u00e9r\u00e9si id\u0151 ut\u00e1n kell elv\u00e9gezni.<\/p>\n<p>Capsicum annuum t\u00edpus<br \/>\nF\u0171szerszint 8<br \/>\nScoville 20 000 \u2013 50 000 SHU<br \/>\nOptim\u00e1lis cs\u00edr\u00e1z\u00e1si h\u0151m\u00e9rs\u00e9klet 22 \u2013 28 \u00b0C<br \/>\nVet\u00e9s jan \u2013 \u00e1pr<br \/>\nFeh\u00e9r vir\u00e1gok (m\u00e1jus-augusztus)<br \/>\nN\u00f6veked\u00e9si szok\u00e1sa Bokros, 60-80 cm magas<br \/>\n\u00c9rlel\u00e9s Z\u00f6ldt\u0151l v\u00f6r\u00f6sig<br \/>\nGy\u00fcm\u00f6lcs megjelen\u00e9se 6-15 cm hossz\u00fa, keskeny term\u00e9sek<br \/>\n\u00c9rlel\u00e9si id\u0151 80-90 nap<br \/>\nSz\u00e1rmaz\u00e1si hely Bhut\u00e1n<\/p>\n<p>&nbsp;<\/p>\n<p>&nbsp;<\/p>\n","protected":false},"featured_media":38357,"comment_status":"closed","ping_status":"closed","template":"","meta":[],"product_brand":[],"product_cat":[8],"product_tag":[],"class_list":{"0":"post-38356","1":"product","2":"type-product","3":"status-publish","4":"has-post-thumbnail","6":"product_cat-paprika","8":"first","9":"instock","10":"taxable","11":"shipping-taxable","12":"purchasable","13":"product-type-simple"},"_links":{"self":[{"href":"https:\/\/chilimag.hu\/webshop\/wp-json\/wp\/v2\/product\/38356","targetHints":{"allow":["GET"]}}],"collection":[{"href":"https:\/\/chilimag.hu\/webshop\/wp-json\/wp\/v2\/product"}],"about":[{"href":"https:\/\/chilimag.hu\/webshop\/wp-json\/wp\/v2\/types\/product"}],"replies":[{"embeddable":true,"href":"https:\/\/chilimag.hu\/webshop\/wp-json\/wp\/v2\/comments?post=38356"}],"wp:featuredmedia":[{"embeddable":true,"href":"https:\/\/chilimag.hu\/webshop\/wp-json\/wp\/v2\/media\/38357"}],"wp:attachment":[{"href":"https:\/\/chilimag.hu\/webshop\/wp-json\/wp\/v2\/media?parent=38356"}],"wp:term":[{"taxonomy":"product_brand","embeddable":true,"href":"https:\/\/chilimag.hu\/webshop\/wp-json\/wp\/v2\/product_brand?post=38356"},{"taxonomy":"product_cat","embeddable":true,"href":"https:\/\/chilimag.hu\/webshop\/wp-json\/wp\/v2\/product_cat?post=38356"},{"taxonomy":"product_tag","embeddable":true,"href":"https:\/\/chilimag.hu\/webshop\/wp-json\/wp\/v2\/product_tag?post=38356"}],"curies":[{"name":"wp","href":"https:\/\/api.w.org\/{rel}","templated":true}]}}