{"id":38352,"date":"2025-10-18T09:07:57","date_gmt":"2025-10-18T09:07:57","guid":{"rendered":"https:\/\/chilimag.hu\/webshop\/?post_type=product&#038;p=38352"},"modified":"2026-02-28T15:22:34","modified_gmt":"2026-02-28T15:22:34","slug":"jalapeno-craig-grande","status":"publish","type":"product","link":"https:\/\/chilimag.hu\/webshop\/termek\/jalapeno-craig-grande\/","title":{"rendered":"Jalapeno Craig Grande"},"content":{"rendered":"","protected":false},"excerpt":{"rendered":"<p><img decoding=\"async\" src=\"https:\/\/chilimag.hu\/webshop\/wp-content\/uploads\/2014\/11\/chilimag-logo-2-150x150.jpg\" \/><\/p>\n<p><strong>Le\u00edr\u00e1s<\/strong><\/p>\n<p>Botanikai n\u00e9v: Capsicum annuum<\/p>\n<p>Scoville:2.000 &#8211; 4.500 SHU<\/p>\n<p>A Jalape\u00f1o Craigs Grande egy nagyon \u00e9des, gy\u00fcm\u00f6lcs\u00f6s \u00e9s arom\u00e1s chilifajta, amely nagy piros term\u00e9seivel \u00e9s alacsony dug\u00f3k\u00e9pz\u0151d\u00e9s\u00e9vel \u00f6rvendezik. A h\u00fcvelyek ide\u00e1lisak sz\u00e1r\u00edt\u00e1sra, porr\u00e1 feldolgoz\u00e1sra, friss fogyaszt\u00e1sra vagy t\u00f6ltel\u00e9knek. Mivel a h\u00fcvelyek nagyon enyhe \u00edz\u0171ek, kezd\u0151knek is alkalmasak a chili kipr\u00f3b\u00e1l\u00e1s\u00e1ra.<\/p>\n<p>Gondoz\u00e1s: A cs\u00edr\u00e1z\u00e1si h\u0151m\u00e9rs\u00e9klet 22 \u00e9s 28 \u00b0C k\u00f6z\u00f6tt van (12-21 napos cs\u00edr\u00e1z\u00e1si id\u0151szak), ez\u00e9rt \u00fcvegh\u00e1z \u00e9s f\u0171t\u0151sz\u0151nyeg haszn\u00e1lata aj\u00e1nlott. A n\u00f6v\u00e9nyeknek friss, j\u00f3l tr\u00e1gy\u00e1zott, j\u00f3 v\u00edzelvezet\u00e9s\u0171 talajra van sz\u00fcks\u00e9g\u00fck, \u00e9s nem t\u0171rik a pang\u00e1st. Teljes napos, v\u00e9dett helyre kell helyezni \u0151ket, legal\u00e1bb 6 \u00f3r\u00e1nyi napf\u00e9nyben, lehet\u0151leg t\u00f6bbet. A n\u00f6v\u00e9nyeket legkor\u00e1bban az utols\u00f3 fagy ut\u00e1n kb. 2-3 h\u00e9ttel szabad kihelyezni. Ha cser\u00e9pben neveli a n\u00f6v\u00e9nyt, \u00e1tteleltetheti. Ehhez esetleg kiss\u00e9 vissza kell v\u00e1gni, \u00e9s vil\u00e1gos helyre kell helyezni, legal\u00e1bb 15 \u00b0C h\u0151m\u00e9rs\u00e9kleten.4-es fok<\/p>\n<p>Optim\u00e1lis cs\u00edr\u00e1z\u00e1si h\u0151m\u00e9rs\u00e9klet 22 &#8211; 28 \u00b0C<br \/>\nVet\u0151z\u00e9s janu\u00e1r &#8211; \u00e1prilis<br \/>\nVir\u00e1gok feh\u00e9rek (\u00e1prilis-augusztus)<br \/>\nN\u00f6veked\u00e9si habitus<br \/>\n70 &#8211; 100 cm, kompakt n\u00f6veked\u00e9s<br \/>\n\u00c9r\u00fcl\u00e9s<br \/>\nz\u00f6ldt\u0151l pirosig<br \/>\nGy\u00fcm\u00f6lcs megjelen\u00e9se<br \/>\n6 &#8211; 8 cm, bar\u00e1zd\u00e1lt,<br \/>\nenyh\u00e9n k\u00fapos.<\/p>\n<p>A csomag 10 szem magot tartalmaz<\/p>\n<p>&nbsp;<\/p>\n<p>&nbsp;<\/p>\n<p>&nbsp;<\/p>\n","protected":false},"featured_media":38354,"comment_status":"closed","ping_status":"closed","template":"","meta":[],"product_brand":[],"product_cat":[8],"product_tag":[],"class_list":{"0":"post-38352","1":"product","2":"type-product","3":"status-publish","4":"has-post-thumbnail","6":"product_cat-paprika","8":"first","9":"outofstock","10":"taxable","11":"shipping-taxable","12":"purchasable","13":"product-type-simple"},"_links":{"self":[{"href":"https:\/\/chilimag.hu\/webshop\/wp-json\/wp\/v2\/product\/38352","targetHints":{"allow":["GET"]}}],"collection":[{"href":"https:\/\/chilimag.hu\/webshop\/wp-json\/wp\/v2\/product"}],"about":[{"href":"https:\/\/chilimag.hu\/webshop\/wp-json\/wp\/v2\/types\/product"}],"replies":[{"embeddable":true,"href":"https:\/\/chilimag.hu\/webshop\/wp-json\/wp\/v2\/comments?post=38352"}],"wp:featuredmedia":[{"embeddable":true,"href":"https:\/\/chilimag.hu\/webshop\/wp-json\/wp\/v2\/media\/38354"}],"wp:attachment":[{"href":"https:\/\/chilimag.hu\/webshop\/wp-json\/wp\/v2\/media?parent=38352"}],"wp:term":[{"taxonomy":"product_brand","embeddable":true,"href":"https:\/\/chilimag.hu\/webshop\/wp-json\/wp\/v2\/product_brand?post=38352"},{"taxonomy":"product_cat","embeddable":true,"href":"https:\/\/chilimag.hu\/webshop\/wp-json\/wp\/v2\/product_cat?post=38352"},{"taxonomy":"product_tag","embeddable":true,"href":"https:\/\/chilimag.hu\/webshop\/wp-json\/wp\/v2\/product_tag?post=38352"}],"curies":[{"name":"wp","href":"https:\/\/api.w.org\/{rel}","templated":true}]}}