{"id":38350,"date":"2025-10-18T08:58:49","date_gmt":"2025-10-18T08:58:49","guid":{"rendered":"https:\/\/chilimag.hu\/webshop\/?post_type=product&#038;p=38350"},"modified":"2026-01-30T21:47:02","modified_gmt":"2026-01-30T21:47:02","slug":"black-blood-ghost","status":"publish","type":"product","link":"https:\/\/chilimag.hu\/webshop\/termek\/black-blood-ghost\/","title":{"rendered":"Black Blood Ghost"},"content":{"rendered":"","protected":false},"excerpt":{"rendered":"<p><img decoding=\"async\" src=\"https:\/\/chilimag.hu\/webshop\/wp-content\/uploads\/2014\/11\/chilimag-logo-2-150x150.jpg\" \/><\/p>\n<p><strong>Le\u00edr\u00e1s<\/strong><\/p>\n<p>Botanikai n\u00e9v: Capsicum Chinese<\/p>\n<p>Scoville:800.000+<\/p>\n<p>A v\u00e9rszellempaprika egy ritka chilifajta, sz\u00e1mos egyedi tulajdons\u00e1ggal, t\u00f6bbek k\u00f6z\u00f6tt:<br \/>\nMegjelen\u00e9s: A v\u00e9rszellempaprik\u00e1nak s\u00f6t\u00e9tlila levelei \u00e9s sz\u00e1rai, valamint fekete sz\u00e1rai vannak. A term\u00e9sek feket\u00e9k, majd s\u00f6t\u00e9tv\u00f6r\u00f6s, bord\u00f3 \u00e9s fekete sz\u00edn\u0171re \u00e9rnek.<br \/>\n\u00cdz: A v\u00e9rszellempaprika \u00e9des, kezdetleges \u00edz\u0171, vir\u00e1gos ut\u00f3\u00edzzel.<br \/>\nCs\u00edp\u0151ss\u00e9g: A v\u00e9rszellempaprika becsl\u00e9sek szerint cs\u00edp\u0151sebb, mint m\u00e1s szellemfajt\u00e1k, Scoville-besorol\u00e1suk k\u00f6r\u00fclbel\u00fcl 800 000+.<br \/>\nN\u00f6veked\u00e9s: A v\u00e9rszellempaprika k\u00f6nnyen termeszthet\u0151, \u00e9s kont\u00e9nerben is term\u00e9keny lehet. Ak\u00e1r 1,2 m\u00e9ter magasra is megn\u0151het.<br \/>\nBetakar\u00edt\u00e1s: A v\u00e9rszellempaprika betakar\u00edt\u00e1sa t\u00f6bb mint 100 napot vesz ig\u00e9nybe.<\/p>\n<p>D\u00edszes, hasznos chili paprikafajta, amely ide\u00e1lis konyhai d\u00edszn\u00f6v\u00e9nyk\u00e9nt. \u00a0Egy kis cs\u00edp\u0151ss\u00e9get adhatnak az \u00e9teleknek. A sz\u00ednek sz\u00e9pek, ahogy z\u00f6ldb\u0151l lil\u00e1ba\/feket\u00e9be \u00e9s pirosba \u00e9rnek<\/p>\n<p>Gondoz\u00e1s: A cs\u00edr\u00e1z\u00e1si h\u0151m\u00e9rs\u00e9klet 22\u00b0C \u00e9s 28\u00b0C k\u00f6z\u00f6tt van (cs\u00edr\u00e1z\u00e1si id\u0151: 8-21 nap); ez\u00e9rt \u00fcvegh\u00e1z \u00e9s f\u0171t\u0151sz\u0151nyeg haszn\u00e1lata javasolt. A n\u00f6v\u00e9nyeknek friss, j\u00f3l tr\u00e1gy\u00e1zott, v\u00edz\u00e1tereszt\u0151 talajra van sz\u00fcks\u00e9g\u00fck, nem t\u0171rik a bevizesed\u00e9st. Napos, v\u00e9dett helyre \u00fcltess\u00fck, ahol legal\u00e1bb 6 \u00f3ra \u2013 lehet\u0151leg t\u00f6bb \u2013 napf\u00e9ny \u00e9ri. Tedd ki a n\u00f6v\u00e9nyeket kb. 2-3 h\u00e9ttel az utols\u00f3 fagy ut\u00e1n. Mivel a n\u00f6v\u00e9nyeknek k\u00fcl\u00f6n\u00f6sen hossz\u00fa az \u00e9r\u00e9si ideje, \u00e9rdemes cser\u00e9pben termeszteni \u0151ket, \u00edgy a napk\u00f6zbeni h\u0151m\u00e9rs\u00e9klet 12\u00b0C al\u00e1 s\u00fcllyed\u00e9sekor k\u00f6nnyen be lehet vinni a n\u00f6v\u00e9nyt, \u00edgy minden gy\u00fcm\u00f6lcs be\u00e9rik. Ahhoz, hogy a n\u00f6v\u00e9nyt t\u00e9len is meg\u0151rizze, betakar\u00edt\u00e1s ut\u00e1n v\u00e1gja vissza 20 cm-rel, \u00e9s tegye vil\u00e1gos helyre, ahol legal\u00e1bb 15\u00b0C h\u0151m\u00e9rs\u00e9klet\u0171.<\/p>\n<p>A csomag 10 szem magot tartalmaz<\/p>\n<p>&nbsp;<\/p>\n<p>&nbsp;<\/p>\n<p>&nbsp;<\/p>\n","protected":false},"featured_media":38351,"comment_status":"closed","ping_status":"closed","template":"","meta":[],"product_brand":[],"product_cat":[8],"product_tag":[],"class_list":{"0":"post-38350","1":"product","2":"type-product","3":"status-publish","4":"has-post-thumbnail","6":"product_cat-paprika","8":"first","9":"outofstock","10":"taxable","11":"shipping-taxable","12":"purchasable","13":"product-type-simple"},"_links":{"self":[{"href":"https:\/\/chilimag.hu\/webshop\/wp-json\/wp\/v2\/product\/38350","targetHints":{"allow":["GET"]}}],"collection":[{"href":"https:\/\/chilimag.hu\/webshop\/wp-json\/wp\/v2\/product"}],"about":[{"href":"https:\/\/chilimag.hu\/webshop\/wp-json\/wp\/v2\/types\/product"}],"replies":[{"embeddable":true,"href":"https:\/\/chilimag.hu\/webshop\/wp-json\/wp\/v2\/comments?post=38350"}],"wp:featuredmedia":[{"embeddable":true,"href":"https:\/\/chilimag.hu\/webshop\/wp-json\/wp\/v2\/media\/38351"}],"wp:attachment":[{"href":"https:\/\/chilimag.hu\/webshop\/wp-json\/wp\/v2\/media?parent=38350"}],"wp:term":[{"taxonomy":"product_brand","embeddable":true,"href":"https:\/\/chilimag.hu\/webshop\/wp-json\/wp\/v2\/product_brand?post=38350"},{"taxonomy":"product_cat","embeddable":true,"href":"https:\/\/chilimag.hu\/webshop\/wp-json\/wp\/v2\/product_cat?post=38350"},{"taxonomy":"product_tag","embeddable":true,"href":"https:\/\/chilimag.hu\/webshop\/wp-json\/wp\/v2\/product_tag?post=38350"}],"curies":[{"name":"wp","href":"https:\/\/api.w.org\/{rel}","templated":true}]}}