{"id":38341,"date":"2025-10-15T12:42:52","date_gmt":"2025-10-15T12:42:52","guid":{"rendered":"https:\/\/chilimag.hu\/webshop\/?post_type=product&#038;p=38341"},"modified":"2026-02-17T20:05:21","modified_gmt":"2026-02-17T20:05:21","slug":"habanero-aji-umba-red-adjuma-sch","status":"publish","type":"product","link":"https:\/\/chilimag.hu\/webshop\/termek\/habanero-aji-umba-red-adjuma-sch\/","title":{"rendered":"Habanero Aji Umba Red (Adjuma) SCh"},"content":{"rendered":"","protected":false},"excerpt":{"rendered":"<p><img decoding=\"async\" src=\"https:\/\/chilimag.hu\/webshop\/wp-content\/uploads\/2014\/11\/chilimag-logo-2-150x150.jpg\" \/><\/p>\n<p><strong>Term\u00e9kle\u00edr\u00e1s<\/strong><\/p>\n<p>&nbsp;<\/p>\n<p>Botanikai n\u00e9v: Capsicum chinense<\/p>\n<p>Scoville: 100.000-500.000. SHU<\/p>\n<p>Az Aji Umba Red vagy Ajumba egy nagy termet\u0171 habanero fajta Suriname-b\u00f3l, D\u00e9l-Amerik\u00e1b\u00f3l. A n\u00f6v\u00e9nyek er\u0151sek \u00e9s term\u00e9kenyek, a habaner\u00f3k pedig rendk\u00edv\u00fcl cs\u00edp\u0151sek, csod\u00e1latos gy\u00fcm\u00f6lcs\u00f6s, tipikus habanero \u00edzzel. Nagyszer\u0171ek \u00e9telek \u00edzes\u00edt\u00e9s\u00e9re, cs\u00edp\u0151s sz\u00f3szok \u00e9s \u00edzletes chilipor k\u00e9sz\u00edt\u00e9s\u00e9re.<\/p>\n<p>A habanero fajt\u00e1kr\u00f3l \u00fagy tartj\u00e1k, hogy Mexik\u00f3 Yucat\u00e1n r\u00e9gi\u00f3j\u00e1b\u00f3l sz\u00e1rmaznak. B\u00e1r a &#8222;habanero&#8221; n\u00e9v jelent\u00e9se &#8222;valaki vagy valami Havann\u00e1b\u00f3l&#8221;, a n\u00f6v\u00e9ny csak elszigetelten n\u0151 Kuba sziget\u00e9n. M\u00e9g ma is els\u0151sorban a Yucat\u00e1n-f\u00e9lszigeten termesztik, itt azonban t\u00falnyom\u00f3r\u00e9szt narancss\u00e1rga \u00e9s s\u00e1rga habanero fajt\u00e1kat termesztenek. A piros v\u00e1ltozat \u00e1ltal\u00e1ban a Karib-t\u00e9rs\u00e9gb\u0151l vagy az USA d\u00e9li \u00e1llamaib\u00f3l sz\u00e1rmazik.<\/p>\n<p>Gondoz\u00e1s: A cs\u00edr\u00e1z\u00e1si h\u0151m\u00e9rs\u00e9klet 22\u00b0C \u00e9s 28\u00b0C k\u00f6z\u00f6tt van (cs\u00edr\u00e1z\u00e1si id\u0151: 8-21 nap); ez\u00e9rt \u00fcvegh\u00e1z \u00e9s f\u0171t\u0151sz\u0151nyeg haszn\u00e1lata aj\u00e1nlott. A n\u00f6v\u00e9nyeknek friss, j\u00f3l tr\u00e1gy\u00e1zott, \u00e1tereszt\u0151 talajra van sz\u00fcks\u00e9g\u00fck, \u00e9s nem t\u0171rik a pang\u00f3 vizet. Napos, v\u00e9dett helyre kell \u00fcltetni \u0151ket, ahol legal\u00e1bb 6 \u00f3ra napf\u00e9ny \u00e9ri \u0151ket &#8211; lehet\u0151leg t\u00f6bb. A n\u00f6v\u00e9nyeket az utols\u00f3 fagy ut\u00e1n kb. 2-3 h\u00e9ttel \u00fcltess\u00fck ki. Mivel a n\u00f6v\u00e9nyek k\u00fcl\u00f6n\u00f6sen hossz\u00fa \u00e9r\u00e9si id\u0151vel rendelkeznek, aj\u00e1nlott cser\u00e9pben nevelni \u0151ket, hogy k\u00f6nnyen be lehessen vinni a n\u00f6v\u00e9nyt a h\u00e1zba, amikor a h\u0151m\u00e9rs\u00e9klet napk\u00f6zben 12\u00b0C al\u00e1 s\u00fcllyed, \u00e9s az \u00f6sszes gy\u00fcm\u00f6lcs be\u00e9rhessen. A n\u00f6v\u00e9ny \u00e1ttelel\u00e9s\u00e9hez sz\u00fcret ut\u00e1n v\u00e1gjuk vissza 20 cm-rel, \u00e9s helyezz\u00fck vil\u00e1gos helyre, ahol legal\u00e1bb 15\u00b0C van.<\/p>\n<p>10-es f\u0171szerszint<br \/>\nScoville 100 000 &#8211; 500 000 SHU<br \/>\nOptim\u00e1lis cs\u00edr\u00e1z\u00e1si h\u0151m\u00e9rs\u00e9klet 22 &#8211; 28 \u00b0C<br \/>\nVet\u00e9s janu\u00e1r &#8211; \u00e1prilis<br \/>\nFeh\u00e9r vir\u00e1gok (m\u00e1jus &#8211; j\u00falius)<br \/>\nN\u00f6veked\u00e9si habitus bokros, kb. 90 cm magas<br \/>\n\u00c9r\u00e9se z\u00f6ldt\u0151l pirosig<br \/>\nA gy\u00fcm\u00f6lcs megjelen\u00e9se mini kaliforniai paprik\u00e1ra hasonl\u00edt, 2,5 x 4 cm<br \/>\n\u00c9r\u00e9si id\u0151 90 &#8211; 100 nap<br \/>\nSz\u00e1rmaz\u00e1si hely: Suriname<\/p>\n<p>A csomag 10 szem magot tartalmaz<\/p>\n<p>&nbsp;<\/p>\n","protected":false},"featured_media":38342,"comment_status":"closed","ping_status":"closed","template":"","meta":[],"product_brand":[],"product_cat":[8],"product_tag":[],"class_list":{"0":"post-38341","1":"product","2":"type-product","3":"status-publish","4":"has-post-thumbnail","6":"product_cat-paprika","8":"first","9":"instock","10":"taxable","11":"shipping-taxable","12":"purchasable","13":"product-type-simple"},"_links":{"self":[{"href":"https:\/\/chilimag.hu\/webshop\/wp-json\/wp\/v2\/product\/38341","targetHints":{"allow":["GET"]}}],"collection":[{"href":"https:\/\/chilimag.hu\/webshop\/wp-json\/wp\/v2\/product"}],"about":[{"href":"https:\/\/chilimag.hu\/webshop\/wp-json\/wp\/v2\/types\/product"}],"replies":[{"embeddable":true,"href":"https:\/\/chilimag.hu\/webshop\/wp-json\/wp\/v2\/comments?post=38341"}],"wp:featuredmedia":[{"embeddable":true,"href":"https:\/\/chilimag.hu\/webshop\/wp-json\/wp\/v2\/media\/38342"}],"wp:attachment":[{"href":"https:\/\/chilimag.hu\/webshop\/wp-json\/wp\/v2\/media?parent=38341"}],"wp:term":[{"taxonomy":"product_brand","embeddable":true,"href":"https:\/\/chilimag.hu\/webshop\/wp-json\/wp\/v2\/product_brand?post=38341"},{"taxonomy":"product_cat","embeddable":true,"href":"https:\/\/chilimag.hu\/webshop\/wp-json\/wp\/v2\/product_cat?post=38341"},{"taxonomy":"product_tag","embeddable":true,"href":"https:\/\/chilimag.hu\/webshop\/wp-json\/wp\/v2\/product_tag?post=38341"}],"curies":[{"name":"wp","href":"https:\/\/api.w.org\/{rel}","templated":true}]}}