{"id":38337,"date":"2025-10-15T12:12:14","date_gmt":"2025-10-15T12:12:14","guid":{"rendered":"https:\/\/chilimag.hu\/webshop\/?post_type=product&#038;p=38337"},"modified":"2026-03-19T12:48:51","modified_gmt":"2026-03-19T12:48:51","slug":"aji-charapita-red","status":"publish","type":"product","link":"https:\/\/chilimag.hu\/webshop\/termek\/aji-charapita-red\/","title":{"rendered":"Aji Charapita Red"},"content":{"rendered":"","protected":false},"excerpt":{"rendered":"<p><img decoding=\"async\" src=\"https:\/\/chilimag.hu\/webshop\/wp-content\/uploads\/2014\/11\/chilimag-logo-2-150x150.jpg\" \/><\/p>\n<p>&nbsp;<\/p>\n<p><strong>Term\u00e9kle\u00edr\u00e1s<\/strong><\/p>\n<p><strong>Aji Charapita Red chili magok<\/strong><\/p>\n<p>Az Aji Charapita Red Chilli a Charapita Yellow v\u00e1ltozata, amelyet az eredeti fajt\u00e1nak tekintenek. Mindkett\u0151 Peru \u00e9s Braz\u00edlia hat\u00e1rvid\u00e9k\u00e9r\u0151l sz\u00e1rmazik, \u00e9s gyakran a vil\u00e1g legdr\u00e1g\u00e1bb chilij\u00e9nek tartj\u00e1k.<\/p>\n<p>Ritkas\u00e1ga miatt n\u00e9ha kavi\u00e1r chilinek is nevezik. A Charapita Red kicsi, piros \u00e9s meglehet\u0151sen felt\u0171n\u00e9smentes, de 50 000-100 000 Scoville-fokozat\u00fa t\u00fczess\u00e9ggel \u00e9s p\u00e1ratlanul finom \u00edzzel rendelkezik: gy\u00fcm\u00f6lcs\u00f6s, vir\u00e1gos \u00e9s egzotikus. A n\u00f6v\u00e9ny termeszt\u00e9si ideje hossz\u00fa, a vet\u00e9st\u0151l a betakar\u00edt\u00e1sig 7-10 h\u00f3napig kell sz\u00e1m\u00edtani. A n\u00f6v\u00e9nyek bokrosan \u00e9s el\u00e1gazva n\u0151nek, ak\u00e1r 150 cm-re is megn\u0151hetnek, \u00e9s magas term\u00e9shozamot biztos\u00edtanak.<\/p>\n<p>Peruban a chilit frissen is fogyasztj\u00e1k, \u00e9s sz\u00f3szok \u00e9s sals\u00e1k \u00edzes\u00edt\u0151jek\u00e9nt haszn\u00e1lj\u00e1k, amelyeknek gy\u00fcm\u00f6lcs\u00f6s \u00edzt ad. A legt\u00f6bb esetben azonban por form\u00e1j\u00e1ban haszn\u00e1lj\u00e1k, \u00e9s a p\u00f6rk\u00f6ltek, f\u0151zel\u00e9kek \u00e9s sz\u00f3szok tipikus \u00edz\u00e9t adja.<\/p>\n<p>&nbsp;<\/p>\n<p>Gondoz\u00e1sa: A cs\u00edr\u00e1z\u00e1si h\u0151m\u00e9rs\u00e9klet 22\u00b0C \u00e9s 28\u00b0C k\u00f6z\u00f6tt van (cs\u00edr\u00e1z\u00e1si id\u0151: 10-20 nap); ez\u00e9rt \u00fcvegh\u00e1z \u00e9s f\u0171t\u0151sz\u0151nyeg haszn\u00e1lata aj\u00e1nlott. A n\u00f6v\u00e9nyeknek friss, j\u00f3l tr\u00e1gy\u00e1zott, \u00e1tereszt\u0151 talajra van sz\u00fcks\u00e9g\u00fck, \u00e9s nem t\u0171rik a pang\u00e1st. Napos, v\u00e9dett helyre kell \u00fcltetni \u0151ket, legal\u00e1bb 6 \u00f3r\u00e1nyi napf\u00e9nyben &#8211; lehet\u0151leg t\u00f6bbet. Mivel a n\u00f6v\u00e9nyek k\u00fcl\u00f6n\u00f6sen hossz\u00fa \u00e9r\u00e9si id\u0151vel rendelkeznek, aj\u00e1nlott cser\u00e9pben nevelni \u0151ket, hogy a n\u00f6v\u00e9nyt k\u00f6nnyen be lehessen vinni a h\u00e1zba, amikor a h\u0151m\u00e9rs\u00e9klet napk\u00f6zben 12\u00b0C al\u00e1 cs\u00f6kken, \u00e9s az \u00f6sszes gy\u00fcm\u00f6lcs be\u00e9rhessen. A n\u00f6v\u00e9ny \u00e1ttelel\u00e9s\u00e9hez a betakar\u00edt\u00e1s ut\u00e1n v\u00e1gjuk vissza 20 cm-rel, \u00e9s helyezz\u00fck vil\u00e1gos helyre, ahol legal\u00e1bb 15\u00b0C van.<\/p>\n<p>T\u00edpus: Capsicum chinense<br \/>\nF\u0171szeress\u00e9gi szint: 9<br \/>\nScoville 50 000 &#8211; 100 000 SHU<br \/>\nOptim\u00e1lis cs\u00edr\u00e1z\u00e1si h\u0151m\u00e9rs\u00e9klet: 22 &#8211; 28 \u00b0C<br \/>\nVet\u00e9s: janu\u00e1r &#8211; \u00e1prilis<br \/>\nVir\u00e1gok: feh\u00e9r (j\u00fan. &#8211; augusztus)<br \/>\nN\u00f6veked\u00e9si habitus: bokros, ak\u00e1r 150 cm magasra is megn\u0151het<br \/>\n\u00c9rkez\u00e9s: z\u00f6ldt\u0151l a pirosig<br \/>\nGy\u00fcm\u00f6lcs megjelen\u00e9se: kicsi, kerek, max. 1 cm \u00e1tm\u00e9r\u0151j\u0171<br \/>\n\u00c9r\u00e9si id\u0151: 100 &#8211; 110 nap<br \/>\nSz\u00e1rmaz\u00e1si hely: Peru<\/p>\n<p>&nbsp;<\/p>\n<p>A csomag 10 szem magot tartalmaz<\/p>\n<p>&nbsp;<\/p>\n","protected":false},"featured_media":38338,"comment_status":"closed","ping_status":"closed","template":"","meta":[],"product_brand":[],"product_cat":[8],"product_tag":[],"class_list":{"0":"post-38337","1":"product","2":"type-product","3":"status-publish","4":"has-post-thumbnail","6":"product_cat-paprika","8":"first","9":"instock","10":"taxable","11":"shipping-taxable","12":"purchasable","13":"product-type-simple"},"_links":{"self":[{"href":"https:\/\/chilimag.hu\/webshop\/wp-json\/wp\/v2\/product\/38337","targetHints":{"allow":["GET"]}}],"collection":[{"href":"https:\/\/chilimag.hu\/webshop\/wp-json\/wp\/v2\/product"}],"about":[{"href":"https:\/\/chilimag.hu\/webshop\/wp-json\/wp\/v2\/types\/product"}],"replies":[{"embeddable":true,"href":"https:\/\/chilimag.hu\/webshop\/wp-json\/wp\/v2\/comments?post=38337"}],"wp:featuredmedia":[{"embeddable":true,"href":"https:\/\/chilimag.hu\/webshop\/wp-json\/wp\/v2\/media\/38338"}],"wp:attachment":[{"href":"https:\/\/chilimag.hu\/webshop\/wp-json\/wp\/v2\/media?parent=38337"}],"wp:term":[{"taxonomy":"product_brand","embeddable":true,"href":"https:\/\/chilimag.hu\/webshop\/wp-json\/wp\/v2\/product_brand?post=38337"},{"taxonomy":"product_cat","embeddable":true,"href":"https:\/\/chilimag.hu\/webshop\/wp-json\/wp\/v2\/product_cat?post=38337"},{"taxonomy":"product_tag","embeddable":true,"href":"https:\/\/chilimag.hu\/webshop\/wp-json\/wp\/v2\/product_tag?post=38337"}],"curies":[{"name":"wp","href":"https:\/\/api.w.org\/{rel}","templated":true}]}}