{"id":38156,"date":"2025-09-09T17:39:30","date_gmt":"2025-09-09T17:39:30","guid":{"rendered":"https:\/\/chilimag.hu\/webshop\/?post_type=product&#038;p=38156"},"modified":"2026-02-17T10:15:33","modified_gmt":"2026-02-17T10:15:33","slug":"dobvero-virag-z-s-sl","status":"publish","type":"product","link":"https:\/\/chilimag.hu\/webshop\/termek\/dobvero-virag-z-s-sl\/","title":{"rendered":"Dobver\u0151 vir\u00e1g Billy Buttons Z.S SL"},"content":{"rendered":"","protected":false},"excerpt":{"rendered":"<div class=\"thumbnail thumbnail-image\"><img decoding=\"async\" draggable=\"false\" src=\"https:\/\/chilimag.hu\/webshop\/wp-content\/uploads\/2025\/09\/zalia_stotele_2-300x300-1-150x150.png\" alt=\"\" \/><\/div>\n<div class=\"details\"><\/div>\n<div class=\"e-hint\">\n<div class=\"e-hint__container\" data-event=\"image_optimizer_hint\">\n<div class=\"elementor-control-notice elementor-control-notice-type-info\" data-display=\"true\">\n<div class=\"elementor-control-notice-main action-handler\" data-event=\"image_optimizer_hint\" data-settings=\"eyJhY3Rpb25fdXJsIjoiaHR0cHM6XC9cL2NoaWxpbWFnLmh1XC93ZWJzaG9wXC93cC1hZG1pblwvdXBkYXRlLnBocD9hY3Rpb249aW5zdGFsbC1wbHVnaW4mYW1wO3BsdWdpbj1pbWFnZS1vcHRpbWl6YXRpb24mYW1wO193cG5vbmNlPTNmZjNkNzBmM2UifQ==\">\n<p><strong><strong>Term\u00e9kle\u00edr\u00e1s<\/strong><\/strong>L\u00e1gysz\u00e1r\u00fa \u00e9vel\u0151 n\u00f6v\u00e9ny, kiz\u00e1r\u00f3lag egyny\u00e1ri n\u00f6v\u00e9nyk\u00e9nt termesztve. 50-70 cm magasra n\u0151, halom alak\u00fa. A vir\u00e1gok g\u00f6mb alak\u00faak, s\u00e1rg\u00e1k, 2,5-3 cm \u00e1tm\u00e9r\u0151j\u0171ek. J\u00faliust\u00f3l okt\u00f3berig vir\u00e1gzik. Sz\u00e1r\u00edtott vir\u00e1gd\u00edszekben haszn\u00e1lj\u00e1k, a vir\u00e1gokkal egy\u00fctt sz\u00e1r\u00edtott sz\u00e1rak szil\u00e1rdak maradnak, \u00e9s nem vesz\u00edtik el \u00e9l\u00e9nk s\u00e1rga sz\u00edn\u00fcket, a vir\u00e1gk\u00f6t\u0151k \u201edobsz\u00e1rnak\u201d is nevezik \u0151ket. A term\u00e9keny, nedves, \u00e1tereszt\u0151 talajokat kedveli.<\/p>\n<p>L\u00e9gmentes csomagol\u00e1s: Igen<br \/>\nMennyis\u00e9g egy csomagban: 0,1 g<br \/>\nMagok sz\u00e1ma grammonk\u00e9nt: ~1500<br \/>\nVir\u00e1gz\u00e1si id\u0151szak: II-V<br \/>\nM\u00e1rka: \u017dalia stotel\u0117<br \/>\nVeget\u00e1ci\u00f3: \u00c9vel\u0151<br \/>\nVir\u00e1g\u00e1gy\u00e1sokba termeszt\u00e9sre alkalmas<br \/>\nA csomagol\u00e1son felt\u00fcntetett nyelvek: LT, EE, DE, LV, EN<br \/>\nT\u00f6meg: 0,1 g<\/p>\n<\/div>\n<div data-event=\"image_optimizer_hint\" data-settings=\"eyJhY3Rpb25fdXJsIjoiaHR0cHM6XC9cL2NoaWxpbWFnLmh1XC93ZWJzaG9wXC93cC1hZG1pblwvdXBkYXRlLnBocD9hY3Rpb249aW5zdGFsbC1wbHVnaW4mYW1wO3BsdWdpbj1pbWFnZS1vcHRpbWl6YXRpb24mYW1wO193cG5vbmNlPTNmZjNkNzBmM2UifQ==\"><\/div>\n<\/div>\n<\/div>\n<\/div>\n","protected":false},"featured_media":38157,"comment_status":"closed","ping_status":"closed","template":"","meta":[],"product_brand":[],"product_cat":[363],"product_tag":[],"class_list":{"0":"post-38156","1":"product","2":"type-product","3":"status-publish","4":"has-post-thumbnail","6":"product_cat-virag-vetomagok-zalia-stotele","8":"first","9":"instock","10":"taxable","11":"shipping-taxable","12":"purchasable","13":"product-type-simple"},"_links":{"self":[{"href":"https:\/\/chilimag.hu\/webshop\/wp-json\/wp\/v2\/product\/38156","targetHints":{"allow":["GET"]}}],"collection":[{"href":"https:\/\/chilimag.hu\/webshop\/wp-json\/wp\/v2\/product"}],"about":[{"href":"https:\/\/chilimag.hu\/webshop\/wp-json\/wp\/v2\/types\/product"}],"replies":[{"embeddable":true,"href":"https:\/\/chilimag.hu\/webshop\/wp-json\/wp\/v2\/comments?post=38156"}],"wp:featuredmedia":[{"embeddable":true,"href":"https:\/\/chilimag.hu\/webshop\/wp-json\/wp\/v2\/media\/38157"}],"wp:attachment":[{"href":"https:\/\/chilimag.hu\/webshop\/wp-json\/wp\/v2\/media?parent=38156"}],"wp:term":[{"taxonomy":"product_brand","embeddable":true,"href":"https:\/\/chilimag.hu\/webshop\/wp-json\/wp\/v2\/product_brand?post=38156"},{"taxonomy":"product_cat","embeddable":true,"href":"https:\/\/chilimag.hu\/webshop\/wp-json\/wp\/v2\/product_cat?post=38156"},{"taxonomy":"product_tag","embeddable":true,"href":"https:\/\/chilimag.hu\/webshop\/wp-json\/wp\/v2\/product_tag?post=38156"}],"curies":[{"name":"wp","href":"https:\/\/api.w.org\/{rel}","templated":true}]}}