{"id":38154,"date":"2025-09-09T17:29:43","date_gmt":"2025-09-09T17:29:43","guid":{"rendered":"https:\/\/chilimag.hu\/webshop\/?post_type=product&#038;p=38154"},"modified":"2026-03-08T18:50:25","modified_gmt":"2026-03-08T18:50:25","slug":"pillangovirag-kiiro-z-s-sl","status":"publish","type":"product","link":"https:\/\/chilimag.hu\/webshop\/termek\/pillangovirag-kiiro-z-s-sl\/","title":{"rendered":"Pillang\u00f3vir\u00e1g Kiiro Z.S SL"},"content":{"rendered":"","protected":false},"excerpt":{"rendered":"<div class=\"thumbnail thumbnail-image\"><img decoding=\"async\" draggable=\"false\" src=\"https:\/\/chilimag.hu\/webshop\/wp-content\/uploads\/2025\/09\/zalia_stotele_2-300x300-1-150x150.png\" alt=\"\" \/><\/div>\n<div class=\"details\"><\/div>\n<div class=\"e-hint\">\n<div class=\"e-hint__container\" data-event=\"image_optimizer_hint\">\n<div class=\"elementor-control-notice elementor-control-notice-type-info\" data-display=\"true\">\n<div class=\"elementor-control-notice-main action-handler\" data-event=\"image_optimizer_hint\" data-settings=\"eyJhY3Rpb25fdXJsIjoiaHR0cHM6XC9cL2NoaWxpbWFnLmh1XC93ZWJzaG9wXC93cC1hZG1pblwvdXBkYXRlLnBocD9hY3Rpb249aW5zdGFsbC1wbHVnaW4mYW1wO3BsdWdpbj1pbWFnZS1vcHRpbWl6YXRpb24mYW1wO193cG5vbmNlPTNmZjNkNzBmM2UifQ==\"><strong><strong>Term\u00e9kle\u00edr\u00e1s<\/strong><\/strong>Kiiro<br \/>\nEgyny\u00e1ri, k\u00f6nnyen nevelhet\u0151, 120 cm-es vir\u00e1gok. Jellegzetes vir\u00e1gsz\u00ednei miatt n\u00e9pszer\u0171 fajta. Vir\u00e1g\u00e1gy\u00e1sokban \u00e9s cserepekben termesztve a v\u00e1gott vir\u00e1gok sok\u00e1ig el\u00e1llnak hervad\u00e1s n\u00e9lk\u00fcl. B\u0151s\u00e9gesen \u00e9s sok\u00e1ig vir\u00e1gzik, \u00e9s k\u00f6nnyen termeszthet\u0151. Min\u00e9l szeg\u00e9nyebb a talaj, ann\u00e1l b\u0151s\u00e9gesebbek a vir\u00e1gok. A Kozmosz vir\u00e1gz\u00e1s k\u00f6zben is \u00e1t\u00fcltethet\u0151, felt\u00e9ve, hogy elegend\u0151 nedvess\u00e9ggel rendelkezik. Ezek a vir\u00e1gok \u00f6nmagukat vetik &#8211; a k\u00f6vetkez\u0151 \u00e9vben ugyanazon a helyen kelnek ki an\u00e9lk\u00fcl, hogy vetni kellene \u0151ket.<\/p>\n<p>Magok sz\u00e1ma grammonk\u00e9nt 120<br \/>\nVet\u00e9si id\u0151 talajban IV-V<br \/>\nVet\u00e9si id\u0151 \u00fcvegh\u00e1zban IV-V<br \/>\nT\u00e1vols\u00e1gok, cm 30&#215;40<br \/>\nVir\u00e1gz\u00e1si id\u0151szak VI-VII<br \/>\nN\u00f6v\u00e9nymagass\u00e1g 120<br \/>\nN\u00f6veked\u00e9si hely Cser\u00e9pben, Erk\u00e9lyen, Szabadon<br \/>\nM\u00e1rka: \u017dalia stotel\u0117<br \/>\nSz\u00edn: S\u00e1rga<br \/>\nVeget\u00e1ci\u00f3: Egyny\u00e1ri<br \/>\nA csomagol\u00e1son felt\u00fcntetett nyelvek: EE, LV, LT, DE, EN<br \/>\nN\u00f6veked\u00e9si k\u00f6r\u00fclm\u00e9nyek: Napos<\/p>\n<\/div>\n<div data-event=\"image_optimizer_hint\" data-settings=\"eyJhY3Rpb25fdXJsIjoiaHR0cHM6XC9cL2NoaWxpbWFnLmh1XC93ZWJzaG9wXC93cC1hZG1pblwvdXBkYXRlLnBocD9hY3Rpb249aW5zdGFsbC1wbHVnaW4mYW1wO3BsdWdpbj1pbWFnZS1vcHRpbWl6YXRpb24mYW1wO193cG5vbmNlPTNmZjNkNzBmM2UifQ==\"><\/div>\n<\/div>\n<\/div>\n<\/div>\n","protected":false},"featured_media":38155,"comment_status":"closed","ping_status":"closed","template":"","meta":[],"product_brand":[],"product_cat":[363],"product_tag":[],"class_list":{"0":"post-38154","1":"product","2":"type-product","3":"status-publish","4":"has-post-thumbnail","6":"product_cat-virag-vetomagok-zalia-stotele","8":"first","9":"instock","10":"taxable","11":"shipping-taxable","12":"purchasable","13":"product-type-simple"},"_links":{"self":[{"href":"https:\/\/chilimag.hu\/webshop\/wp-json\/wp\/v2\/product\/38154","targetHints":{"allow":["GET"]}}],"collection":[{"href":"https:\/\/chilimag.hu\/webshop\/wp-json\/wp\/v2\/product"}],"about":[{"href":"https:\/\/chilimag.hu\/webshop\/wp-json\/wp\/v2\/types\/product"}],"replies":[{"embeddable":true,"href":"https:\/\/chilimag.hu\/webshop\/wp-json\/wp\/v2\/comments?post=38154"}],"wp:featuredmedia":[{"embeddable":true,"href":"https:\/\/chilimag.hu\/webshop\/wp-json\/wp\/v2\/media\/38155"}],"wp:attachment":[{"href":"https:\/\/chilimag.hu\/webshop\/wp-json\/wp\/v2\/media?parent=38154"}],"wp:term":[{"taxonomy":"product_brand","embeddable":true,"href":"https:\/\/chilimag.hu\/webshop\/wp-json\/wp\/v2\/product_brand?post=38154"},{"taxonomy":"product_cat","embeddable":true,"href":"https:\/\/chilimag.hu\/webshop\/wp-json\/wp\/v2\/product_cat?post=38154"},{"taxonomy":"product_tag","embeddable":true,"href":"https:\/\/chilimag.hu\/webshop\/wp-json\/wp\/v2\/product_tag?post=38154"}],"curies":[{"name":"wp","href":"https:\/\/api.w.org\/{rel}","templated":true}]}}