{"id":38152,"date":"2025-09-09T17:11:32","date_gmt":"2025-09-09T17:11:32","guid":{"rendered":"https:\/\/chilimag.hu\/webshop\/?post_type=product&#038;p=38152"},"modified":"2026-03-14T20:19:19","modified_gmt":"2026-03-14T20:19:19","slug":"malyvarozsa-z-s-sl","status":"publish","type":"product","link":"https:\/\/chilimag.hu\/webshop\/termek\/malyvarozsa-z-s-sl\/","title":{"rendered":"M\u00e1lyvar\u00f3zsa Summer carnival Z.S SL"},"content":{"rendered":"","protected":false},"excerpt":{"rendered":"<div class=\"thumbnail thumbnail-image\"><img decoding=\"async\" draggable=\"false\" src=\"https:\/\/chilimag.hu\/webshop\/wp-content\/uploads\/2025\/09\/zalia_stotele_2-300x300-1-150x150.png\" alt=\"\" \/><\/div>\n<div class=\"details\"><\/div>\n<div class=\"e-hint\">\n<div class=\"e-hint__container\" data-event=\"image_optimizer_hint\">\n<div class=\"elementor-control-notice elementor-control-notice-type-info\" data-display=\"true\">\n<div class=\"elementor-control-notice-main action-handler\" data-event=\"image_optimizer_hint\" data-settings=\"eyJhY3Rpb25fdXJsIjoiaHR0cHM6XC9cL2NoaWxpbWFnLmh1XC93ZWJzaG9wXC93cC1hZG1pblwvdXBkYXRlLnBocD9hY3Rpb249aW5zdGFsbC1wbHVnaW4mYW1wO3BsdWdpbj1pbWFnZS1vcHRpbWl6YXRpb24mYW1wO193cG5vbmNlPTNmZjNkNzBmM2UifQ==\"><strong><strong>Term\u00e9kle\u00edr\u00e1s<\/strong><\/strong>K\u00e9t\u00e9ves, 140 cm magas vir\u00e1gok. Sz\u00e1rai kem\u00e9nyek, egyenesek, nagy vir\u00e1gok, dupla vagy f\u00e9ldupla vir\u00e1gok. Ak\u00e1r 30 vir\u00e1g is lehet egy sz\u00e1ron. Ezek a sz\u00e9ps\u00e9gek b\u00e1rhol illenek, ahol magas n\u00f6v\u00e9nyekre van sz\u00fcks\u00e9g \u00e9l\u00e9nk vir\u00e1gokkal. Ker\u00edt\u00e9sekn\u00e9l, \u00e9p\u00fcletekn\u00e9l, vid\u00e9ki tany\u00e1kon termeszthet\u0151. Elvet\u00e9s ut\u00e1n a m\u00e1lyva \u00e9vekig fog n\u0151ni a kertj\u00e9ben. V\u00e1lasszon sz\u00e9lv\u00e9dett, napos, gazdag talaj\u00fa helyet, d\u00e9li fekv\u00e9s\u0171t.<\/p>\n<p>Mennyis\u00e9g egy csomagban 0,6g<br \/>\nMagok sz\u00e1ma grammonk\u00e9nt ~70-80<br \/>\nVet\u00e9si id\u0151 a talajban VI-VII<br \/>\nT\u00e1p\u00e9rt\u00e9k, cm 40&#215;40<br \/>\nVir\u00e1gz\u00e1si id\u0151szak VII-VIII<br \/>\nN\u00f6v\u00e9nymagass\u00e1g, cm 45<br \/>\nN\u00f6veked\u00e9si hely Mez\u0151<br \/>\nM\u00e1rka: \u017dalia stotel\u0117<br \/>\n\u00dcltet\u00e9s VIII-IX<br \/>\nNapos hely: Igen<br \/>\nK\u00e9t\u00e9ves: Igen<br \/>\nVeget\u00e1ci\u00f3: K\u00e9t\u00e9ves<br \/>\nVir\u00e1g\u00e1gy\u00e1sokba val\u00f3 termeszt\u00e9sre alkalmas<br \/>\nA csomagol\u00e1son tal\u00e1lhat\u00f3 nyelvek: LV, EN, LT, EE, DE<br \/>\nT\u00f6meg: 0,6 g<\/p>\n<\/div>\n<div data-event=\"image_optimizer_hint\" data-settings=\"eyJhY3Rpb25fdXJsIjoiaHR0cHM6XC9cL2NoaWxpbWFnLmh1XC93ZWJzaG9wXC93cC1hZG1pblwvdXBkYXRlLnBocD9hY3Rpb249aW5zdGFsbC1wbHVnaW4mYW1wO3BsdWdpbj1pbWFnZS1vcHRpbWl6YXRpb24mYW1wO193cG5vbmNlPTNmZjNkNzBmM2UifQ==\"><\/div>\n<\/div>\n<\/div>\n<\/div>\n","protected":false},"featured_media":38153,"comment_status":"closed","ping_status":"closed","template":"","meta":[],"product_brand":[],"product_cat":[363],"product_tag":[],"class_list":{"0":"post-38152","1":"product","2":"type-product","3":"status-publish","4":"has-post-thumbnail","6":"product_cat-virag-vetomagok-zalia-stotele","8":"first","9":"instock","10":"taxable","11":"shipping-taxable","12":"purchasable","13":"product-type-simple"},"_links":{"self":[{"href":"https:\/\/chilimag.hu\/webshop\/wp-json\/wp\/v2\/product\/38152","targetHints":{"allow":["GET"]}}],"collection":[{"href":"https:\/\/chilimag.hu\/webshop\/wp-json\/wp\/v2\/product"}],"about":[{"href":"https:\/\/chilimag.hu\/webshop\/wp-json\/wp\/v2\/types\/product"}],"replies":[{"embeddable":true,"href":"https:\/\/chilimag.hu\/webshop\/wp-json\/wp\/v2\/comments?post=38152"}],"wp:featuredmedia":[{"embeddable":true,"href":"https:\/\/chilimag.hu\/webshop\/wp-json\/wp\/v2\/media\/38153"}],"wp:attachment":[{"href":"https:\/\/chilimag.hu\/webshop\/wp-json\/wp\/v2\/media?parent=38152"}],"wp:term":[{"taxonomy":"product_brand","embeddable":true,"href":"https:\/\/chilimag.hu\/webshop\/wp-json\/wp\/v2\/product_brand?post=38152"},{"taxonomy":"product_cat","embeddable":true,"href":"https:\/\/chilimag.hu\/webshop\/wp-json\/wp\/v2\/product_cat?post=38152"},{"taxonomy":"product_tag","embeddable":true,"href":"https:\/\/chilimag.hu\/webshop\/wp-json\/wp\/v2\/product_tag?post=38152"}],"curies":[{"name":"wp","href":"https:\/\/api.w.org\/{rel}","templated":true}]}}