{"id":38148,"date":"2025-09-09T17:07:30","date_gmt":"2025-09-09T17:07:30","guid":{"rendered":"https:\/\/chilimag.hu\/webshop\/?post_type=product&#038;p=38148"},"modified":"2025-09-09T17:07:30","modified_gmt":"2025-09-09T17:07:30","slug":"salata-baby-leaf-nelly-jelly-sl","status":"publish","type":"product","link":"https:\/\/chilimag.hu\/webshop\/termek\/salata-baby-leaf-nelly-jelly-sl\/","title":{"rendered":"Sal\u00e1ta Baby Leaf Nelly Jelly SL"},"content":{"rendered":"","protected":false},"excerpt":{"rendered":"<div class=\"thumbnail thumbnail-image\"><img decoding=\"async\" draggable=\"false\" src=\"https:\/\/chilimag.hu\/webshop\/wp-content\/uploads\/2025\/09\/vcsPRAsset_4875117_271991_c070a4fb-5e1c-4ae3-8b1c-7f0e1426c050_0-150x150.png\" alt=\"\" \/><\/div>\n<div class=\"details\"><\/div>\n<div class=\"e-hint\">\n<div class=\"e-hint__container\" data-event=\"image_optimizer_hint\">\n<div class=\"elementor-control-notice elementor-control-notice-type-info\" data-display=\"true\">\n<div class=\"elementor-control-notice-main action-handler\" data-event=\"image_optimizer_hint\" data-settings=\"eyJhY3Rpb25fdXJsIjoiaHR0cHM6XC9cL2NoaWxpbWFnLmh1XC93ZWJzaG9wXC93cC1hZG1pblwvdXBkYXRlLnBocD9hY3Rpb249aW5zdGFsbC1wbHVnaW4mYW1wO3BsdWdpbj1pbWFnZS1vcHRpbWl6YXRpb24mYW1wO193cG5vbmNlPTNmZjNkNzBmM2UifQ==\"><strong><strong>Term\u00e9kle\u00edr\u00e1s<\/strong><\/strong>\u00a0A sal\u00e1t\u00e1nak kicsi, de \u00edzletes z\u00f6ld \u00e9s piros levelei vannak. Gyors n\u00f6veked\u00e9s\u00e9nek \u00e9s a k\u00f6nny\u0171 szalagos vethet\u0151s\u00e9gnek k\u00f6sz\u00f6nhet\u0151en m\u00e9g a legkisebb ujjak is \u00e9lvezhetik a sal\u00e1tafajta vir\u00e1gz\u00e1s\u00e1nak \u00e9s levelei sz\u00ednv\u00e1ltoz\u00e1s\u00e1nak \u00f6r\u00f6m\u00e9t. 2 mustos cs\u00edkon. A csomag kever\u00e9k\u00e9nek \u00f6sszet\u00e9tele: sal\u00e1ta BIONDA A FOGLIA LISCIA 50% (1 m), BIONDA A FOGLIA RICCIA 25% (0,5 m), BISCIA ROSSA 25% (0,5 m).<\/p>\n<p>A fajta korais\u00e1ga Korai<\/p>\n<p>Vet\u00e9si id\u0151 talajban III-VI, VIII-X<\/p>\n<p>Vet\u00e9si id\u0151 \u00fcvegh\u00e1zban III-VI, VIII-X<\/p>\n<p>T\u00e1vols\u00e1gok, cm 30&#215;10<\/p>\n<p>Betakar\u00edt\u00e1s IV-X<\/p>\n<p>Teny\u00e9szt\u00e9si hely \u00dcvegh\u00e1zban, Szabadf\u00f6ld\u00f6n<\/p>\n<p>M\u00e1rkan\u00e9v: SODOLENDAS X NELLY JELLY<\/p>\n<p>Napos hely Igen<br \/>\nMagcs\u00edk hossza 2 m<\/p>\n<\/div>\n<\/div>\n<div data-event=\"image_optimizer_hint\" data-settings=\"eyJhY3Rpb25fdXJsIjoiaHR0cHM6XC9cL2NoaWxpbWFnLmh1XC93ZWJzaG9wXC93cC1hZG1pblwvdXBkYXRlLnBocD9hY3Rpb249aW5zdGFsbC1wbHVnaW4mYW1wO3BsdWdpbj1pbWFnZS1vcHRpbWl6YXRpb24mYW1wO193cG5vbmNlPTNmZjNkNzBmM2UifQ==\"><\/div>\n<\/div>\n<\/div>\n","protected":false},"featured_media":38149,"comment_status":"closed","ping_status":"closed","template":"","meta":[],"product_brand":[],"product_cat":[421],"product_tag":[],"class_list":{"0":"post-38148","1":"product","2":"type-product","3":"status-publish","4":"has-post-thumbnail","6":"product_cat-gyerek-kerteszet","8":"first","9":"instock","10":"taxable","11":"shipping-taxable","12":"purchasable","13":"product-type-simple"},"_links":{"self":[{"href":"https:\/\/chilimag.hu\/webshop\/wp-json\/wp\/v2\/product\/38148","targetHints":{"allow":["GET"]}}],"collection":[{"href":"https:\/\/chilimag.hu\/webshop\/wp-json\/wp\/v2\/product"}],"about":[{"href":"https:\/\/chilimag.hu\/webshop\/wp-json\/wp\/v2\/types\/product"}],"replies":[{"embeddable":true,"href":"https:\/\/chilimag.hu\/webshop\/wp-json\/wp\/v2\/comments?post=38148"}],"wp:featuredmedia":[{"embeddable":true,"href":"https:\/\/chilimag.hu\/webshop\/wp-json\/wp\/v2\/media\/38149"}],"wp:attachment":[{"href":"https:\/\/chilimag.hu\/webshop\/wp-json\/wp\/v2\/media?parent=38148"}],"wp:term":[{"taxonomy":"product_brand","embeddable":true,"href":"https:\/\/chilimag.hu\/webshop\/wp-json\/wp\/v2\/product_brand?post=38148"},{"taxonomy":"product_cat","embeddable":true,"href":"https:\/\/chilimag.hu\/webshop\/wp-json\/wp\/v2\/product_cat?post=38148"},{"taxonomy":"product_tag","embeddable":true,"href":"https:\/\/chilimag.hu\/webshop\/wp-json\/wp\/v2\/product_tag?post=38148"}],"curies":[{"name":"wp","href":"https:\/\/api.w.org\/{rel}","templated":true}]}}