{"id":38130,"date":"2025-09-09T16:06:31","date_gmt":"2025-09-09T16:06:31","guid":{"rendered":"https:\/\/chilimag.hu\/webshop\/?post_type=product&#038;p=38130"},"modified":"2026-02-20T18:05:03","modified_gmt":"2026-02-20T18:05:03","slug":"mycelium-varganya-10-gr-sl","status":"publish","type":"product","link":"https:\/\/chilimag.hu\/webshop\/termek\/mycelium-varganya-10-gr-sl\/","title":{"rendered":"Mycelium Varg\u00e1nya 10 gr SL"},"content":{"rendered":"","protected":false},"excerpt":{"rendered":"<p><img decoding=\"async\" draggable=\"false\" src=\"https:\/\/chilimag.hu\/webshop\/wp-content\/uploads\/2025\/09\/logo-mycelium-300x108.png\" alt=\"\" \/><\/p>\n<p><strong>Term\u00e9kle\u00edr\u00e1s<\/strong><\/p>\n<p>A feny\u0151varg\u00e1nya n\u00e9pszer\u0171 \u00e9s \u00edzletes erdei gomba. Frissen, leggyakrabban sz\u00e1r\u00edtva, savany\u00edtva, s\u00f3zva vagy fagyasztva fogyasztj\u00e1k. A term\u0151testek hatalmasak \u00e9s nagyok. A kalap ak\u00e1r 25 cm \u00e1tm\u00e9r\u0151j\u0171re is megn\u0151het, kerekded, hossz\u00fak\u00e1s-kerek, v\u00f6r\u00f6ses, v\u00f6r\u00f6sesbarna, lil\u00e1sbarna, n\u00e9ha ibolyasz\u00edn\u0171 \u00e1rnyalattal. A sz\u00e1ra 5\u201315 cm hossz\u00fa, alkalmank\u00e9nt 6\u20139 cm vastag, s\u00e1rg\u00e1sbarna, k\u00f6z\u00e9pen kidudorod\u00f3. N\u00f6v\u00e9nytermeszt\u00e9si tippek: Az \u00fcltet\u00e9st \u00e1prilis k\u00f6zepe \u00e9s okt\u00f3ber k\u00f6z\u00f6tt kell v\u00e9gezni. Az ide\u00e1lis \u00fcltet\u0151hely a gomba sz\u00e1m\u00e1ra t\u0171level\u0171 f\u00e1k, lehet\u0151leg feny\u0151k. Az optim\u00e1lis n\u00f6veked\u00e9shez a fiatal f\u00e1k el\u0151ny\u00f6sebbek. \u00dcltet\u00e9shez t\u00f6bbc\u00e9l\u00fa aljzat vagy magas t\u0151zegr\u00e9teg\u0171 komposzt haszn\u00e1lata aj\u00e1nlott. Termeszt\u00e9s \u00e9s gondoz\u00e1s:<\/p>\n<p>1. \u00c1sson h\u00e1rom lyukat a fa t\u00f6rzse k\u00f6r\u00e9, mindegyik 30-40 cm \u00e1tm\u00e9r\u0151j\u0171 \u00e9s 15 cm m\u00e9ly. A lyukakat a fa t\u00f6rzs\u00e9t\u0151l 0,5-5 m t\u00e1vols\u00e1gra (k\u00f6r\u00fclbel\u00fcl a t\u00f6rzs \u00e1tm\u00e9r\u0151j\u00e9nek 10-szerese) helyezze el. 2. T\u00f6ltse fel a lyukakat f\u00e9lig el\u0151k\u00e9sz\u00edtett f\u00f6lddel, majd helyezze a mic\u00e9lium egyharmad\u00e1t minden csomagb\u00f3l minden lyukba. T\u00f6ltse fel a lyukakat f\u00f6lddel a talajszintig, \u00e9s t\u00f6m\u00f6r\u00edtse j\u00f3l.<\/p>\n<p>3. \u00d3vatosan \u00f6nt\u00f6zze meg az \u00fcltet\u00e9si ter\u00fcletet (kb. 1 v\u00f6d\u00f6r v\u00edzzel minden g\u00f6d\u00f6r k\u00f6r\u00e9).<\/p>\n<p>4. Fedje be egy r\u00e9teg lev\u00e9llel, feny\u0151t\u0171vel, szalm\u00e1val vagy gallyakkal (pl. az erd\u0151b\u0151l).<\/p>\n<p>5. Seg\u00edtse el\u0151 a gomb\u00e1k fejl\u0151d\u00e9s\u00e9t cukoroldattal (10 g cukor 10 liter v\u00edzben).<\/p>\n<p>6. Ha a gomb\u00e1k cs\u00edr\u00e1z\u00e1sa sor\u00e1n nincs elegend\u0151 csapad\u00e9k, aj\u00e1nlott a talajt rendszeresen nedves\u00edteni. Cs\u00edr\u00e1z\u00e1s: Kedvez\u0151 k\u00f6r\u00fclm\u00e9nyek k\u00f6z\u00f6tt a gomb\u00e1k az \u00fcltet\u00e9s ut\u00e1ni els\u0151 vagy m\u00e1sodik \u00e9vben megjelenhetnek. A mic\u00e9lium 3-4 \u00e9vig hat\u00e9kony. Term\u00e9shozam: \u00c9vente t\u00f6bb, s\u0151t t\u00f6bb tucat gomba is betakar\u00edthat\u00f3 f\u00e1nk\u00e9nt. Csomagol\u00e1s: Biol\u00f3giai sp\u00f3rapor vet\u00e9shez \u2013 10 g. A term\u00e9kenys\u00e9g val\u00f3sz\u00edn\u0171s\u00e9ge 85-87%. Megjegyz\u00e9s. A mikorrhiza (mikorrhiza \u2013 a fa gy\u00f6kereinek \u00e9s gomb\u00e1knak a szimbi\u00f3zisa) erdei gomb\u00e1k amat\u0151r termeszt\u00e9se nem garant\u00e1lja az eredm\u00e9nyt, mivel a gomb\u00e1k n\u00f6veked\u00e9se jelent\u0151sen f\u00fcgg az id\u0151j\u00e1r\u00e1si viszonyokt\u00f3l \u00e9s sz\u00e1mos egy\u00e9b t\u00e9nyez\u0151t\u0151l. Termeszt\u00e9s\u00fckh\u00f6z a lehet\u0151 legterm\u00e9szetesebb k\u00f6r\u00fclm\u00e9nyeket kell teremteni, \u00e9s a gombamic\u00e9liumot az utas\u00edt\u00e1soknak megfelel\u0151en kell haszn\u00e1lni. Megfelel\u0151 id\u0151j\u00e1r\u00e1si k\u00f6r\u00fclm\u00e9nyek eset\u00e9n viszonylag gyorsan pozit\u00edv eredm\u00e9nyeket lehet el\u00e9rni.<\/p>\n<p>&nbsp;<\/p>\n","protected":false},"featured_media":38131,"comment_status":"closed","ping_status":"closed","template":"","meta":[],"product_brand":[],"product_cat":[472,408,407],"product_tag":[],"class_list":{"0":"post-38130","1":"product","2":"type-product","3":"status-publish","4":"has-post-thumbnail","6":"product_cat-mycelium-es-szezonalis-termekek","7":"product_cat-zoldseg-vetomagok-zalia-stotele","8":"product_cat-zoldseg-vetomagok-agronom","10":"first","11":"instock","12":"taxable","13":"shipping-taxable","14":"purchasable","15":"product-type-simple"},"_links":{"self":[{"href":"https:\/\/chilimag.hu\/webshop\/wp-json\/wp\/v2\/product\/38130","targetHints":{"allow":["GET"]}}],"collection":[{"href":"https:\/\/chilimag.hu\/webshop\/wp-json\/wp\/v2\/product"}],"about":[{"href":"https:\/\/chilimag.hu\/webshop\/wp-json\/wp\/v2\/types\/product"}],"replies":[{"embeddable":true,"href":"https:\/\/chilimag.hu\/webshop\/wp-json\/wp\/v2\/comments?post=38130"}],"wp:featuredmedia":[{"embeddable":true,"href":"https:\/\/chilimag.hu\/webshop\/wp-json\/wp\/v2\/media\/38131"}],"wp:attachment":[{"href":"https:\/\/chilimag.hu\/webshop\/wp-json\/wp\/v2\/media?parent=38130"}],"wp:term":[{"taxonomy":"product_brand","embeddable":true,"href":"https:\/\/chilimag.hu\/webshop\/wp-json\/wp\/v2\/product_brand?post=38130"},{"taxonomy":"product_cat","embeddable":true,"href":"https:\/\/chilimag.hu\/webshop\/wp-json\/wp\/v2\/product_cat?post=38130"},{"taxonomy":"product_tag","embeddable":true,"href":"https:\/\/chilimag.hu\/webshop\/wp-json\/wp\/v2\/product_tag?post=38130"}],"curies":[{"name":"wp","href":"https:\/\/api.w.org\/{rel}","templated":true}]}}