{"id":38120,"date":"2025-09-09T04:58:58","date_gmt":"2025-09-09T04:58:58","guid":{"rendered":"https:\/\/chilimag.hu\/webshop\/?post_type=product&#038;p=38120"},"modified":"2026-03-09T15:43:52","modified_gmt":"2026-03-09T15:43:52","slug":"macskamenta-pink-panther-z-s-sl","status":"publish","type":"product","link":"https:\/\/chilimag.hu\/webshop\/termek\/macskamenta-pink-panther-z-s-sl\/","title":{"rendered":"Jap\u00e1n Macskamenta Pink Panther Z.S SL"},"content":{"rendered":"","protected":false},"excerpt":{"rendered":"<div class=\"thumbnail thumbnail-image\"><img decoding=\"async\" class=\"sFlh5c FyHeAf\" src=\"https:\/\/encrypted-tbn0.gstatic.com\/images?q=tbn:ANd9GcSe3GiFpNk9Y7iYKvThN0eqSC89fSsWCj3MAw&amp;s\" alt=\"Parduotuv\u0117s | Zaliastotele.lt\" width=\"150\" height=\"51\" data-ilt=\"1771263544238\" \/><\/div>\n<div><strong><strong>Term\u00e9kle\u00edr\u00e1s<\/strong><\/strong><\/div>\n<div>Botanikai n\u00e9v:Nepeta subsessilis<\/div>\n<div>Macskamenta I R\u00f3zsasz\u00edn P\u00e1rduc<br \/>\nEgy \u00e9vel\u0151, amely a vet\u00e9s ut\u00e1ni els\u0151 \u00e9vben vir\u00e1gzik, kompakt n\u00f6veked\u00e9s\u0171, \u00e9s 30-50 cm magasra n\u0151. B\u0151s\u00e9gesen \u00e9s hossz\u00fa ideig vir\u00e1gzik eg\u00e9sz ny\u00e1ron, \u00edgy n\u00e9pszer\u0171 d\u00edszn\u00f6v\u00e9ny a k\u00fcl\u00f6nb\u00f6z\u0151 st\u00edlus\u00fa vir\u00e1g\u00e1gy\u00e1sokban. J\u00f3l illik a r\u00f6vid vir\u00e1gz\u00e1s\u00fa vir\u00e1gokhoz. Nem ig\u00e9nyel k\u00fcl\u00f6nleges talajviszonyokat, \u00e9s napos, j\u00f3 v\u00edzelvezet\u00e9s\u0171 talajban a legjobban fejl\u0151dik. Az el\u00fcltetett pal\u00e1nt\u00e1k t\u00f6bb \u00e9vig is ugyanazon a helyen maradhatnak.Magok sz\u00e1ma grammonk\u00e9nt 1200<br \/>\nVet\u00e9si id\u0151 talajban V-VI<br \/>\nVet\u00e9si id\u0151 pal\u00e1nt\u00e1kn\u00e1l III-IV<br \/>\nVet\u00e9si id\u0151 \u00fcvegh\u00e1zban III-IV<br \/>\nT\u00e1vols\u00e1gok, cm 50&#215;60<br \/>\nVir\u00e1gz\u00e1si id\u0151szak VI-VII<br \/>\nN\u00f6v\u00e9nymagass\u00e1g 30-50<br \/>\nN\u00f6veked\u00e9si hely: Szabadf\u00f6ld, Erk\u00e9ly, Cser\u00e9pben<br \/>\nM\u00e1rka: \u017dalia stotel\u0117<br \/>\nSz\u00edn: R\u00f3zsasz\u00edn<br \/>\nVeget\u00e1ci\u00f3: \u00c9vel\u0151<br \/>\nCsomagol\u00e1son felt\u00fcntetett nyelvek: EN, DE, LT, LV, EE<br \/>\nN\u00f6veked\u00e9si k\u00f6r\u00fclm\u00e9nyek: Napos<br \/>\n\u00c1t\u00fcltet\u00e9s: V-VI<\/p>\n<\/div>\n<div><\/div>\n","protected":false},"featured_media":38121,"comment_status":"closed","ping_status":"closed","template":"","meta":[],"product_brand":[],"product_cat":[363],"product_tag":[],"class_list":{"0":"post-38120","1":"product","2":"type-product","3":"status-publish","4":"has-post-thumbnail","6":"product_cat-virag-vetomagok-zalia-stotele","8":"first","9":"instock","10":"taxable","11":"shipping-taxable","12":"purchasable","13":"product-type-simple"},"_links":{"self":[{"href":"https:\/\/chilimag.hu\/webshop\/wp-json\/wp\/v2\/product\/38120","targetHints":{"allow":["GET"]}}],"collection":[{"href":"https:\/\/chilimag.hu\/webshop\/wp-json\/wp\/v2\/product"}],"about":[{"href":"https:\/\/chilimag.hu\/webshop\/wp-json\/wp\/v2\/types\/product"}],"replies":[{"embeddable":true,"href":"https:\/\/chilimag.hu\/webshop\/wp-json\/wp\/v2\/comments?post=38120"}],"wp:featuredmedia":[{"embeddable":true,"href":"https:\/\/chilimag.hu\/webshop\/wp-json\/wp\/v2\/media\/38121"}],"wp:attachment":[{"href":"https:\/\/chilimag.hu\/webshop\/wp-json\/wp\/v2\/media?parent=38120"}],"wp:term":[{"taxonomy":"product_brand","embeddable":true,"href":"https:\/\/chilimag.hu\/webshop\/wp-json\/wp\/v2\/product_brand?post=38120"},{"taxonomy":"product_cat","embeddable":true,"href":"https:\/\/chilimag.hu\/webshop\/wp-json\/wp\/v2\/product_cat?post=38120"},{"taxonomy":"product_tag","embeddable":true,"href":"https:\/\/chilimag.hu\/webshop\/wp-json\/wp\/v2\/product_tag?post=38120"}],"curies":[{"name":"wp","href":"https:\/\/api.w.org\/{rel}","templated":true}]}}