{"id":38116,"date":"2025-09-09T04:50:35","date_gmt":"2025-09-09T04:50:35","guid":{"rendered":"https:\/\/chilimag.hu\/webshop\/?post_type=product&#038;p=38116"},"modified":"2026-02-13T11:01:21","modified_gmt":"2026-02-13T11:01:21","slug":"csemege-kukorica-multicolor-hybrids-amero-nelly-jelly-sl","status":"publish","type":"product","link":"https:\/\/chilimag.hu\/webshop\/termek\/csemege-kukorica-multicolor-hybrids-amero-nelly-jelly-sl\/","title":{"rendered":"Csemege kukorica MULTICOLOR HYBRIDS (AMERO) Nelly Jelly SL"},"content":{"rendered":"","protected":false},"excerpt":{"rendered":"<div class=\"thumbnail thumbnail-image\"><img decoding=\"async\" draggable=\"false\" src=\"https:\/\/chilimag.hu\/webshop\/wp-content\/uploads\/2025\/09\/vcsPRAsset_4875117_271991_c070a4fb-5e1c-4ae3-8b1c-7f0e1426c050_0-150x150.png\" alt=\"\" \/><\/div>\n<div class=\"details\"><strong>Term\u00e9kle\u00edr\u00e1s<\/strong><\/div>\n<div>\n<p>Gy\u00f6ny\u00f6r\u0171 \u00e9s sz\u00ednes kukoric\u00e1t keresel, amit a gyerekek im\u00e1dni fognak? Ak\u00e1r z\u00f6ld falakat, ak\u00e1r leny\u0171g\u00f6z\u0151 labirintusokat szeretn\u00e9l l\u00e9trehozni, ezek a d\u00edszkukorica-fajt\u00e1k kiv\u00e1l\u00f3 v\u00e1laszt\u00e1st k\u00edn\u00e1lnak. Gy\u00f6ny\u00f6rk\u00f6dj a sz\u00ednes cs\u0151vekben, amelyek t\u00f6k\u00e9letesek csokrokhoz, \u00e9s var\u00e1zsolj a szemekb\u0151l egyedi nyakl\u00e1ncokat.<\/p>\n<p>Mennyis\u00e9g egy csomagban 5 g<br \/>\nVet\u00e9si id\u0151 a talajban V-VI<br \/>\nT\u00e1vols\u00e1gok, cm 70&#215;25<br \/>\nBetakar\u00edt\u00e1s IX-X<br \/>\nTermesztet\u0151 hely: Mez\u0151<br \/>\nM\u00e1rka: SODOLENDAS X NELLY JELLY<br \/>\nNapos hely: Igen<br \/>\nVeget\u00e1ci\u00f3: Egyny\u00e1ri<br \/>\nVir\u00e1g\u00e1gy\u00e1sok termeszt\u00e9s\u00e9re alkalmas<br \/>\nT\u00f6meg: 5 g<\/p>\n<\/div>\n<div class=\"e-hint\">\n<div class=\"e-hint__container\" data-event=\"image_optimizer_hint\">\n<div class=\"elementor-control-notice elementor-control-notice-type-info\" data-display=\"true\">\n<div class=\"elementor-control-notice-icon\"><\/div>\n<div class=\"elementor-control-notice-main action-handler\" data-event=\"image_optimizer_hint\" data-settings=\"eyJhY3Rpb25fdXJsIjoiaHR0cHM6XC9cL2NoaWxpbWFnLmh1XC93ZWJzaG9wXC93cC1hZG1pblwvdXBkYXRlLnBocD9hY3Rpb249aW5zdGFsbC1wbHVnaW4mYW1wO3BsdWdpbj1pbWFnZS1vcHRpbWl6YXRpb24mYW1wO193cG5vbmNlPWM3YTRkZDJhMDkifQ==\"><\/div>\n<\/div>\n<\/div>\n<\/div>\n","protected":false},"featured_media":38117,"comment_status":"closed","ping_status":"closed","template":"","meta":[],"product_brand":[],"product_cat":[421],"product_tag":[],"class_list":{"0":"post-38116","1":"product","2":"type-product","3":"status-publish","4":"has-post-thumbnail","6":"product_cat-gyerek-kerteszet","8":"first","9":"instock","10":"taxable","11":"shipping-taxable","12":"purchasable","13":"product-type-simple"},"_links":{"self":[{"href":"https:\/\/chilimag.hu\/webshop\/wp-json\/wp\/v2\/product\/38116","targetHints":{"allow":["GET"]}}],"collection":[{"href":"https:\/\/chilimag.hu\/webshop\/wp-json\/wp\/v2\/product"}],"about":[{"href":"https:\/\/chilimag.hu\/webshop\/wp-json\/wp\/v2\/types\/product"}],"replies":[{"embeddable":true,"href":"https:\/\/chilimag.hu\/webshop\/wp-json\/wp\/v2\/comments?post=38116"}],"wp:featuredmedia":[{"embeddable":true,"href":"https:\/\/chilimag.hu\/webshop\/wp-json\/wp\/v2\/media\/38117"}],"wp:attachment":[{"href":"https:\/\/chilimag.hu\/webshop\/wp-json\/wp\/v2\/media?parent=38116"}],"wp:term":[{"taxonomy":"product_brand","embeddable":true,"href":"https:\/\/chilimag.hu\/webshop\/wp-json\/wp\/v2\/product_brand?post=38116"},{"taxonomy":"product_cat","embeddable":true,"href":"https:\/\/chilimag.hu\/webshop\/wp-json\/wp\/v2\/product_cat?post=38116"},{"taxonomy":"product_tag","embeddable":true,"href":"https:\/\/chilimag.hu\/webshop\/wp-json\/wp\/v2\/product_tag?post=38116"}],"curies":[{"name":"wp","href":"https:\/\/api.w.org\/{rel}","templated":true}]}}