{"id":38114,"date":"2025-09-08T19:14:05","date_gmt":"2025-09-08T19:14:05","guid":{"rendered":"https:\/\/chilimag.hu\/webshop\/?post_type=product&#038;p=38114"},"modified":"2025-09-08T19:14:05","modified_gmt":"2025-09-08T19:14:05","slug":"patiszon-disco-nelly-jelly-sl","status":"publish","type":"product","link":"https:\/\/chilimag.hu\/webshop\/termek\/patiszon-disco-nelly-jelly-sl\/","title":{"rendered":"Patiszon Disco Nelly Jelly SL"},"content":{"rendered":"","protected":false},"excerpt":{"rendered":"<div class=\"thumbnail thumbnail-image\"><img decoding=\"async\" draggable=\"false\" src=\"https:\/\/chilimag.hu\/webshop\/wp-content\/uploads\/2025\/09\/vcsPRAsset_4875117_271991_c070a4fb-5e1c-4ae3-8b1c-7f0e1426c050_0-150x150.png\" alt=\"\" \/><\/div>\n<div class=\"details\"><\/div>\n<div class=\"e-hint\">\n<div class=\"e-hint__container\" data-event=\"image_optimizer_hint\">\n<div class=\"elementor-control-notice elementor-control-notice-type-info\" data-display=\"true\">\n<div class=\"elementor-control-notice-main action-handler\" data-event=\"image_optimizer_hint\" data-settings=\"eyJhY3Rpb25fdXJsIjoiaHR0cHM6XC9cL2NoaWxpbWFnLmh1XC93ZWJzaG9wXC93cC1hZG1pblwvdXBkYXRlLnBocD9hY3Rpb249aW5zdGFsbC1wbHVnaW4mYW1wO3BsdWdpbj1pbWFnZS1vcHRpbWl6YXRpb24mYW1wO193cG5vbmNlPWM3YTRkZDJhMDkifQ==\"><strong><strong>Term\u00e9kle\u00edr\u00e1s<\/strong><\/strong>Ez a Pattypan fajta a kerted ragyog\u00f3 csillaga! K\u00f6nnyen termeszthet\u0151 \u00e9s term\u00e9keny, ez a z\u00f6lds\u00e9g szokatlan gy\u00fcm\u00f6lcsform\u00e1j\u00e1val elb\u0171v\u00f6li majd. A gyerekeket leny\u0171g\u00f6zi majd a rep\u00fcl\u0151 cs\u00e9szealjakra val\u00f3 hasonl\u00f3s\u00e1ga, feh\u00e9r h\u00fasuk \u00e9s h\u00e9juk \u00e1llaga pedig nemcsak a termeszt\u00e9sre \u00e9s az ev\u00e9sre, hanem a kreat\u00edv rajzol\u00e1sra is cs\u00e1b\u00edtja \u0151ket.<\/p>\n<p>A fajta korais\u00e1ga K\u00f6zepesen korai<br \/>\nMennyis\u00e9g egy csomagban 2 g<br \/>\nVet\u00e9si id\u0151 a talajban V-VI<br \/>\nPal\u00e1nt\u00e1k vet\u00e9si ideje IV<br \/>\nT\u00e1p\u00e9rt\u00e9k, cm 70&#215;70<br \/>\nSz\u00fcret VI-VIII<br \/>\nTermesztet\u0151 hely T\u00e1bla<br \/>\nM\u00e1rka: SODOLENDAS X NELLY JELLY<br \/>\nNapos hely Igen<br \/>\nA csomagol\u00e1son felt\u00fcntetett nyelvek: EE, LV, LT, EN<br \/>\nT\u00f6meg: 2 g<\/p>\n<\/div>\n<\/div>\n<\/div>\n<\/div>\n<div data-event=\"image_optimizer_hint\" data-settings=\"eyJhY3Rpb25fdXJsIjoiaHR0cHM6XC9cL2NoaWxpbWFnLmh1XC93ZWJzaG9wXC93cC1hZG1pblwvdXBkYXRlLnBocD9hY3Rpb249aW5zdGFsbC1wbHVnaW4mYW1wO3BsdWdpbj1pbWFnZS1vcHRpbWl6YXRpb24mYW1wO193cG5vbmNlPWM3YTRkZDJhMDkifQ==\"><\/div>\n","protected":false},"featured_media":38115,"comment_status":"closed","ping_status":"closed","template":"","meta":[],"product_brand":[],"product_cat":[421],"product_tag":[],"class_list":{"0":"post-38114","1":"product","2":"type-product","3":"status-publish","4":"has-post-thumbnail","6":"product_cat-gyerek-kerteszet","8":"first","9":"instock","10":"taxable","11":"shipping-taxable","12":"purchasable","13":"product-type-simple"},"_links":{"self":[{"href":"https:\/\/chilimag.hu\/webshop\/wp-json\/wp\/v2\/product\/38114","targetHints":{"allow":["GET"]}}],"collection":[{"href":"https:\/\/chilimag.hu\/webshop\/wp-json\/wp\/v2\/product"}],"about":[{"href":"https:\/\/chilimag.hu\/webshop\/wp-json\/wp\/v2\/types\/product"}],"replies":[{"embeddable":true,"href":"https:\/\/chilimag.hu\/webshop\/wp-json\/wp\/v2\/comments?post=38114"}],"wp:featuredmedia":[{"embeddable":true,"href":"https:\/\/chilimag.hu\/webshop\/wp-json\/wp\/v2\/media\/38115"}],"wp:attachment":[{"href":"https:\/\/chilimag.hu\/webshop\/wp-json\/wp\/v2\/media?parent=38114"}],"wp:term":[{"taxonomy":"product_brand","embeddable":true,"href":"https:\/\/chilimag.hu\/webshop\/wp-json\/wp\/v2\/product_brand?post=38114"},{"taxonomy":"product_cat","embeddable":true,"href":"https:\/\/chilimag.hu\/webshop\/wp-json\/wp\/v2\/product_cat?post=38114"},{"taxonomy":"product_tag","embeddable":true,"href":"https:\/\/chilimag.hu\/webshop\/wp-json\/wp\/v2\/product_tag?post=38114"}],"curies":[{"name":"wp","href":"https:\/\/api.w.org\/{rel}","templated":true}]}}