{"id":38109,"date":"2025-09-08T18:14:52","date_gmt":"2025-09-08T18:14:52","guid":{"rendered":"https:\/\/chilimag.hu\/webshop\/?post_type=product&#038;p=38109"},"modified":"2026-02-09T09:45:14","modified_gmt":"2026-02-09T09:45:14","slug":"napraforgo-giganteus-nelly-jelly-sl","status":"publish","type":"product","link":"https:\/\/chilimag.hu\/webshop\/termek\/napraforgo-giganteus-nelly-jelly-sl\/","title":{"rendered":"Napraforg\u00f3 Giganteus Nelly Jelly SL"},"content":{"rendered":"","protected":false},"excerpt":{"rendered":"<div class=\"thumbnail thumbnail-image\"><img decoding=\"async\" draggable=\"false\" src=\"https:\/\/chilimag.hu\/webshop\/wp-content\/uploads\/2025\/09\/vcsPRAsset_4875117_271991_c070a4fb-5e1c-4ae3-8b1c-7f0e1426c050_0-150x150.png\" alt=\"\" \/><\/div>\n<div class=\"details\"><\/div>\n<div class=\"e-hint\">\n<div class=\"e-hint__container\" data-event=\"image_optimizer_hint\">\n<div class=\"elementor-control-notice elementor-control-notice-type-info\" data-display=\"true\">\n<div class=\"elementor-control-notice-main action-handler\" data-event=\"image_optimizer_hint\" data-settings=\"eyJhY3Rpb25fdXJsIjoiaHR0cHM6XC9cL2NoaWxpbWFnLmh1XC93ZWJzaG9wXC93cC1hZG1pblwvdXBkYXRlLnBocD9hY3Rpb249aW5zdGFsbC1wbHVnaW4mYW1wO3BsdWdpbj1pbWFnZS1vcHRpbWl6YXRpb24mYW1wO193cG5vbmNlPWM3YTRkZDJhMDkifQ==\"><strong><strong>Term\u00e9kle\u00edr\u00e1s<\/strong><\/strong>Kiv\u00e9telesen magas, gyorsan n\u00f6v\u0151 vir\u00e1gok. Ak\u00e1r leny\u0171g\u00f6z\u0151 300 cm-esre is megn\u0151hetnek, \u00edgy ezek a napraforg\u00f3k lehet\u0151s\u00e9get adnak a gyerekeknek, hogy k\u00f6zelr\u0151l megfigyelhess\u00e9k intenz\u00edv n\u00f6veked\u00e9s\u00fcket. M\u00e9g a legt\u00fcrelmetlenebb gyerekek sz\u00e1m\u00e1ra is alkalmasak, \u00e9s a vir\u00e1g k\u00fcl\u00f6nleges b\u00e1jt k\u00f6lcs\u00f6n\u00f6z kertj\u00e9nek.<\/p>\n<p>Mennyis\u00e9g csomagonk\u00e9nt 5 g<br \/>\nMagok sz\u00e1ma grammonk\u00e9nt ~20<br \/>\nVet\u00e9si id\u0151 a talajban IV-VI<br \/>\nPal\u00e1nt\u00e1k vet\u00e9si ideje III<br \/>\nT\u00e1p\u00e9rt\u00e9k, cm 30&#215;30<br \/>\nVir\u00e1gz\u00e1si id\u0151szak VII-IX<br \/>\nN\u00f6veked\u00e9si hely: Mez\u0151<br \/>\nM\u00e1rka: SODOLENDAS X NELLY JELLY<br \/>\nNapos hely: Igen<br \/>\nVeget\u00e1ci\u00f3: Egyny\u00e1ri<br \/>\nVir\u00e1g\u00e1gy\u00e1sok termeszt\u00e9s\u00e9re alkalmas<br \/>\nA csomagol\u00e1son tal\u00e1lhat\u00f3 nyelvek: EE, LV, LT, EN<br \/>\nT\u00f6meg: 5 g<\/p>\n<\/div>\n<\/div>\n<div data-event=\"image_optimizer_hint\" data-settings=\"eyJhY3Rpb25fdXJsIjoiaHR0cHM6XC9cL2NoaWxpbWFnLmh1XC93ZWJzaG9wXC93cC1hZG1pblwvdXBkYXRlLnBocD9hY3Rpb249aW5zdGFsbC1wbHVnaW4mYW1wO3BsdWdpbj1pbWFnZS1vcHRpbWl6YXRpb24mYW1wO193cG5vbmNlPWM3YTRkZDJhMDkifQ==\"><\/div>\n<\/div>\n<\/div>\n","protected":false},"featured_media":38110,"comment_status":"closed","ping_status":"closed","template":"","meta":[],"product_brand":[],"product_cat":[421],"product_tag":[],"class_list":{"0":"post-38109","1":"product","2":"type-product","3":"status-publish","4":"has-post-thumbnail","6":"product_cat-gyerek-kerteszet","8":"first","9":"instock","10":"taxable","11":"shipping-taxable","12":"purchasable","13":"product-type-simple"},"_links":{"self":[{"href":"https:\/\/chilimag.hu\/webshop\/wp-json\/wp\/v2\/product\/38109","targetHints":{"allow":["GET"]}}],"collection":[{"href":"https:\/\/chilimag.hu\/webshop\/wp-json\/wp\/v2\/product"}],"about":[{"href":"https:\/\/chilimag.hu\/webshop\/wp-json\/wp\/v2\/types\/product"}],"replies":[{"embeddable":true,"href":"https:\/\/chilimag.hu\/webshop\/wp-json\/wp\/v2\/comments?post=38109"}],"wp:featuredmedia":[{"embeddable":true,"href":"https:\/\/chilimag.hu\/webshop\/wp-json\/wp\/v2\/media\/38110"}],"wp:attachment":[{"href":"https:\/\/chilimag.hu\/webshop\/wp-json\/wp\/v2\/media?parent=38109"}],"wp:term":[{"taxonomy":"product_brand","embeddable":true,"href":"https:\/\/chilimag.hu\/webshop\/wp-json\/wp\/v2\/product_brand?post=38109"},{"taxonomy":"product_cat","embeddable":true,"href":"https:\/\/chilimag.hu\/webshop\/wp-json\/wp\/v2\/product_cat?post=38109"},{"taxonomy":"product_tag","embeddable":true,"href":"https:\/\/chilimag.hu\/webshop\/wp-json\/wp\/v2\/product_tag?post=38109"}],"curies":[{"name":"wp","href":"https:\/\/api.w.org\/{rel}","templated":true}]}}