{"id":38107,"date":"2025-09-08T18:07:50","date_gmt":"2025-09-08T18:07:50","guid":{"rendered":"https:\/\/chilimag.hu\/webshop\/?post_type=product&#038;p=38107"},"modified":"2026-02-06T16:38:29","modified_gmt":"2026-02-06T16:38:29","slug":"szagosbukkony-borsovirag-blue-ripple-z-s-sl","status":"publish","type":"product","link":"https:\/\/chilimag.hu\/webshop\/termek\/szagosbukkony-borsovirag-blue-ripple-z-s-sl\/","title":{"rendered":"Szagosb\u00fckk\u00f6ny Bors\u00f3vir\u00e1g Blue Ripple Z.S SL"},"content":{"rendered":"","protected":false},"excerpt":{"rendered":"<div class=\"thumbnail thumbnail-image\"><img decoding=\"async\" draggable=\"false\" src=\"https:\/\/chilimag.hu\/webshop\/wp-content\/uploads\/2025\/09\/zalia_stotele_2-300x300.png\" alt=\"\" \/><\/div>\n<div><strong>Term\u00e9kle\u00edr\u00e1s<\/strong><\/div>\n<div>\n<p>Blue Ripple<br \/>\nEgyny\u00e1ri, k\u00fasz\u00f3n\u00f6v\u00e9ny, 2\u20132,5 m magasra ny\u00edl\u00f3 vir\u00e1gok. A vir\u00e1gok \u00e9l\u00e9nk sz\u00edn\u0171ek, nagyon dekorat\u00edvak, kellemes illat\u00faak. Napos, sz\u00e9lv\u00e9dett helyeken, humuszban gazdag, m\u0171velt \u00e9s laz\u00edtott talajban 30 cm m\u00e9lys\u00e9gig fejl\u0151dik j\u00f3l. Vet\u00e9s el\u0151tt a magokat cs\u00edr\u00e1ztatni kell, \u00e9s nedves talajba kell vetni. Csom\u00f3kban, 3\u20135 magot csom\u00f3kban, tart\u00f3kra kell vetni. Eg\u00e9sz ny\u00e1ron vir\u00e1gz\u00f3 \u00e9s illatos falat hozhat l\u00e9tre, kis csokrokhoz szedve.<\/p>\n<p>Mennyis\u00e9g csomagonk\u00e9nt 2 g<br \/>\nMagok sz\u00e1ma grammonk\u00e9nt ~10-11<br \/>\nVir\u00e1gz\u00e1si id\u0151szak IV-V<br \/>\nN\u00f6veked\u00e9si hely: Erk\u00e9ly<br \/>\nM\u00e1rka: \u017dalia stotel\u0117<br \/>\nVeget\u00e1ci\u00f3: Egyny\u00e1ri<br \/>\nVir\u00e1g\u00e1gy\u00e1sokba termeszt\u00e9sre alkalmas<br \/>\nT\u00f6meg: 2 g<\/p>\n<\/div>\n<div class=\"details\"><\/div>\n<div class=\"e-hint\">\n<div class=\"e-hint__container\" data-event=\"image_optimizer_hint\">\n<div class=\"elementor-control-notice elementor-control-notice-type-info\" data-display=\"true\">\n<div class=\"elementor-control-notice-main action-handler\" data-event=\"image_optimizer_hint\" data-settings=\"eyJhY3Rpb25fdXJsIjoiaHR0cHM6XC9cL2NoaWxpbWFnLmh1XC93ZWJzaG9wXC93cC1hZG1pblwvdXBkYXRlLnBocD9hY3Rpb249aW5zdGFsbC1wbHVnaW4mYW1wO3BsdWdpbj1pbWFnZS1vcHRpbWl6YXRpb24mYW1wO193cG5vbmNlPWM3YTRkZDJhMDkifQ==\"><\/div>\n<\/div>\n<\/div>\n<\/div>\n","protected":false},"featured_media":38108,"comment_status":"closed","ping_status":"closed","template":"","meta":[],"product_brand":[],"product_cat":[363],"product_tag":[],"class_list":{"0":"post-38107","1":"product","2":"type-product","3":"status-publish","4":"has-post-thumbnail","6":"product_cat-virag-vetomagok-zalia-stotele","8":"first","9":"instock","10":"taxable","11":"shipping-taxable","12":"purchasable","13":"product-type-simple"},"_links":{"self":[{"href":"https:\/\/chilimag.hu\/webshop\/wp-json\/wp\/v2\/product\/38107","targetHints":{"allow":["GET"]}}],"collection":[{"href":"https:\/\/chilimag.hu\/webshop\/wp-json\/wp\/v2\/product"}],"about":[{"href":"https:\/\/chilimag.hu\/webshop\/wp-json\/wp\/v2\/types\/product"}],"replies":[{"embeddable":true,"href":"https:\/\/chilimag.hu\/webshop\/wp-json\/wp\/v2\/comments?post=38107"}],"wp:featuredmedia":[{"embeddable":true,"href":"https:\/\/chilimag.hu\/webshop\/wp-json\/wp\/v2\/media\/38108"}],"wp:attachment":[{"href":"https:\/\/chilimag.hu\/webshop\/wp-json\/wp\/v2\/media?parent=38107"}],"wp:term":[{"taxonomy":"product_brand","embeddable":true,"href":"https:\/\/chilimag.hu\/webshop\/wp-json\/wp\/v2\/product_brand?post=38107"},{"taxonomy":"product_cat","embeddable":true,"href":"https:\/\/chilimag.hu\/webshop\/wp-json\/wp\/v2\/product_cat?post=38107"},{"taxonomy":"product_tag","embeddable":true,"href":"https:\/\/chilimag.hu\/webshop\/wp-json\/wp\/v2\/product_tag?post=38107"}],"curies":[{"name":"wp","href":"https:\/\/api.w.org\/{rel}","templated":true}]}}