{"id":38086,"date":"2025-09-08T04:44:53","date_gmt":"2025-09-08T04:44:53","guid":{"rendered":"https:\/\/chilimag.hu\/webshop\/?post_type=product&#038;p=38086"},"modified":"2026-04-28T05:12:35","modified_gmt":"2026-04-28T05:12:35","slug":"aktiv-tozegkivonat-baltijos-sl","status":"publish","type":"product","link":"https:\/\/chilimag.hu\/webshop\/termek\/aktiv-tozegkivonat-baltijos-sl\/","title":{"rendered":"Akt\u00edv t\u0151zegkivonat Baltijos SL"},"content":{"rendered":"","protected":false},"excerpt":{"rendered":"<p><strong>Term\u00e9kle\u00edr\u00e1s<\/strong><\/p>\n<p><strong>A term\u00e9szetes, biol\u00f3giailag akt\u00edv t\u0151zegkivonat magvak, dugv\u00e1nyok, hajt\u00e1sok, pal\u00e1nt\u00e1k, facsemet\u00e9k \u00e9s \u00e1t\u00fcltetett n\u00f6v\u00e9nyek feldolgoz\u00e1s\u00e1ra szolg\u00e1l. A huminsavak er\u0151sen biol\u00f3giailag akt\u00edvak. Ne l\u00e9pje t\u00fal a megadott norm\u00e1kat. C\u00e9lja: jav\u00edtja a magok cs\u00edr\u00e1z\u00e1s\u00e1t, felgyors\u00edtja \u00e9s jav\u00edtja a dugv\u00e1nyok gy\u00f6keresed\u00e9s\u00e9t, serkenti a gy\u00f6k\u00e9rzet fejl\u0151d\u00e9s\u00e9t. Haszn\u00e1lata: 10 csepp koncentr\u00e1tumot keverjen el 100 ml v\u00edzben. \u00c1ztassa a magokat az oldatban 6-12 \u00f3r\u00e1n \u00e1t. \u00c1ztassa a n\u00f6v\u00e9nyi dugv\u00e1nyok vagy gy\u00f6kerek v\u00e9geit az oldatban 2-3 \u00f3r\u00e1n \u00e1t. \u00d6sszet\u00e9tel: NPK 0,02-&lt;0,001-0,2 (nitrog\u00e9n (N) -0,02%, foszfor-pentoxid (P2O5) &#8211; &lt;0,001%, k\u00e1lium-oxid (K2O) &#8211; 0,2%) szerves anyag &#8211; 1,2% huminsavak -1% pH 8-11,5. Kiszerel\u00e9s: 120 ml. M\u00e1rka BIO AUKSAS<br \/>\n\u0170rtartalom 120 ml<br \/>\nHozz\u00e1vet\u0151legesen 60 l munkaoldathoz elegend\u0151 term\u00e9k<br \/>\nC\u00e9lja: Gy\u00f6k\u00e9rserkent\u0151<br \/>\nKiszerel\u00e9s: 0,12 l<\/strong><\/p>\n<p>&nbsp;<\/p>\n","protected":false},"featured_media":38087,"comment_status":"closed","ping_status":"closed","template":"","meta":[],"product_brand":[],"product_cat":[391],"product_tag":[],"class_list":{"0":"post-38086","1":"product","2":"type-product","3":"status-publish","4":"has-post-thumbnail","6":"product_cat-egyeb-tapoldatok","8":"first","9":"instock","10":"taxable","11":"shipping-taxable","12":"purchasable","13":"product-type-simple"},"_links":{"self":[{"href":"https:\/\/chilimag.hu\/webshop\/wp-json\/wp\/v2\/product\/38086","targetHints":{"allow":["GET"]}}],"collection":[{"href":"https:\/\/chilimag.hu\/webshop\/wp-json\/wp\/v2\/product"}],"about":[{"href":"https:\/\/chilimag.hu\/webshop\/wp-json\/wp\/v2\/types\/product"}],"replies":[{"embeddable":true,"href":"https:\/\/chilimag.hu\/webshop\/wp-json\/wp\/v2\/comments?post=38086"}],"wp:featuredmedia":[{"embeddable":true,"href":"https:\/\/chilimag.hu\/webshop\/wp-json\/wp\/v2\/media\/38087"}],"wp:attachment":[{"href":"https:\/\/chilimag.hu\/webshop\/wp-json\/wp\/v2\/media?parent=38086"}],"wp:term":[{"taxonomy":"product_brand","embeddable":true,"href":"https:\/\/chilimag.hu\/webshop\/wp-json\/wp\/v2\/product_brand?post=38086"},{"taxonomy":"product_cat","embeddable":true,"href":"https:\/\/chilimag.hu\/webshop\/wp-json\/wp\/v2\/product_cat?post=38086"},{"taxonomy":"product_tag","embeddable":true,"href":"https:\/\/chilimag.hu\/webshop\/wp-json\/wp\/v2\/product_tag?post=38086"}],"curies":[{"name":"wp","href":"https:\/\/api.w.org\/{rel}","templated":true}]}}