{"id":38084,"date":"2025-09-08T04:35:47","date_gmt":"2025-09-08T04:35:47","guid":{"rendered":"https:\/\/chilimag.hu\/webshop\/?post_type=product&#038;p=38084"},"modified":"2025-09-08T04:35:47","modified_gmt":"2025-09-08T04:35:47","slug":"mutragya-oldodo-viragoknak-es-disznovenyekhez-150-gr-agr-sl","status":"publish","type":"product","link":"https:\/\/chilimag.hu\/webshop\/termek\/mutragya-oldodo-viragoknak-es-disznovenyekhez-150-gr-agr-sl\/","title":{"rendered":"M\u0171tr\u00e1gya old\u00f3d\u00f3 vir\u00e1goknak \u00e9s d\u00edszn\u00f6v\u00e9nyekhez 150 gr AGR SL"},"content":{"rendered":"","protected":false},"excerpt":{"rendered":"<div class=\"thumbnail thumbnail-image\"><img decoding=\"async\" draggable=\"false\" src=\"https:\/\/chilimag.hu\/webshop\/wp-content\/uploads\/2025\/09\/AGRONOM-Logo-Color-300x171.jpg\" alt=\"\" \/><\/div>\n<div class=\"details\"><\/div>\n<div class=\"e-hint\">\n<div class=\"e-hint__container\" data-event=\"image_optimizer_hint\">\n<div class=\"elementor-control-notice elementor-control-notice-type-info\" data-display=\"true\">\n<div class=\"elementor-control-notice-main action-handler\" data-event=\"image_optimizer_hint\" data-settings=\"eyJhY3Rpb25fdXJsIjoiaHR0cHM6XC9cL2NoaWxpbWFnLmh1XC93ZWJzaG9wXC93cC1hZG1pblwvdXBkYXRlLnBocD9hY3Rpb249aW5zdGFsbC1wbHVnaW4mYW1wO3BsdWdpbj1pbWFnZS1vcHRpbWl6YXRpb24mYW1wO193cG5vbmNlPTAyYWY5YjM2YmMifQ==\"><strong>Term\u00e9kle\u00edr\u00e1s<\/strong><\/div>\n<\/div>\n<\/div>\n<div data-event=\"image_optimizer_hint\" data-settings=\"eyJhY3Rpb25fdXJsIjoiaHR0cHM6XC9cL2NoaWxpbWFnLmh1XC93ZWJzaG9wXC93cC1hZG1pblwvdXBkYXRlLnBocD9hY3Rpb249aW5zdGFsbC1wbHVnaW4mYW1wO3BsdWdpbj1pbWFnZS1vcHRpbWl6YXRpb24mYW1wO193cG5vbmNlPTAyYWY5YjM2YmMifQ==\"><\/div>\n<div class=\"e-hint__container\" data-event=\"image_optimizer_hint\">\n<div class=\"elementor-control-notice elementor-control-notice-type-info\" data-display=\"true\">\n<div data-event=\"image_optimizer_hint\" data-settings=\"eyJhY3Rpb25fdXJsIjoiaHR0cHM6XC9cL2NoaWxpbWFnLmh1XC93ZWJzaG9wXC93cC1hZG1pblwvdXBkYXRlLnBocD9hY3Rpb249aW5zdGFsbC1wbHVnaW4mYW1wO3BsdWdpbj1pbWFnZS1vcHRpbWl6YXRpb24mYW1wO193cG5vbmNlPTAyYWY5YjM2YmMifQ==\">\n<p>Vir\u00e1g- \u00e9s d\u00edszn\u00f6v\u00e9nytr\u00e1gya PFK 1(C)(I)(a)(ii): V\u00edzben old\u00f3d\u00f3 granul\u00e1lt m\u0171tr\u00e1gya vir\u00e1gok, vir\u00e1gos cserj\u00e9k, t\u0171level\u0171ek \u00e9s d\u00edszn\u00f6v\u00e9nyek sz\u00e1m\u00e1ra. \u00d6sszet\u00e9tel: NPK (Mg) 18-11-18 (+2,5)+TE. Haszn\u00e1lati utas\u00edt\u00e1s: V\u00edzben oldva, vet\u00e9s, \u00fcltet\u00e9s vagy akt\u00edv vir\u00e1gz\u00e1s idej\u00e9n alkalmazza. Adagol\u00e1s: \u00d6nt\u00f6z\u00e9shez 5-20 g \/ 10 liter v\u00edzhez. Lombtr\u00e1gy\u00e1z\u00e1shoz 20 g \/ 10 liter v\u00edzhez. A lombtr\u00e1gy\u00e1t +20\u00b0C alatti h\u0151m\u00e9rs\u00e9kleten (reggel, este vagy felh\u0151s napokon) kell kijuttatni. Ker\u00fclje a kijuttat\u00e1st, ha 6 \u00f3r\u00e1n bel\u00fcl es\u0151 v\u00e1rhat\u00f3. Nett\u00f3 t\u00f6meg: 150 g.<\/p>\n<p>M\u00e1rka: AGRONOM<br \/>\nM\u0171tr\u00e1gya szezonalit\u00e1sa: Tavaszi tr\u00e1gy\u00e1z\u00e1s, Ny\u00e1ri tr\u00e1gy\u00e1z\u00e1s<br \/>\nC\u00e9l: D\u00edszn\u00f6v\u00e9nytr\u00e1gya, Vir\u00e1gtr\u00e1gya<br \/>\nKiszerel\u00e9s: 0,15 kg<\/p>\n<\/div>\n<\/div>\n<\/div>\n<\/div>\n","protected":false},"featured_media":38085,"comment_status":"closed","ping_status":"closed","template":"","meta":[],"product_brand":[],"product_cat":[388],"product_tag":[],"class_list":{"0":"post-38084","1":"product","2":"type-product","3":"status-publish","4":"has-post-thumbnail","6":"product_cat-agronom-tapoldatok-es-noveny-apolok","8":"first","9":"instock","10":"taxable","11":"shipping-taxable","12":"purchasable","13":"product-type-simple"},"_links":{"self":[{"href":"https:\/\/chilimag.hu\/webshop\/wp-json\/wp\/v2\/product\/38084","targetHints":{"allow":["GET"]}}],"collection":[{"href":"https:\/\/chilimag.hu\/webshop\/wp-json\/wp\/v2\/product"}],"about":[{"href":"https:\/\/chilimag.hu\/webshop\/wp-json\/wp\/v2\/types\/product"}],"replies":[{"embeddable":true,"href":"https:\/\/chilimag.hu\/webshop\/wp-json\/wp\/v2\/comments?post=38084"}],"wp:featuredmedia":[{"embeddable":true,"href":"https:\/\/chilimag.hu\/webshop\/wp-json\/wp\/v2\/media\/38085"}],"wp:attachment":[{"href":"https:\/\/chilimag.hu\/webshop\/wp-json\/wp\/v2\/media?parent=38084"}],"wp:term":[{"taxonomy":"product_brand","embeddable":true,"href":"https:\/\/chilimag.hu\/webshop\/wp-json\/wp\/v2\/product_brand?post=38084"},{"taxonomy":"product_cat","embeddable":true,"href":"https:\/\/chilimag.hu\/webshop\/wp-json\/wp\/v2\/product_cat?post=38084"},{"taxonomy":"product_tag","embeddable":true,"href":"https:\/\/chilimag.hu\/webshop\/wp-json\/wp\/v2\/product_tag?post=38084"}],"curies":[{"name":"wp","href":"https:\/\/api.w.org\/{rel}","templated":true}]}}