{"id":38080,"date":"2025-09-07T18:15:42","date_gmt":"2025-09-07T18:15:42","guid":{"rendered":"https:\/\/chilimag.hu\/webshop\/?post_type=product&#038;p=38080"},"modified":"2026-04-29T15:21:54","modified_gmt":"2026-04-29T15:21:54","slug":"mesz-granulatum-10-kg-agr-sl","status":"publish","type":"product","link":"https:\/\/chilimag.hu\/webshop\/termek\/mesz-granulatum-10-kg-agr-sl\/","title":{"rendered":"M\u00e9sz granul\u00e1tum 10 kg AGR SL"},"content":{"rendered":"","protected":false},"excerpt":{"rendered":"<div class=\"thumbnail thumbnail-image\"><img decoding=\"async\" class=\"\" draggable=\"false\" src=\"https:\/\/chilimag.hu\/webshop\/wp-content\/uploads\/2025\/09\/AGRONOM-Logo-Color-300x171.jpg\" alt=\"\" width=\"152\" height=\"87\" \/><\/div>\n<div class=\"details\"><\/div>\n<div class=\"e-hint\">\n<div class=\"e-hint__container\" data-event=\"image_optimizer_hint\">\n<div class=\"elementor-control-notice elementor-control-notice-type-info\" data-display=\"true\">\n<h3 class=\"elementor-control-notice-icon\"><strong>Term\u00e9kle\u00edr\u00e1s<\/strong><\/h3>\n<\/div>\n<div><\/div>\n<div class=\"elementor-control-notice elementor-control-notice-type-info\" data-display=\"true\">\n<div class=\"elementor-control-notice-main action-handler\" data-event=\"image_optimizer_hint\" data-settings=\"eyJhY3Rpb25fdXJsIjoiaHR0cHM6XC9cL2NoaWxpbWFnLmh1XC93ZWJzaG9wXC93cC1hZG1pblwvdXBkYXRlLnBocD9hY3Rpb249aW5zdGFsbC1wbHVnaW4mYW1wO3BsdWdpbj1pbWFnZS1vcHRpbWl6YXRpb24mYW1wO193cG5vbmNlPWMwOGM2NWQzMjEifQ==\">\n<p>M\u00e9szgranul\u00e1tum rothaszt\u00e1shoz, z\u00f6lds\u00e9geskerti, \u00fcvegh\u00e1zi \u00e9s kerti talajhoz, k\u00fclt\u00e9ri z\u00f6lds\u00e9gek, vir\u00e1gok \u00e9s kerti vagy d\u00edszn\u00f6v\u00e9nyek, valamint gyep tr\u00e1gy\u00e1z\u00e1s\u00e1hoz. Tr\u00e1gy\u00e1z\u00e1si javaslatok: a c\u00e9lt\u00f3l f\u00fcgg\u0151en minden ir\u00e1nyban sz\u00f3rva vagy lok\u00e1lisan tr\u00e1gy\u00e1zhat\u00f3. Nem alkalmas erik\u00e1hoz \u00e9s acidofil n\u00f6v\u00e9nyekhez. Tr\u00e1gy\u00e1z\u00e1si ar\u00e1ny: vegetat\u00edv st\u00e1dium\u00fa n\u00f6v\u00e9nyek \u2013 50 g\/m2 (5 kg\/\u00e9v); talaj \u00e9s gyep \u2013 100 g\/m2; komposzt\u00e1lhat\u00f3 n\u00f6v\u00e9nyi hullad\u00e9k \u2013 1\u20132 kg\/m3.<\/p>\n<p>PFC 2: MESZEZ\u0150ANYAG, m\u00e9szk\u0151 \u2013 granul\u00e1lt. \u00d6sszet\u00e9tel: kalcium-karbon\u00e1t CaCO3 sz\u00e1raz t\u00f6megben \u2013 91,1%\u00b17,3%. Reakci\u00f3k\u00e9szs\u00e9g: 59,3% \u00b1 8,3%. Teljes kalciumtartalom: CaO 47,7% \u00b1 2,4. Semleges\u00edt\u00e9si \u00e9rt\u00e9k: 54,7% \u00b1 6,0%. Nedvess\u00e9gtartalom: 8,9%\u00b10,6%. Frakci\u00f3m\u00e9ret: 3-3-6 mm \u2013 86,7\u00b10,9%; Nedves szit\u00e1l\u00e1s 1 mm-es p\u00f3rusm\u00e9ret\u0171 szit\u00e1n \u2013 96,1\u00b11,0%.<\/p>\n<p>M\u00e1rka AGRONOM<br \/>\nM\u0171tr\u00e1gya t\u00edpusa: \u00d6mlesztett<br \/>\nM\u0171tr\u00e1gya szezonalit\u00e1sa: \u0150szi tr\u00e1gy\u00e1z\u00e1s, T\u00e9li tr\u00e1gy\u00e1z\u00e1s<br \/>\nKiszerel\u00e9s: 10 kg<\/p>\n<\/div>\n<\/div>\n<\/div>\n<\/div>\n","protected":false},"featured_media":38081,"comment_status":"closed","ping_status":"closed","template":"","meta":[],"product_brand":[],"product_cat":[388,466],"product_tag":[],"class_list":{"0":"post-38080","1":"product","2":"type-product","3":"status-publish","4":"has-post-thumbnail","6":"product_cat-agronom-tapoldatok-es-noveny-apolok","7":"product_cat-talaj-javitok-es-takarok","9":"first","10":"instock","11":"taxable","12":"shipping-taxable","13":"purchasable","14":"product-type-simple"},"_links":{"self":[{"href":"https:\/\/chilimag.hu\/webshop\/wp-json\/wp\/v2\/product\/38080","targetHints":{"allow":["GET"]}}],"collection":[{"href":"https:\/\/chilimag.hu\/webshop\/wp-json\/wp\/v2\/product"}],"about":[{"href":"https:\/\/chilimag.hu\/webshop\/wp-json\/wp\/v2\/types\/product"}],"replies":[{"embeddable":true,"href":"https:\/\/chilimag.hu\/webshop\/wp-json\/wp\/v2\/comments?post=38080"}],"wp:featuredmedia":[{"embeddable":true,"href":"https:\/\/chilimag.hu\/webshop\/wp-json\/wp\/v2\/media\/38081"}],"wp:attachment":[{"href":"https:\/\/chilimag.hu\/webshop\/wp-json\/wp\/v2\/media?parent=38080"}],"wp:term":[{"taxonomy":"product_brand","embeddable":true,"href":"https:\/\/chilimag.hu\/webshop\/wp-json\/wp\/v2\/product_brand?post=38080"},{"taxonomy":"product_cat","embeddable":true,"href":"https:\/\/chilimag.hu\/webshop\/wp-json\/wp\/v2\/product_cat?post=38080"},{"taxonomy":"product_tag","embeddable":true,"href":"https:\/\/chilimag.hu\/webshop\/wp-json\/wp\/v2\/product_tag?post=38080"}],"curies":[{"name":"wp","href":"https:\/\/api.w.org\/{rel}","templated":true}]}}