{"id":38076,"date":"2025-09-07T18:04:56","date_gmt":"2025-09-07T18:04:56","guid":{"rendered":"https:\/\/chilimag.hu\/webshop\/?post_type=product&#038;p=38076"},"modified":"2025-09-07T18:04:56","modified_gmt":"2025-09-07T18:04:56","slug":"noveny-apoloszer-rovarok-atkak-pajzstetvekre-055l-sumin-sl","status":"publish","type":"product","link":"https:\/\/chilimag.hu\/webshop\/termek\/noveny-apoloszer-rovarok-atkak-pajzstetvekre-055l-sumin-sl\/","title":{"rendered":"N\u00f6v\u00e9ny \u00e1pol\u00f3szer rovarok atk\u00e1k, pajzstetvekre 0,55l Sumin SL"},"content":{"rendered":"","protected":false},"excerpt":{"rendered":"<div class=\"thumbnail thumbnail-image\"><img decoding=\"async\" draggable=\"false\" src=\"https:\/\/chilimag.hu\/webshop\/wp-content\/uploads\/2025\/09\/res_91c29db10084c27c8e2a3172634793e8-300x300.jpg\" alt=\"\" \/><\/div>\n<div class=\"thumbnail thumbnail-image\"><strong style=\"font-size: 16px;\">Term\u00e9kle\u00edr\u00e1s<\/strong><\/div>\n<div>\n<p>SUMIN LASER RTU<br \/>\nFelhaszn\u00e1l\u00e1si c\u00e9l: Haszn\u00e1latra k\u00e9sz, term\u00e9szetes, teljes n\u00f6v\u00e9nyi \u00e1pol\u00f3szer a n\u00f6v\u00e9nyt k\u00e1ros\u00edt\u00f3 rovarok \u00e9s atk\u00e1k irt\u00e1s\u00e1ra. Mechanikusan elpuszt\u00edtja a n\u00f6v\u00e9nyi k\u00e1rtev\u0151ket. A LASER RTU permetez\u00e9se v\u00e9kony ragaszt\u00f3r\u00e9teget k\u00e9pez a n\u00f6v\u00e9ny fel\u00fclet\u00e9n, amely mozg\u00e1sk\u00e9ptelenn\u00e9 teszi a k\u00e1rtev\u0151ket. Ennek eredm\u00e9nyek\u00e9nt l\u00e9tfontoss\u00e1g\u00fa tev\u00e9kenys\u00e9geik korl\u00e1tozottak, k\u00fcl\u00f6n\u00f6sen mozg\u00e1suk, t\u00e1pl\u00e1lkoz\u00e1suk \u00e9s szaporod\u00e1suk akad\u00e1lyozott. Az eszk\u00f6z alternat\u00edv vagy kieg\u00e9sz\u00edt\u0151 eszk\u00f6zk\u00e9nt haszn\u00e1lhat\u00f3 rovarirt\u00f3 \u00e9s\/vagy atka\u00f6l\u0151 szerekkel szemben. A term\u00e9k nem min\u0151s\u00fcl vesz\u00e9lyesnek. \u00d6sszetev\u0151i nem min\u0151s\u00fclnek vesz\u00e9lyesnek, \u00e9s a jelenlegi el\u0151\u00edr\u00e1sok szerint nem szerepelnek a vesz\u00e9lyes anyagok list\u00e1j\u00e1n. Haszn\u00e1lat: rendszeresen (pl. 7-10 naponta) b\u0151s\u00e9gesen \u00e9s alaposan permetezze a n\u00f6v\u00e9nyeket, amikor a leveg\u0151 h\u0151m\u00e9rs\u00e9klete nem haladja meg a +25\u00b0C-ot. A permetez\u00e9s ut\u00e1ni pihen\u0151id\u0151 &#8211; 3 \u00f3ra. Nincs t\u00fcrelmi id\u0151. \u00d6sszetev\u0151k: Caamelia sativa-b\u00f3l kinyert term\u00e9szetes n\u00f6v\u00e9nyi olaj oldata. Kiszerel\u00e9s &#8211; 550 ml.<\/p>\n<p>M\u00e1rka Sumin<br \/>\nKiszerel\u00e9s 0,55 l<\/p>\n<\/div>\n<div class=\"e-hint\">\n<div class=\"e-hint__container\" data-event=\"image_optimizer_hint\">\n<div class=\"elementor-control-notice elementor-control-notice-type-info\" data-display=\"true\">\n<div data-event=\"image_optimizer_hint\" data-settings=\"eyJhY3Rpb25fdXJsIjoiaHR0cHM6XC9cL2NoaWxpbWFnLmh1XC93ZWJzaG9wXC93cC1hZG1pblwvdXBkYXRlLnBocD9hY3Rpb249aW5zdGFsbC1wbHVnaW4mYW1wO3BsdWdpbj1pbWFnZS1vcHRpbWl6YXRpb24mYW1wO193cG5vbmNlPWMwOGM2NWQzMjEifQ==\"><\/div>\n<\/div>\n<\/div>\n<\/div>\n","protected":false},"featured_media":38077,"comment_status":"closed","ping_status":"closed","template":"","meta":[],"product_brand":[],"product_cat":[391],"product_tag":[],"class_list":{"0":"post-38076","1":"product","2":"type-product","3":"status-publish","4":"has-post-thumbnail","6":"product_cat-egyeb-tapoldatok","8":"first","9":"instock","10":"taxable","11":"shipping-taxable","12":"purchasable","13":"product-type-simple"},"_links":{"self":[{"href":"https:\/\/chilimag.hu\/webshop\/wp-json\/wp\/v2\/product\/38076","targetHints":{"allow":["GET"]}}],"collection":[{"href":"https:\/\/chilimag.hu\/webshop\/wp-json\/wp\/v2\/product"}],"about":[{"href":"https:\/\/chilimag.hu\/webshop\/wp-json\/wp\/v2\/types\/product"}],"replies":[{"embeddable":true,"href":"https:\/\/chilimag.hu\/webshop\/wp-json\/wp\/v2\/comments?post=38076"}],"wp:featuredmedia":[{"embeddable":true,"href":"https:\/\/chilimag.hu\/webshop\/wp-json\/wp\/v2\/media\/38077"}],"wp:attachment":[{"href":"https:\/\/chilimag.hu\/webshop\/wp-json\/wp\/v2\/media?parent=38076"}],"wp:term":[{"taxonomy":"product_brand","embeddable":true,"href":"https:\/\/chilimag.hu\/webshop\/wp-json\/wp\/v2\/product_brand?post=38076"},{"taxonomy":"product_cat","embeddable":true,"href":"https:\/\/chilimag.hu\/webshop\/wp-json\/wp\/v2\/product_cat?post=38076"},{"taxonomy":"product_tag","embeddable":true,"href":"https:\/\/chilimag.hu\/webshop\/wp-json\/wp\/v2\/product_tag?post=38076"}],"curies":[{"name":"wp","href":"https:\/\/api.w.org\/{rel}","templated":true}]}}