{"id":38071,"date":"2025-09-07T17:53:31","date_gmt":"2025-09-07T17:53:31","guid":{"rendered":"https:\/\/chilimag.hu\/webshop\/?post_type=product&#038;p=38071"},"modified":"2025-09-07T17:53:31","modified_gmt":"2025-09-07T17:53:31","slug":"gyep-mutragya-4-kg-agr-sl","status":"publish","type":"product","link":"https:\/\/chilimag.hu\/webshop\/termek\/gyep-mutragya-4-kg-agr-sl\/","title":{"rendered":"Gyep m\u0171tr\u00e1gya 4 kg AGR SL"},"content":{"rendered":"","protected":false},"excerpt":{"rendered":"<div class=\"thumbnail thumbnail-image\"><img decoding=\"async\" draggable=\"false\" src=\"https:\/\/chilimag.hu\/webshop\/wp-content\/uploads\/2025\/09\/AGRONOM-Logo-Color-300x171.jpg\" alt=\"\" \/><\/div>\n<div class=\"details\"><\/div>\n<div class=\"e-hint\">\n<div class=\"e-hint__container\" data-event=\"image_optimizer_hint\">\n<div class=\"elementor-control-notice elementor-control-notice-type-info\" data-display=\"true\">\n<div class=\"elementor-control-notice-main action-handler\" data-event=\"image_optimizer_hint\" data-settings=\"eyJhY3Rpb25fdXJsIjoiaHR0cHM6XC9cL2NoaWxpbWFnLmh1XC93ZWJzaG9wXC93cC1hZG1pblwvdXBkYXRlLnBocD9hY3Rpb249aW5zdGFsbC1wbHVnaW4mYW1wO3BsdWdpbj1pbWFnZS1vcHRpbWl6YXRpb24mYW1wO193cG5vbmNlPWMwOGM2NWQzMjEifQ==\"><strong><strong>Term\u00e9kle\u00edr\u00e1s<\/strong><\/strong>GYEPTR\u00c1GYA<\/p>\n<p>PFC 1(C)(I)(a)(ii) \u00d6SSZETETT SZIL\u00c1RD SZERVETLEN MAKRO\u00c1TAMOS M\u0170TR\u00c1GYA.<\/p>\n<p>Tartalomnyilatkozat NPK (S) 18-8-8 (+35). \u00d6sszes nitrog\u00e9n (N) &#8211; 18% (amm\u00f3nia-nitrog\u00e9n (N-NH4) \u2013 15,5%, karbamid-nitrog\u00e9n (N-NH2) &#8211; 2,5%); \u00d6sszes foszfor-pentoxid (P2O5) &#8211; 8% (semleges amm\u00f3nium-citr\u00e1tban old\u00f3dik \u2013 8%, v\u00edzben old\u00f3dik &#8211; 7%); K\u00e1lium-oxid (K2O) v\u00edzben old\u00f3dik &#8211; 8%; K\u00e9n-trioxid (SO3) v\u00edzben old\u00f3dik &#8211; 35%. \u00d6sszetev\u0151k. Amm\u00f3nium-szulf\u00e1t1 CAS sz\u00e1m: 7783-20-2; diamm\u00f3nium-hidrog\u00e9n-ortofoszf\u00e1t1 CAS sz\u00e1m: 7783-28-0; k\u00e1lium-klorid1 (7447-40-7); karbamid1 (CAS 57-13-6). CMC 1. Sz\u0171zanyag-tartalm\u00fa anyagok \u00e9s kever\u00e9kek. Szemcsem\u00e9ret. Szemcs\u00e9k, 95%-ban 2-5 mm-es frakci\u00f3. Haszn\u00e1lati utas\u00edt\u00e1s. A m\u0171tr\u00e1gy\u00e1k gyepek \u00e9s kerti n\u00f6v\u00e9nyek tr\u00e1gy\u00e1z\u00e1s\u00e1ra szolg\u00e1lnak. Sz\u00fcks\u00e9g szerint tr\u00e1gy\u00e1zza minden ir\u00e1nyban sz\u00f3rva vagy lok\u00e1lisan. Tr\u00e1gy\u00e1z\u00e1s ut\u00e1n \u00f6nt\u00f6zze. Az aj\u00e1nlott mennyis\u00e9ggel 1-3 alkalommal tr\u00e1gy\u00e1zza. A tr\u00e1gy\u00e1z\u00e1sok sz\u00e1ma a n\u00f6v\u00e9nyek vegetat\u00edv ig\u00e9nyeit\u0151l, a tr\u00e1gy\u00e1z\u00e1si id\u0151t\u0151l \u00e9s a talaj t\u00e1panyagtartalm\u00e1t\u00f3l f\u00fcgg. Vet\u00e9s el\u0151tt, vet\u00e9ssel egy\u00fctt, a veget\u00e1ci\u00f3s id\u0151szak elej\u00e9n tr\u00e1gy\u00e1zza. M\u00e1skor pr\u00f3b\u00e1lja meg az akt\u00edv n\u00f6veked\u00e9s sor\u00e1n tr\u00e1gy\u00e1zni. Alkalmaz\u00e1si mennyis\u00e9g: gyep telep\u00edt\u00e9sekor \u2013 30-40 g\/m2; fiatal gyep \u2013 40 g\/m2; \u00e9rett gyep \u2013 30 g\/m2 (tavasszal, a veget\u00e1ci\u00f3 kezdet\u00e9n) \u00e9s 20 g\/m2 (14-21 naponta 2-3 alkalommal az akt\u00edv veget\u00e1ci\u00f3s id\u0151szakban); kerti n\u00f6v\u00e9nyek \u2013 30\u2013100 g\/m2. Csak akkor haszn\u00e1lja, ha felismerte a tr\u00e1gya sz\u00fcks\u00e9gess\u00e9g\u00e9t! Ne l\u00e9pje t\u00fal a megadott mennyis\u00e9geket! Aj\u00e1nlott t\u00e1rol\u00e1si felt\u00e9telek. Gyermekekt\u0151l elz\u00e1rva tartand\u00f3 (P102). Ruh\u00e1t\u00f3l, vegyszerekt\u0151l \u00e9s \u00e9ghet\u0151 anyagokt\u00f3l t\u00e1vol tartand\u00f3 (t\u00e1rolva) (P220). Sz\u00e1raz \u00e9s j\u00f3l szell\u0151z\u0151 helyen t\u00e1roland\u00f3 (P402+P403). Biztons\u00e1gi \u00e9s k\u00f6rnyezeti inform\u00e1ci\u00f3k. M\u0171tr\u00e1gy\u00e1k haszn\u00e1latakor aj\u00e1nlott betartani az \u00e1ltal\u00e1nos higi\u00e9niai k\u00f6vetelm\u00e9nyeket. S\u00falyos szemirrit\u00e1ci\u00f3t okoz (H319). Haszn\u00e1lat ut\u00e1n alaposan mosson kezet szappannal (P264). Viseljen v\u00e9d\u0151keszty\u0171t, v\u00e9d\u0151ruh\u00e1zatot, haszn\u00e1ljon szem- (arc-) v\u00e9d\u0151t (P280). SZEMBE KER\u00dcL\u00c9S ESET\u00c9N: azonnal alaposan \u00f6bl\u00edtse ki foly\u00f3 v\u00edzzel t\u00f6bb percig; t\u00e1vol\u00edtsa el a kontaktlencs\u00e9ket, ha van, \u00e9s ha k\u00f6nnyen megoldhat\u00f3; folytassa a szemmos\u00e1st; ha a szemirrit\u00e1ci\u00f3 tov\u00e1bbra is fenn\u00e1ll: forduljon orvoshoz (P305+P351+P338+ P337+P313). A tartalom\/ed\u00e9ny elhelyez\u00e9se hullad\u00e9kk\u00e9nt a helyi el\u0151\u00edr\u00e1soknak megfelel\u0151en (P501). Tov\u00e1bbi inform\u00e1ci\u00f3k. Ezek a m\u0171tr\u00e1gy\u00e1k karbamidot tartalmaznak, amely amm\u00f3ni\u00e1t szabad\u00edthat fel \u00e9s befoly\u00e1solhatja a leveg\u0151 min\u0151s\u00e9g\u00e9t. A helyi k\u00f6r\u00fclm\u00e9nyekt\u0151l f\u00fcgg\u0151en megfelel\u0151 korrekci\u00f3s int\u00e9zked\u00e9seket kell tenni. M\u00e1rka AGRONOM<br \/>\nM\u0171tr\u00e1gya t\u00edpusa \u00d6mlesztett<br \/>\nM\u0171tr\u00e1gya szezonalit\u00e1sa Tavaszi m\u0171tr\u00e1gy\u00e1z\u00e1s, Ny\u00e1ri m\u0171tr\u00e1gy\u00e1z\u00e1s<br \/>\nKiszerel\u00e9s 4 KG<\/p>\n<\/div>\n<\/div>\n<div data-event=\"image_optimizer_hint\" data-settings=\"eyJhY3Rpb25fdXJsIjoiaHR0cHM6XC9cL2NoaWxpbWFnLmh1XC93ZWJzaG9wXC93cC1hZG1pblwvdXBkYXRlLnBocD9hY3Rpb249aW5zdGFsbC1wbHVnaW4mYW1wO3BsdWdpbj1pbWFnZS1vcHRpbWl6YXRpb24mYW1wO193cG5vbmNlPWMwOGM2NWQzMjEifQ==\"><\/div>\n<\/div>\n<\/div>\n","protected":false},"featured_media":38072,"comment_status":"closed","ping_status":"closed","template":"","meta":[],"product_brand":[],"product_cat":[388],"product_tag":[],"class_list":{"0":"post-38071","1":"product","2":"type-product","3":"status-publish","4":"has-post-thumbnail","6":"product_cat-agronom-tapoldatok-es-noveny-apolok","8":"first","9":"instock","10":"taxable","11":"shipping-taxable","12":"purchasable","13":"product-type-simple"},"_links":{"self":[{"href":"https:\/\/chilimag.hu\/webshop\/wp-json\/wp\/v2\/product\/38071","targetHints":{"allow":["GET"]}}],"collection":[{"href":"https:\/\/chilimag.hu\/webshop\/wp-json\/wp\/v2\/product"}],"about":[{"href":"https:\/\/chilimag.hu\/webshop\/wp-json\/wp\/v2\/types\/product"}],"replies":[{"embeddable":true,"href":"https:\/\/chilimag.hu\/webshop\/wp-json\/wp\/v2\/comments?post=38071"}],"wp:featuredmedia":[{"embeddable":true,"href":"https:\/\/chilimag.hu\/webshop\/wp-json\/wp\/v2\/media\/38072"}],"wp:attachment":[{"href":"https:\/\/chilimag.hu\/webshop\/wp-json\/wp\/v2\/media?parent=38071"}],"wp:term":[{"taxonomy":"product_brand","embeddable":true,"href":"https:\/\/chilimag.hu\/webshop\/wp-json\/wp\/v2\/product_brand?post=38071"},{"taxonomy":"product_cat","embeddable":true,"href":"https:\/\/chilimag.hu\/webshop\/wp-json\/wp\/v2\/product_cat?post=38071"},{"taxonomy":"product_tag","embeddable":true,"href":"https:\/\/chilimag.hu\/webshop\/wp-json\/wp\/v2\/product_tag?post=38071"}],"curies":[{"name":"wp","href":"https:\/\/api.w.org\/{rel}","templated":true}]}}