{"id":38069,"date":"2025-09-07T17:47:57","date_gmt":"2025-09-07T17:47:57","guid":{"rendered":"https:\/\/chilimag.hu\/webshop\/?post_type=product&#038;p=38069"},"modified":"2026-01-21T07:35:33","modified_gmt":"2026-01-21T07:35:33","slug":"tapoldat-leveldisznovenyekhez-agr-sl","status":"publish","type":"product","link":"https:\/\/chilimag.hu\/webshop\/termek\/tapoldat-leveldisznovenyekhez-agr-sl\/","title":{"rendered":"T\u00e1poldat lev\u00e9ld\u00edszn\u00f6v\u00e9nyekhez 1l AGR SL"},"content":{"rendered":"","protected":false},"excerpt":{"rendered":"<div class=\"thumbnail thumbnail-image\"><img decoding=\"async\" draggable=\"false\" src=\"https:\/\/chilimag.hu\/webshop\/wp-content\/uploads\/2025\/09\/AGRONOM-Logo-Color-300x171.jpg\" alt=\"\" \/><\/div>\n<div class=\"details\"><strong>Term\u00e9kle\u00edr\u00e1s<\/strong><\/div>\n<div>\n<p>LEV\u00c9L N\u00d6V\u00c9NYTR\u00c1GYA<br \/>\nGazdag z\u00f6ld \u00e9s d\u00fas levelek.<br \/>\nFoly\u00e9kony m\u0171tr\u00e1gya leveles \u00e9s d\u00edszn\u00f6v\u00e9nyekhez \u2013 ide\u00e1lis szoban\u00f6v\u00e9nyekhez \u00e9s k\u00fclt\u00e9ri d\u00edszn\u00f6v\u00e9nyekhez. A kiegyens\u00falyozott NPK (3-6-6) \u00e9s mikrot\u00e1panyagokban gazdag formula eg\u00e9szs\u00e9ges n\u00f6veked\u00e9st \u00e9s \u00e9l\u00e9nk leveleket biztos\u00edt.<br \/>\nMagas nitrog\u00e9ntartalom (N \u2013 10%) \u2013 el\u0151seg\u00edti a d\u00fas lombozatot \u00e9s biztos\u00edtja a n\u00f6v\u00e9nyek eg\u00e9szs\u00e9g\u00e9t az eg\u00e9sz szezonban.<\/p>\n<p>Magn\u00e9zium (MgO \u2013 1,5%) \u2013 l\u00e9tfontoss\u00e1g\u00fa a n\u00f6v\u00e9nyek vitalit\u00e1s\u00e1hoz \u00e9s klorofilltermel\u00e9s\u00e9hez.<\/p>\n<p>Kel\u00e1tk\u00f6t\u00e9s\u0171 mikrot\u00e1panyagok (Cu, Zn, Mo) \u2013 seg\u00edtik a n\u00f6v\u00e9nyeket a t\u00e1panyagok gyors \u00e9s hat\u00e9kony felsz\u00edv\u00f3d\u00e1s\u00e1ban, er\u0151s\u00edtik az immunit\u00e1st \u00e9s t\u00e1mogatj\u00e1k a hossz\u00fa veget\u00e1ci\u00f3s id\u0151szakot.<\/p>\n<p>Alacsony kadmium- \u00e9s kloridtartalom \u2013 biztons\u00e1gos belt\u00e9ri, k\u00fclt\u00e9ri \u00e9s k\u00f6rnyezettudatos kert\u00e9szked\u00e9shez.<\/p>\n<p>M\u00e1rka AGRONOM<br \/>\nM\u0171tr\u00e1gya t\u00edpusa Foly\u00e9kony<br \/>\nM\u0171tr\u00e1gya szezonalit\u00e1sa Eg\u00e9sz \u00e9ves tr\u00e1gy\u00e1z\u00e1s<br \/>\nC\u00e9lja D\u00edszn\u00f6v\u00e9nytr\u00e1gya, Lev\u00e9ln\u00f6v\u00e9nytr\u00e1gya<br \/>\nKiszerel\u00e9s 1 l<\/p>\n<\/div>\n<div><\/div>\n<div class=\"e-hint\">\n<div class=\"e-hint__container\" data-event=\"image_optimizer_hint\">\n<div class=\"elementor-control-notice elementor-control-notice-type-info\" data-display=\"true\">\n<div class=\"elementor-control-notice-icon\"><\/div>\n<div class=\"elementor-control-notice-main action-handler\" data-event=\"image_optimizer_hint\" data-settings=\"eyJhY3Rpb25fdXJsIjoiaHR0cHM6XC9cL2NoaWxpbWFnLmh1XC93ZWJzaG9wXC93cC1hZG1pblwvdXBkYXRlLnBocD9hY3Rpb249aW5zdGFsbC1wbHVnaW4mYW1wO3BsdWdpbj1pbWFnZS1vcHRpbWl6YXRpb24mYW1wO193cG5vbmNlPWMwOGM2NWQzMjEifQ==\"><\/div>\n<\/div>\n<\/div>\n<\/div>\n","protected":false},"featured_media":38070,"comment_status":"closed","ping_status":"closed","template":"","meta":[],"product_brand":[],"product_cat":[388],"product_tag":[],"class_list":{"0":"post-38069","1":"product","2":"type-product","3":"status-publish","4":"has-post-thumbnail","6":"product_cat-agronom-tapoldatok-es-noveny-apolok","8":"first","9":"instock","10":"taxable","11":"shipping-taxable","12":"purchasable","13":"product-type-simple"},"_links":{"self":[{"href":"https:\/\/chilimag.hu\/webshop\/wp-json\/wp\/v2\/product\/38069","targetHints":{"allow":["GET"]}}],"collection":[{"href":"https:\/\/chilimag.hu\/webshop\/wp-json\/wp\/v2\/product"}],"about":[{"href":"https:\/\/chilimag.hu\/webshop\/wp-json\/wp\/v2\/types\/product"}],"replies":[{"embeddable":true,"href":"https:\/\/chilimag.hu\/webshop\/wp-json\/wp\/v2\/comments?post=38069"}],"wp:featuredmedia":[{"embeddable":true,"href":"https:\/\/chilimag.hu\/webshop\/wp-json\/wp\/v2\/media\/38070"}],"wp:attachment":[{"href":"https:\/\/chilimag.hu\/webshop\/wp-json\/wp\/v2\/media?parent=38069"}],"wp:term":[{"taxonomy":"product_brand","embeddable":true,"href":"https:\/\/chilimag.hu\/webshop\/wp-json\/wp\/v2\/product_brand?post=38069"},{"taxonomy":"product_cat","embeddable":true,"href":"https:\/\/chilimag.hu\/webshop\/wp-json\/wp\/v2\/product_cat?post=38069"},{"taxonomy":"product_tag","embeddable":true,"href":"https:\/\/chilimag.hu\/webshop\/wp-json\/wp\/v2\/product_tag?post=38069"}],"curies":[{"name":"wp","href":"https:\/\/api.w.org\/{rel}","templated":true}]}}