{"id":38057,"date":"2025-09-07T17:24:42","date_gmt":"2025-09-07T17:24:42","guid":{"rendered":"https:\/\/chilimag.hu\/webshop\/?post_type=product&#038;p=38057"},"modified":"2025-09-07T17:24:42","modified_gmt":"2025-09-07T17:24:42","slug":"schultz-paradicsom-es-zoldseg-tragya-350-g","status":"publish","type":"product","link":"https:\/\/chilimag.hu\/webshop\/termek\/schultz-paradicsom-es-zoldseg-tragya-350-g\/","title":{"rendered":"SCHULTZ paradicsom \u00e9s z\u00f6lds\u00e9g tr\u00e1gya 350 G"},"content":{"rendered":"","protected":false},"excerpt":{"rendered":"<p><strong>Term\u00e9kle\u00edr\u00e1s<\/strong><\/p>\n<p>SCHULTZ \u00a0N\u00f6v\u00e9ny t\u00e1p (Paradicsomhoz \u00e9s z\u00f6lds\u00e9gekhez)<\/p>\n<p>11-11-34+4MgO+mikrot\u00e1panyagok<\/p>\n<p>T\u00f6k\u00e9letesen kiegyens\u00falyozott pr\u00e9mium m\u0171tr\u00e1gya, amelyet kifejezetten paradicsom \u00e9s minden z\u00f6lds\u00e9g sz\u00e1m\u00e1ra fejlesztettek ki. Egyedi \u00edz\u0171 paradicsomot, ubork\u00e1t, paprik\u00e1t, s\u00e1rgar\u00e9p\u00e1t, retket, hagym\u00e1t, sal\u00e1t\u00e1t, bors\u00f3t, t\u00f6k\u00f6t \u00e9s sal\u00e1t\u00e1t fogsz termeszteni! Ide\u00e1lis paradicsom-, uborka-, paprika- \u00e9s egy\u00e9b z\u00f6lds\u00e9gpal\u00e1nt\u00e1k termeszt\u00e9s\u00e9hez. El\u0151seg\u00edti a gyors \u00e9s teljes n\u00f6veked\u00e9st, a b\u0151s\u00e9ges vir\u00e1gz\u00e1st, a gyorsabb term\u00e9sn\u00f6veked\u00e9st \u00e9s a jobb \u00edzt. Az \u00e1t\u00fcltet\u00e9s ut\u00e1n azonnali \u00f6nt\u00f6z\u00e9st javasoljuk, mivel a m\u0171tr\u00e1gya mikrot\u00e1panyag-gazdags\u00e1ga seg\u00edti az \u00e1t\u00fcltetett n\u00f6v\u00e9nyek n\u00f6veked\u00e9s\u00e9t.<\/p>\n<p>HASZN\u00c1LAT. Bel\u00fcl egy te\u00e1skan\u00e1lnyi adagol\u00f3 tal\u00e1lhat\u00f3 (\u00bc te\u00e1skan\u00e1lnyi mennyis\u00e9gnek felel meg).<\/p>\n<p>CS\u00cdR\u00c1Z\u00d3 \u00c9S \u00c1T\u00dcLTETETT N\u00d6V\u00c9NYEKHEZ:<\/p>\n<p>1 te\u00e1skan\u00e1l m\u0171tr\u00e1gya 3 liter v\u00edzhez<\/p>\n<p>Z\u00d6LDS\u00c9GEKHEZ:<\/p>\n<p>1 te\u00e1skan\u00e1l m\u0171tr\u00e1gya liter v\u00edzhez<\/p>\n<p>Oldja fel a port v\u00edzben. Az elk\u00e9sz\u00edtett oldatot \u00f6nt\u00f6zze a n\u00f6v\u00e9nyekre. Eg\u00e9sz \u00e9vben haszn\u00e1lhat\u00f3. 7-14 naponta tr\u00e1gy\u00e1zza. Amikor a n\u00f6v\u00e9nyek akt\u00edvan n\u00f6vekednek, minden \u00f6nt\u00f6z\u00e9skor haszn\u00e1lhat\u00f3. Az \u00e1llag, a sz\u00edn vagy a forma v\u00e1ltoz\u00e1sa nem cs\u00f6kkenti a hat\u00e9konys\u00e1got!<\/p>\n<p>EK M\u0170TR\u00c1GY\u00c1K. B.1.1 &#8211; NPK m\u0171tr\u00e1gy\u00e1k. Mikroelemeket tartalmaz.<\/p>\n<p>M\u00e1rka: SCHULTZ GARDEN<br \/>\nM\u0171tr\u00e1gya t\u00edpusa: Oldhat\u00f3<br \/>\nM\u0171tr\u00e1gya szezonalit\u00e1sa: Ny\u00e1ri m\u0171tr\u00e1gy\u00e1z\u00e1s, Tavaszi m\u0171tr\u00e1gy\u00e1z\u00e1s<br \/>\nC\u00e9l: Univerz\u00e1lis m\u0171tr\u00e1gya, Paradicsomtr\u00e1gya<br \/>\nKiszerel\u00e9s: 0,35 kg<br \/>\nNPK 11-11-34+4MgO<\/p>\n<p>&nbsp;<\/p>\n","protected":false},"featured_media":38058,"comment_status":"closed","ping_status":"closed","template":"","meta":[],"product_brand":[],"product_cat":[391],"product_tag":[],"class_list":{"0":"post-38057","1":"product","2":"type-product","3":"status-publish","4":"has-post-thumbnail","6":"product_cat-egyeb-tapoldatok","8":"first","9":"instock","10":"taxable","11":"shipping-taxable","12":"purchasable","13":"product-type-simple"},"_links":{"self":[{"href":"https:\/\/chilimag.hu\/webshop\/wp-json\/wp\/v2\/product\/38057","targetHints":{"allow":["GET"]}}],"collection":[{"href":"https:\/\/chilimag.hu\/webshop\/wp-json\/wp\/v2\/product"}],"about":[{"href":"https:\/\/chilimag.hu\/webshop\/wp-json\/wp\/v2\/types\/product"}],"replies":[{"embeddable":true,"href":"https:\/\/chilimag.hu\/webshop\/wp-json\/wp\/v2\/comments?post=38057"}],"wp:featuredmedia":[{"embeddable":true,"href":"https:\/\/chilimag.hu\/webshop\/wp-json\/wp\/v2\/media\/38058"}],"wp:attachment":[{"href":"https:\/\/chilimag.hu\/webshop\/wp-json\/wp\/v2\/media?parent=38057"}],"wp:term":[{"taxonomy":"product_brand","embeddable":true,"href":"https:\/\/chilimag.hu\/webshop\/wp-json\/wp\/v2\/product_brand?post=38057"},{"taxonomy":"product_cat","embeddable":true,"href":"https:\/\/chilimag.hu\/webshop\/wp-json\/wp\/v2\/product_cat?post=38057"},{"taxonomy":"product_tag","embeddable":true,"href":"https:\/\/chilimag.hu\/webshop\/wp-json\/wp\/v2\/product_tag?post=38057"}],"curies":[{"name":"wp","href":"https:\/\/api.w.org\/{rel}","templated":true}]}}