{"id":38050,"date":"2025-09-07T16:59:43","date_gmt":"2025-09-07T16:59:43","guid":{"rendered":"https:\/\/chilimag.hu\/webshop\/?post_type=product&#038;p=38050"},"modified":"2026-01-30T19:20:26","modified_gmt":"2026-01-30T19:20:26","slug":"tapoldat-paradicsom-es-zoldseghez-12l-agr-sl","status":"publish","type":"product","link":"https:\/\/chilimag.hu\/webshop\/termek\/tapoldat-paradicsom-es-zoldseghez-12l-agr-sl\/","title":{"rendered":"T\u00e1poldat Paradicsom \u00e9s z\u00f6lds\u00e9ghez 1L AGR SL"},"content":{"rendered":"","protected":false},"excerpt":{"rendered":"<div class=\"thumbnail thumbnail-image\"><img decoding=\"async\" draggable=\"false\" src=\"https:\/\/chilimag.hu\/webshop\/wp-content\/uploads\/2025\/09\/AGRONOM-Logo-Color-300x171.jpg\" alt=\"\" \/><\/div>\n<div class=\"details\"><strong>Term\u00e9kle\u00edr\u00e1s<\/strong><\/div>\n<div>\n<p>PARADICSOM- \u00c9S Z\u00d6LDS\u00c9GTR\u00c1GYA<br \/>\nEr\u0151s gy\u00f6kerek, b\u0151s\u00e9ges term\u00e9s.<\/p>\n<p>Fedezze fel a kiegyens\u00falyozott professzion\u00e1lis formul\u00e1t \u2013 \u00faj foly\u00e9kony komplex m\u0171tr\u00e1gya paradicsom, paprika, uborka \u00e9s m\u00e1s z\u00f6lds\u00e9gek sz\u00e1m\u00e1ra, hogy maximaliz\u00e1lja a n\u00f6v\u00e9nyek potenci\u00e1lj\u00e1t tavaszt\u00f3l \u0151szig.<\/p>\n<p>Kiegyens\u00falyozott NPK (5-3-7) \u2013 t\u00f6k\u00e9letesen a z\u00f6lds\u00e9gek ig\u00e9nyeihez igaz\u00edtva:<br \/>\n\u2022 Nitrog\u00e9n (N) \u2013 az er\u0151teljes n\u00f6veked\u00e9s\u00e9rt \u00e9s az eg\u00e9szs\u00e9ges gy\u00f6kerek\u00e9rt<br \/>\n\u2022 Foszfor (P) \u2013 t\u00e1mogatja a gy\u00f6k\u00e9r- \u00e9s vir\u00e1gk\u00e9pz\u0151d\u00e9st<br \/>\n\u2022 K\u00e1lium (K) \u2013 fokozza a gy\u00fcm\u00f6lcs\u00f6k \u00e9dess\u00e9g\u00e9t, kem\u00e9nys\u00e9g\u00e9t \u00e9s min\u0151s\u00e9g\u00e9t<br \/>\nKel\u00e1tk\u00f6t\u00e9s\u0171 mikrot\u00e1panyagok (Fe, Mn, Zn, Cu \u2013 EDTA) \u2013 seg\u00edtik a n\u00f6v\u00e9nyeket a t\u00e1panyagok jobb felsz\u00edv\u00f3d\u00e1s\u00e1ban m\u00e9g az ide\u00e1lisn\u00e1l kedvez\u0151tlen pH-viszonyok mellett is. Ez er\u0151sebb immunit\u00e1shoz, betegs\u00e9gekkel szembeni ellen\u00e1ll\u00e1shoz \u00e9s \u00e9l\u00e9nk sz\u00ednhez vezet.<\/p>\n<p>Oldhat\u00f3 magn\u00e9zium (MgO) \u2013 elengedhetetlen a klorofill szint\u00e9zis\u00e9hez, ami eg\u00e9szs\u00e9ges z\u00f6ld leveleket \u00e9s min\u0151s\u00e9gi gy\u00fcm\u00f6lcs\u00f6ket eredm\u00e9nyez.<\/p>\n<p>Alacsony klorid- \u00e9s kadmiumtartalom \u2013 biztons\u00e1gos a professzion\u00e1lis \u00e9s otthoni kert\u00e9szek sz\u00e1m\u00e1ra.<\/p>\n<p>M\u00e1rka AGRONOM<br \/>\nM\u0171tr\u00e1gya t\u00edpusa Foly\u00e9kony<br \/>\nM\u0171tr\u00e1gya szezonalit\u00e1sa Tavaszi tr\u00e1gy\u00e1z\u00e1s, Ny\u00e1ri tr\u00e1gy\u00e1z\u00e1s<br \/>\nC\u00e9lja Paradicsomtr\u00e1gya, Z\u00f6lds\u00e9gtr\u00e1gya<br \/>\nKiszerel\u00e9s 1 L<\/p>\n<\/div>\n<div class=\"e-hint\">\n<div class=\"e-hint__container\" data-event=\"image_optimizer_hint\">\n<div class=\"elementor-control-notice elementor-control-notice-type-info\" data-display=\"true\">\n<div class=\"elementor-control-notice-icon\"><\/div>\n<div class=\"elementor-control-notice-main action-handler\" data-event=\"image_optimizer_hint\" data-settings=\"eyJhY3Rpb25fdXJsIjoiaHR0cHM6XC9cL2NoaWxpbWFnLmh1XC93ZWJzaG9wXC93cC1hZG1pblwvdXBkYXRlLnBocD9hY3Rpb249aW5zdGFsbC1wbHVnaW4mYW1wO3BsdWdpbj1pbWFnZS1vcHRpbWl6YXRpb24mYW1wO193cG5vbmNlPWMwOGM2NWQzMjEifQ==\"><\/div>\n<\/div>\n<\/div>\n<\/div>\n","protected":false},"featured_media":38051,"comment_status":"closed","ping_status":"closed","template":"","meta":[],"product_brand":[],"product_cat":[388],"product_tag":[],"class_list":{"0":"post-38050","1":"product","2":"type-product","3":"status-publish","4":"has-post-thumbnail","6":"product_cat-agronom-tapoldatok-es-noveny-apolok","8":"first","9":"instock","10":"taxable","11":"shipping-taxable","12":"purchasable","13":"product-type-simple"},"_links":{"self":[{"href":"https:\/\/chilimag.hu\/webshop\/wp-json\/wp\/v2\/product\/38050","targetHints":{"allow":["GET"]}}],"collection":[{"href":"https:\/\/chilimag.hu\/webshop\/wp-json\/wp\/v2\/product"}],"about":[{"href":"https:\/\/chilimag.hu\/webshop\/wp-json\/wp\/v2\/types\/product"}],"replies":[{"embeddable":true,"href":"https:\/\/chilimag.hu\/webshop\/wp-json\/wp\/v2\/comments?post=38050"}],"wp:featuredmedia":[{"embeddable":true,"href":"https:\/\/chilimag.hu\/webshop\/wp-json\/wp\/v2\/media\/38051"}],"wp:attachment":[{"href":"https:\/\/chilimag.hu\/webshop\/wp-json\/wp\/v2\/media?parent=38050"}],"wp:term":[{"taxonomy":"product_brand","embeddable":true,"href":"https:\/\/chilimag.hu\/webshop\/wp-json\/wp\/v2\/product_brand?post=38050"},{"taxonomy":"product_cat","embeddable":true,"href":"https:\/\/chilimag.hu\/webshop\/wp-json\/wp\/v2\/product_cat?post=38050"},{"taxonomy":"product_tag","embeddable":true,"href":"https:\/\/chilimag.hu\/webshop\/wp-json\/wp\/v2\/product_tag?post=38050"}],"curies":[{"name":"wp","href":"https:\/\/api.w.org\/{rel}","templated":true}]}}