{"id":38042,"date":"2025-09-07T16:37:17","date_gmt":"2025-09-07T16:37:17","guid":{"rendered":"https:\/\/chilimag.hu\/webshop\/?post_type=product&#038;p=38042"},"modified":"2026-03-12T08:38:01","modified_gmt":"2026-03-12T08:38:01","slug":"viragfold-eperhez-es-bogyos-gyumolcsokhoz-sl","status":"publish","type":"product","link":"https:\/\/chilimag.hu\/webshop\/termek\/viragfold-eperhez-es-bogyos-gyumolcsokhoz-sl\/","title":{"rendered":"Vir\u00e1gf\u00f6ld eperhez \u00e9s bogy\u00f3s gy\u00fcm\u00f6lcs\u00f6kh\u00f6z 40 l SL"},"content":{"rendered":"","protected":false},"excerpt":{"rendered":"<div class=\"thumbnail thumbnail-image\"><img decoding=\"async\" draggable=\"false\" src=\"https:\/\/chilimag.hu\/webshop\/wp-content\/uploads\/2025\/09\/AGRONOM-Logo-Color-300x171.jpg\" alt=\"\" \/><\/div>\n<div class=\"details\"><\/div>\n<div class=\"e-hint\">\n<div class=\"e-hint__container\" data-event=\"image_optimizer_hint\">\n<div class=\"elementor-control-notice elementor-control-notice-type-info\" data-display=\"true\">\n<div class=\"elementor-control-notice-main action-handler\" data-event=\"image_optimizer_hint\" data-settings=\"eyJhY3Rpb25fdXJsIjoiaHR0cHM6XC9cL2NoaWxpbWFnLmh1XC93ZWJzaG9wXC93cC1hZG1pblwvdXBkYXRlLnBocD9hY3Rpb249aW5zdGFsbC1wbHVnaW4mYW1wO3BsdWdpbj1pbWFnZS1vcHRpbWl6YXRpb24mYW1wO193cG5vbmNlPWMwOGM2NWQzMjEifQ==\">\n<p><strong><strong>Term\u00e9kle\u00edr\u00e1s<\/strong><\/strong>C\u00e9lja: vil\u00e1gos \u00e9s s\u00f6t\u00e9t t\u0151zeg kever\u00e9ke, perlittel, hossz\u00fa hat\u00f3anyag-lead\u00e1s\u00fa szerves tr\u00e1gy\u00e1kkal \u00e9s gy\u00f6k\u00e9rn\u00f6veszt\u0151vel kieg\u00e9sz\u00edtve, eper- \u00e9s erdei szam\u00f3ca n\u00f6v\u00e9nyek, valamint m\u00e1s bogy\u00f3s cserj\u00e9k termeszt\u00e9s\u00e9hez, \u00e1t\u00fcltet\u00e9s\u00e9hez \u00e9s szapor\u00edt\u00e1s\u00e1hoz, kieg\u00e9sz\u00edtve \u00e9s jav\u00edtva a kerti talajt a talajtakar\u00f3hoz. A t\u0151zegkever\u00e9kben tal\u00e1lhat\u00f3 szerves tr\u00e1gya ak\u00e1r 3 h\u00f3napig is t\u00e1panyagot biztos\u00edt a n\u00f6v\u00e9nyeknek, a gy\u00f6k\u00e9rn\u00f6veszt\u0151 pedig seg\u00edti az eper- vagy bogy\u00f3s cserjepal\u00e1nt\u00e1k gyorsabb \u00e9s k\u00f6nnyebb megteleped\u00e9s\u00e9t \u00e9s n\u00f6veked\u00e9s\u00e9t. Az aljzatkieg\u00e9sz\u00edt\u0151k n\u00f6velik a n\u00f6v\u00e9nyek erej\u00e9t \u00e9s term\u00e9kenys\u00e9g\u00e9t, \u00edgy a veget\u00e1ci\u00f3s id\u0151szakban kevesebb tov\u00e1bbi tr\u00e1gy\u00e1z\u00e1sra van sz\u00fcks\u00e9g. A perlit vulk\u00e1ni anyag megk\u00f6ti a nedvess\u00e9get \u00e9s n\u00f6veli a t\u0151zegkever\u00e9k l\u00e9g\u00e1tereszt\u0151 k\u00e9pess\u00e9g\u00e9t.<\/p>\n<p>Haszn\u00e1lati javaslatok: Az eper- vagy bogy\u00f3s cserjepal\u00e1nt\u00e1k \u00fcltet\u00e9se el\u0151tt a t\u0151zeges aljzatot leveg\u0151ztetni \u00e9s nedves\u00edteni kell. Eper- vagy bogy\u00f3s cserjepal\u00e1nt\u00e1k \u00e1t\u00fcltet\u00e9se cser\u00e9pbe, sz\u00e1nt\u00f3f\u00f6ldre vagy magas\u00e1gy\u00e1sba: k\u00e9sz\u00edtsen egy lyukat, \u00e9s t\u00f6ltse fel t\u0151zegkever\u00e9kkel, \u00fcltesse el a pal\u00e1nt\u00e1t vagy a facsemet\u00e9t, \u00e9s alaposan \u00f6nt\u00f6zze meg. N\u00f6veked\u00e9si k\u00f6zeg:<br \/>\nF.1.1.1.3 T\u0151zegterm\u00e9k szerves tr\u00e1gy\u00e1val<br \/>\nParam\u00e9terek: \u00f6sszes nitrog\u00e9n (N) 1,5%, P2O5 0,4%, K2O 0,7%, sz\u00e1razanyag 76,9%, foszfor (P) 0,5%, k\u00e1lium (K) 0,6%, kalcium (Ca) 3,3%, magn\u00e9zium (Mg) 0,9%, szerves sz\u00e9n (Corg) 48,2%, (pHKCl) 6,3-7, elektromos vezet\u0151k\u00e9pess\u00e9g (EC mS\/cm) 0,9, fizikai forma \u2013 laza, t\u00f6lt\u00e9si t\u00e9rfogat csomagol\u00e1s k\u00f6zben 40 l, frakci\u00f3 1-10 mm, szervesanyag-tartalom 0,4%.<br \/>\nSzennyez\u0151d\u00e9sek: legfeljebb 5 mm \u00e1tm\u00e9r\u0151j\u0171 szil\u00e1rd term\u00e9szetes szennyez\u0151d\u00e9sek (k\u00f6vek stb.) \u2013 nem tal\u00e1lhat\u00f3k, szil\u00e1rd term\u00e9szetellenes szennyez\u0151d\u00e9sek (m\u0171anyag, f\u00e9m stb.) \u2013 nem tal\u00e1lhat\u00f3k. Kadmium (Cd) &lt; 0,6 mg\/kg, hat vegy\u00e9rt\u00e9k\u0171 kr\u00f3m (Cr VI) &lt; 0,1 mg\/kg, higany (Hg) &lt; 0,2 mg\/kg, nikkel (Ni) &lt; 6,3 mg\/kg, \u00f3lom (Pb) &lt; 8,2 mg\/kg, arz\u00e9n (As) &lt; 1,9 mg\/kg, r\u00e9z (Cu) &lt; 10,6 mg\/kg, cink (Zn) &lt; 56,3 mg\/kg, Salmonella spp. \u2013 nem tal\u00e1lhat\u00f3, Escherichia coli \u00e9s Enterococcaceae t\u00edpusok &lt; 1000\/g. \u00d6sszet\u00e9tel: 30% t\u0151zeg H2-H4, 70% durp\u0117s H4-H6, NPK 14-16-18 m\u0171tr\u00e1gya 1,5 kg\/m\u00b3, szerves tr\u00e1gya 2 kg\/m\u00b3, gy\u00f6keresed\u00e9st serkent\u0151 szer 1 kg\/m\u00b3, m\u00e9szk\u0151 4 kg\/m\u00b3, perlit 100 l\/m\u00b3<\/p>\n<p>M\u00e1rka: AGRONOM<br \/>\nC\u00e9l: Univerz\u00e1lis<br \/>\nKiszerel\u00e9s: 40 l<\/p>\n<\/div>\n<\/div>\n<\/div>\n<\/div>\n<div data-event=\"image_optimizer_hint\" data-settings=\"eyJhY3Rpb25fdXJsIjoiaHR0cHM6XC9cL2NoaWxpbWFnLmh1XC93ZWJzaG9wXC93cC1hZG1pblwvdXBkYXRlLnBocD9hY3Rpb249aW5zdGFsbC1wbHVnaW4mYW1wO3BsdWdpbj1pbWFnZS1vcHRpbWl6YXRpb24mYW1wO193cG5vbmNlPWMwOGM2NWQzMjEifQ==\"><\/div>\n","protected":false},"featured_media":38043,"comment_status":"closed","ping_status":"closed","template":"","meta":[],"product_brand":[],"product_cat":[371],"product_tag":[],"class_list":{"0":"post-38042","1":"product","2":"type-product","3":"status-publish","4":"has-post-thumbnail","6":"product_cat-seklos-lt-tozegek","8":"first","9":"instock","10":"taxable","11":"shipping-taxable","12":"purchasable","13":"product-type-simple"},"_links":{"self":[{"href":"https:\/\/chilimag.hu\/webshop\/wp-json\/wp\/v2\/product\/38042","targetHints":{"allow":["GET"]}}],"collection":[{"href":"https:\/\/chilimag.hu\/webshop\/wp-json\/wp\/v2\/product"}],"about":[{"href":"https:\/\/chilimag.hu\/webshop\/wp-json\/wp\/v2\/types\/product"}],"replies":[{"embeddable":true,"href":"https:\/\/chilimag.hu\/webshop\/wp-json\/wp\/v2\/comments?post=38042"}],"wp:featuredmedia":[{"embeddable":true,"href":"https:\/\/chilimag.hu\/webshop\/wp-json\/wp\/v2\/media\/38043"}],"wp:attachment":[{"href":"https:\/\/chilimag.hu\/webshop\/wp-json\/wp\/v2\/media?parent=38042"}],"wp:term":[{"taxonomy":"product_brand","embeddable":true,"href":"https:\/\/chilimag.hu\/webshop\/wp-json\/wp\/v2\/product_brand?post=38042"},{"taxonomy":"product_cat","embeddable":true,"href":"https:\/\/chilimag.hu\/webshop\/wp-json\/wp\/v2\/product_cat?post=38042"},{"taxonomy":"product_tag","embeddable":true,"href":"https:\/\/chilimag.hu\/webshop\/wp-json\/wp\/v2\/product_tag?post=38042"}],"curies":[{"name":"wp","href":"https:\/\/api.w.org\/{rel}","templated":true}]}}