{"id":38010,"date":"2025-09-07T05:12:00","date_gmt":"2025-09-07T05:12:00","guid":{"rendered":"https:\/\/chilimag.hu\/webshop\/?post_type=product&#038;p=38010"},"modified":"2026-01-07T20:29:05","modified_gmt":"2026-01-07T20:29:05","slug":"38010","status":"publish","type":"product","link":"https:\/\/chilimag.hu\/webshop\/termek\/38010\/","title":{"rendered":"Vet\u0151k\u00e9szlet 37,5&#215;23,5x6cm SL"},"content":{"rendered":"","protected":false},"excerpt":{"rendered":"<p><strong>Term\u00e9kle\u00edr\u00e1s<\/strong><\/p>\n<p>Vet\u0151mag kezd\u0151k\u00e9szlet, m\u00e9rete 37,5&#215;23,5x6cm, tartalma: (1) 2 db fekete m\u0171anyag t\u00e1lca; (2) + 2 db \u00e1tl\u00e1tsz\u00f3 m\u0171anyag fed\u00e9l; (3) + 4 db pap\u00edrt\u00e1lca 2&#215;5 cell\u00e1s t\u00e1lc\u00e1val, 22&#215;8,5&#215;5,5cm, alj\u00e1n lyuk n\u00e9lk\u00fcl; (4) + 40 db 6 cm-es n\u00e9gyzet alak\u00fa pap\u00edrcserep 4 lyukkal az alj\u00e1n; (5) + 50 db m\u0171anyag T-alak\u00fa c\u00edmke; (6) + 1 db mini m\u0171anyag magadagol\u00f3, k\u00f6r\u00fclbel\u00fcl 12,5&#215;6,8&#215;1,5cm m\u00e9retben; (7) + 1 db m\u0171anyag \u00edv; (8) + 1 db m\u0171anyag \u00edv;<\/p>\n<p>&nbsp;<\/p>\n<p>&nbsp;<\/p>\n","protected":false},"featured_media":38011,"comment_status":"closed","ping_status":"closed","template":"","meta":[],"product_brand":[],"product_cat":[336],"product_tag":[],"class_list":{"0":"post-38010","1":"product","2":"type-product","3":"status-publish","4":"has-post-thumbnail","6":"product_cat-vetotalcak-ulteto-cserepek-es-palanta-nevelok","8":"first","9":"instock","10":"taxable","11":"shipping-taxable","12":"purchasable","13":"product-type-simple"},"_links":{"self":[{"href":"https:\/\/chilimag.hu\/webshop\/wp-json\/wp\/v2\/product\/38010","targetHints":{"allow":["GET"]}}],"collection":[{"href":"https:\/\/chilimag.hu\/webshop\/wp-json\/wp\/v2\/product"}],"about":[{"href":"https:\/\/chilimag.hu\/webshop\/wp-json\/wp\/v2\/types\/product"}],"replies":[{"embeddable":true,"href":"https:\/\/chilimag.hu\/webshop\/wp-json\/wp\/v2\/comments?post=38010"}],"wp:featuredmedia":[{"embeddable":true,"href":"https:\/\/chilimag.hu\/webshop\/wp-json\/wp\/v2\/media\/38011"}],"wp:attachment":[{"href":"https:\/\/chilimag.hu\/webshop\/wp-json\/wp\/v2\/media?parent=38010"}],"wp:term":[{"taxonomy":"product_brand","embeddable":true,"href":"https:\/\/chilimag.hu\/webshop\/wp-json\/wp\/v2\/product_brand?post=38010"},{"taxonomy":"product_cat","embeddable":true,"href":"https:\/\/chilimag.hu\/webshop\/wp-json\/wp\/v2\/product_cat?post=38010"},{"taxonomy":"product_tag","embeddable":true,"href":"https:\/\/chilimag.hu\/webshop\/wp-json\/wp\/v2\/product_tag?post=38010"}],"curies":[{"name":"wp","href":"https:\/\/api.w.org\/{rel}","templated":true}]}}