{"id":37988,"date":"2025-09-06T18:25:25","date_gmt":"2025-09-06T18:25:25","guid":{"rendered":"https:\/\/chilimag.hu\/webshop\/?post_type=product&#038;p=37988"},"modified":"2025-09-06T18:25:25","modified_gmt":"2025-09-06T18:25:25","slug":"juta-zsak-60x90-cm-sl","status":"publish","type":"product","link":"https:\/\/chilimag.hu\/webshop\/termek\/juta-zsak-60x90-cm-sl\/","title":{"rendered":"Juta zs\u00e1k 60&#215;90 cm SL"},"content":{"rendered":"","protected":false},"excerpt":{"rendered":"<p><strong>Term\u00e9kle\u00edr\u00e1s<\/strong><\/p>\n<p><strong>Nat\u00far sz\u00edn\u0171 juta n\u00f6v\u00e9nytakar\u00f3, amely v\u00e9d a hideg, a sz\u00e9l, a fagy \u00e9s a nap ellen. Sz\u00e9less\u00e9g 60 cm, magass\u00e1g 90 cm.<\/strong><\/p>\n<p>&nbsp;<\/p>\n","protected":false},"featured_media":37990,"comment_status":"closed","ping_status":"closed","template":"","meta":[],"product_brand":[],"product_cat":[342],"product_tag":[],"class_list":{"0":"post-37988","1":"product","2":"type-product","3":"status-publish","4":"has-post-thumbnail","6":"product_cat-egyeb-kerti-termekek","8":"first","9":"instock","10":"taxable","11":"shipping-taxable","12":"purchasable","13":"product-type-simple"},"_links":{"self":[{"href":"https:\/\/chilimag.hu\/webshop\/wp-json\/wp\/v2\/product\/37988","targetHints":{"allow":["GET"]}}],"collection":[{"href":"https:\/\/chilimag.hu\/webshop\/wp-json\/wp\/v2\/product"}],"about":[{"href":"https:\/\/chilimag.hu\/webshop\/wp-json\/wp\/v2\/types\/product"}],"replies":[{"embeddable":true,"href":"https:\/\/chilimag.hu\/webshop\/wp-json\/wp\/v2\/comments?post=37988"}],"wp:featuredmedia":[{"embeddable":true,"href":"https:\/\/chilimag.hu\/webshop\/wp-json\/wp\/v2\/media\/37990"}],"wp:attachment":[{"href":"https:\/\/chilimag.hu\/webshop\/wp-json\/wp\/v2\/media?parent=37988"}],"wp:term":[{"taxonomy":"product_brand","embeddable":true,"href":"https:\/\/chilimag.hu\/webshop\/wp-json\/wp\/v2\/product_brand?post=37988"},{"taxonomy":"product_cat","embeddable":true,"href":"https:\/\/chilimag.hu\/webshop\/wp-json\/wp\/v2\/product_cat?post=37988"},{"taxonomy":"product_tag","embeddable":true,"href":"https:\/\/chilimag.hu\/webshop\/wp-json\/wp\/v2\/product_tag?post=37988"}],"curies":[{"name":"wp","href":"https:\/\/api.w.org\/{rel}","templated":true}]}}