{"id":37982,"date":"2025-09-06T18:11:52","date_gmt":"2025-09-06T18:11:52","guid":{"rendered":"https:\/\/chilimag.hu\/webshop\/?post_type=product&#038;p=37982"},"modified":"2025-09-07T14:53:41","modified_gmt":"2025-09-07T14:53:41","slug":"fa-vedohalo-60x110-cm-sl","status":"publish","type":"product","link":"https:\/\/chilimag.hu\/webshop\/termek\/fa-vedohalo-60x110-cm-sl\/","title":{"rendered":"Fa v\u00e9d\u0151h\u00e1l\u00f3 60&#215;110 cm SL"},"content":{"rendered":"","protected":false},"excerpt":{"rendered":"<p><strong>Term\u00e9kle\u00edr\u00e1s<\/strong><\/p>\n<p>Kiv\u00e1l\u00f3 min\u0151s\u00e9g\u0171, tart\u00f3s m\u0171anyagb\u00f3l k\u00e9sz\u00fclt fav\u00e9d\u0151, amelyet a fiatal f\u00e1k v\u00e9delm\u00e9re terveztek.<\/p>\n<p>Magass\u00e1g: 110 cm<br \/>\n\u00c1tm\u00e9r\u0151: 6 cm<br \/>\nEz a fav\u00e9d\u0151 kiv\u00e1l\u00f3 \u00e9s megfizethet\u0151 v\u00e1laszt\u00e1s f\u00e1i v\u00e9delm\u00e9re, mik\u00f6zben lehet\u0151v\u00e9 teszi sz\u00e1mukra a vir\u00e1gz\u00e1st.<\/p>\n<p>M\u00e1rka: INTERMAS<\/p>\n<p>&nbsp;<\/p>\n","protected":false},"featured_media":37983,"comment_status":"closed","ping_status":"closed","template":"","meta":[],"product_brand":[],"product_cat":[340],"product_tag":[],"class_list":{"0":"post-37982","1":"product","2":"type-product","3":"status-publish","4":"has-post-thumbnail","6":"product_cat-kartevo-csapdak","8":"first","9":"outofstock","10":"taxable","11":"shipping-taxable","12":"purchasable","13":"product-type-simple"},"_links":{"self":[{"href":"https:\/\/chilimag.hu\/webshop\/wp-json\/wp\/v2\/product\/37982","targetHints":{"allow":["GET"]}}],"collection":[{"href":"https:\/\/chilimag.hu\/webshop\/wp-json\/wp\/v2\/product"}],"about":[{"href":"https:\/\/chilimag.hu\/webshop\/wp-json\/wp\/v2\/types\/product"}],"replies":[{"embeddable":true,"href":"https:\/\/chilimag.hu\/webshop\/wp-json\/wp\/v2\/comments?post=37982"}],"wp:featuredmedia":[{"embeddable":true,"href":"https:\/\/chilimag.hu\/webshop\/wp-json\/wp\/v2\/media\/37983"}],"wp:attachment":[{"href":"https:\/\/chilimag.hu\/webshop\/wp-json\/wp\/v2\/media?parent=37982"}],"wp:term":[{"taxonomy":"product_brand","embeddable":true,"href":"https:\/\/chilimag.hu\/webshop\/wp-json\/wp\/v2\/product_brand?post=37982"},{"taxonomy":"product_cat","embeddable":true,"href":"https:\/\/chilimag.hu\/webshop\/wp-json\/wp\/v2\/product_cat?post=37982"},{"taxonomy":"product_tag","embeddable":true,"href":"https:\/\/chilimag.hu\/webshop\/wp-json\/wp\/v2\/product_tag?post=37982"}],"curies":[{"name":"wp","href":"https:\/\/api.w.org\/{rel}","templated":true}]}}